{"id":437,"date":"2019-08-08T05:53:47","date_gmt":"2019-08-08T03:53:47","guid":{"rendered":"http:\/\/awarenessuniversity.ch\/?page_id=437"},"modified":"2021-10-27T11:44:19","modified_gmt":"2021-10-27T09:44:19","slug":"decouvrir-ses-talents","status":"publish","type":"page","link":"https:\/\/awarenessuniversity.ch\/index.php\/decouvrir-ses-talents\/","title":{"rendered":"D\u00e9couvrir ses talents"},"content":{"rendered":"<h5 style=\"text-align: left;\"><span style=\"color: #800000;\"><strong>D\u00e9couvrir ses talents et r\u00e9inventer sa vie<\/strong><\/span><\/h5>\n<p>Dans cet atelier vous trouverez les clefs essentielles pour <strong>se connecter \u00e0 soi<\/strong>&nbsp;et&nbsp;<strong>d\u00e9couvrir ses talents<\/strong>&nbsp;pour &nbsp;les utiliser \u00e0&nbsp;<strong>atteindre vos objectifs.<\/strong> En d\u00e9couvrant vos talents et en apprenant \u00e0 gerer vos peurs, vous pourrez &nbsp;<strong>r\u00e9ussir vos objectifs &nbsp;avec succ\u00e8s pr\u00e9visible.<\/strong><\/p>\n<p>Un programme p\u00e9dagogique, des exemples et moments de partage en bin\u00f4me et\/ou en groupe auront lieu durant tout l\u2019atelier.<\/p>\n<p>Le d\u00e9roulement:<\/p>\n<p>Nous d\u00e9butons cet atelier samedi matin \u00e0 6h30 &nbsp;avec une <strong>m\u00e9ditation active<\/strong> pour faire un travail de lib\u00e9ration \u00e9motionnelle et de centrage pour percevoir mieux nos besoins. Nous poursuivrons par la <strong>clarification de nos valeurs<\/strong> et les <strong>objectifs les plus importants<\/strong>.&nbsp; Une <strong>m\u00e9ditation guid\u00e9e<\/strong> servira de rem\u00e9moration et lib\u00e9ration des personnages, h\u00e9ros, fables, dessins anim\u00e9s qui nous habitaient ou nous avaient inspiraient dans notre enfance.<\/p>\n<p>Dans un deuxi\u00e8me temps, nous aurons des moments d\u2019introspections avec des <strong>exercices et activit\u00e9s<\/strong> favorables \u00e0<em>&nbsp;la d\u00e9couverte des talents<\/em>. Un temps sera d\u00e9di\u00e9 pour effectuer un <strong>test d\u00e9tecteur de talents<\/strong> sur internet (19.-$ avec une carte de cr\u00e9dit).<\/p>\n<p>Nous aurons une <strong>phase d\u2019enracinement<\/strong> et l\u2019apprentissage pour la gestion de nos points faibles et <strong>la gestion des 5 peurs<\/strong> les plus fr\u00e9quentes en lien avec le d\u00e9veloppement de nos points forts.<\/p>\n<p>Toutes ces exp\u00e9riences serviront de source d\u2019inspiration et base pour la derni\u00e8re \u00e9tape qui consistera \u00e0 <strong>identifier les strat\u00e9gies<\/strong> pour r\u00e9ussir vos objectifs et r\u00e9orienter sa vie selon vos ressources fondamentales.<\/p>\n<p>Formatrice&nbsp;: <strong>Aurika Ursu<\/strong><\/p>\n<p style=\"text-align: right;\"><strong>Prix pour 2 jours : CHF &nbsp;300.-<\/strong><\/p>\n<h2><span style=\"color: #800000;\"><em>Places limit\u00e9es. Envoyez-nous un \u00e9mail en mentionnant le titre de l\u2019atelier et votre d\u00e9sir de participation<\/em><em>.<\/em><\/span><\/h2>\n","protected":false},"excerpt":{"rendered":"<p>D\u00e9couvrir ses talents et r\u00e9inventer sa vie Dans cet atelier vous trouverez les clefs essentielles pour se connecter \u00e0 soi&nbsp;et&nbsp;d\u00e9couvrir ses talents&nbsp;pour &nbsp;les utiliser \u00e0&nbsp;atteindre vos objectifs. En d\u00e9couvrant vos talents et en apprenant \u00e0 gerer vos peurs, vous pourrez <a class=\"more-link\" href=\"https:\/\/awarenessuniversity.ch\/index.php\/decouvrir-ses-talents\/\">Lire plus &#8230;<\/a><\/p>\n","protected":false},"author":1,"featured_media":0,"parent":0,"menu_order":0,"comment_status":"closed","ping_status":"closed","template":"","meta":{"footnotes":""},"class_list":["post-437","page","type-page","status-publish","hentry"],"_links":{"self":[{"href":"https:\/\/awarenessuniversity.ch\/index.php\/wp-json\/wp\/v2\/pages\/437","targetHints":{"allow":["GET"]}}],"collection":[{"href":"https:\/\/awarenessuniversity.ch\/index.php\/wp-json\/wp\/v2\/pages"}],"about":[{"href":"https:\/\/awarenessuniversity.ch\/index.php\/wp-json\/wp\/v2\/types\/page"}],"author":[{"embeddable":true,"href":"https:\/\/awarenessuniversity.ch\/index.php\/wp-json\/wp\/v2\/users\/1"}],"replies":[{"embeddable":true,"href":"https:\/\/awarenessuniversity.ch\/index.php\/wp-json\/wp\/v2\/comments?post=437"}],"version-history":[{"count":8,"href":"https:\/\/awarenessuniversity.ch\/index.php\/wp-json\/wp\/v2\/pages\/437\/revisions"}],"predecessor-version":[{"id":1273,"href":"https:\/\/awarenessuniversity.ch\/index.php\/wp-json\/wp\/v2\/pages\/437\/revisions\/1273"}],"wp:attachment":[{"href":"https:\/\/awarenessuniversity.ch\/index.php\/wp-json\/wp\/v2\/media?parent=437"}],"curies":[{"name":"wp","href":"https:\/\/api.w.org\/{rel}","templated":true}]}}