{"id":432,"date":"2019-08-08T05:43:21","date_gmt":"2019-08-08T03:43:21","guid":{"rendered":"http:\/\/awarenessuniversity.ch\/?page_id=432"},"modified":"2022-12-08T15:10:31","modified_gmt":"2022-12-08T14:10:31","slug":"renaissance","status":"publish","type":"page","link":"https:\/\/awarenessuniversity.ch\/index.php\/renaissance\/","title":{"rendered":"Rena\u00eessance"},"content":{"rendered":"<h5 style=\"text-align: left;\"><\/h5>\n<p>L\u2019atelier \u00ab\u00a0Rena\u00eessance \u00bb est le fruit de plus de 10 ans d\u2019exp\u00e9riences personnelles, professionnelles, formations et de recherches faites par Aurika Ursu. Il regroupe les notions fondamentales pour enclencher le processus de r\u00e9silience et nous connecter \u00e0 qui nous sommes v\u00e9ritablement. En mettant en pratique les outils qui sont propos\u00e9s et exp\u00e9riment\u00e9s pendant l\u2019atelier, vous pourrez transformer votre situation actuelle, rena\u00eetre et r\u00e9orienter votre vie vers ce qui vous corresponds vraiment et ce qui nourrit votre \u00e2me.<\/p>\n<p>Dans cet atelier, nous travaillerons l\u2019acceptation, l\u2019harmonisation et la visualisation cr\u00e9atrice de votre situation sur diff\u00e9rents plans\u00a0: psychologique, physique, \u00e9motionnel et spirituel.<\/p>\n<p>Un programme p\u00e9dagogique, des exercices th\u00e9rapeutiques, des m\u00e9ditations guid\u00e9es et des moments de partage en bin\u00f4me ou groupe serons pr\u00e9sents tout au long du processus.<\/p>\n<p>Le d\u00e9roulement :<\/p>\n<p>Dans un premier temps nous rentrons en connexion avec le groupe pour \u00e9tablir un climat de confiance, accueil et d&rsquo;acceptation de \u00a0soi et de l\u2019autre dans son int\u00e9gralit\u00e9. Avec le soutien collectif nous activons l\u2019\u00e9nergie physique et \u00e9motionnelle. Des exercices de respiration, d\u2019acceptation et de lib\u00e9ration \u00e9motionnelle seront \u00e0 l\u2019honneur dans cette premi\u00e8re \u00e9tape.<\/p>\n<p>En deuxi\u00e8me temps, nous utiliserons le v\u00e9cu pour le transformer et harmoniser l\u2019\u00e9nergie dans notre corps. Pour les domaines de vie en souffrance (professionnel, couple, sant\u00e9\u2026) nous utilisons diff\u00e9rentes techniques pour se rem\u00e9morer des situations ressource ou s\u2019approprier de nouvelles \u00eatats &#8211; exp\u00e9riences imaginaires avec la visualisation cr\u00e9atrice.<\/p>\n<p>Tous ces exp\u00e9riences serviront de carburant et source d\u2019inspiration pour la derni\u00e8re \u00e9tape de la renaissance avec des exercices m\u00e9taphoriques et cr\u00e9atifs pour lib\u00e9rer l\u2019\u00e9lan cr\u00e9ateur et imaginaire \u00e0 visualiser et int\u00e9grer sa meilleure version de soi m\u00eame.<\/p>\n<p>Animatrice\u00a0: <strong>Aurika Ursu<\/strong><\/p>\n<p style=\"text-align: right;\"><strong>Prix: CHF 350.-<\/strong><\/p>\n<h2><span style=\"color: #800000;\"><em>Places limit\u00e9es. Envoyez-nous un \u00e9mail en mentionnant le titre de l\u2019atelier et votre d\u00e9sir de participation.<\/em><\/span><\/h2>\n","protected":false},"excerpt":{"rendered":"<p>L\u2019atelier \u00ab\u00a0Rena\u00eessance \u00bb est le fruit de plus de 10 ans d\u2019exp\u00e9riences personnelles, professionnelles, formations et de recherches faites par Aurika Ursu. Il regroupe les notions fondamentales pour enclencher le processus de r\u00e9silience et nous connecter \u00e0 qui nous sommes <a class=\"more-link\" href=\"https:\/\/awarenessuniversity.ch\/index.php\/renaissance\/\">Lire plus &#8230;<\/a><\/p>\n","protected":false},"author":1,"featured_media":0,"parent":0,"menu_order":0,"comment_status":"closed","ping_status":"closed","template":"","meta":{"footnotes":""},"class_list":["post-432","page","type-page","status-publish","hentry"],"_links":{"self":[{"href":"https:\/\/awarenessuniversity.ch\/index.php\/wp-json\/wp\/v2\/pages\/432","targetHints":{"allow":["GET"]}}],"collection":[{"href":"https:\/\/awarenessuniversity.ch\/index.php\/wp-json\/wp\/v2\/pages"}],"about":[{"href":"https:\/\/awarenessuniversity.ch\/index.php\/wp-json\/wp\/v2\/types\/page"}],"author":[{"embeddable":true,"href":"https:\/\/awarenessuniversity.ch\/index.php\/wp-json\/wp\/v2\/users\/1"}],"replies":[{"embeddable":true,"href":"https:\/\/awarenessuniversity.ch\/index.php\/wp-json\/wp\/v2\/comments?post=432"}],"version-history":[{"count":8,"href":"https:\/\/awarenessuniversity.ch\/index.php\/wp-json\/wp\/v2\/pages\/432\/revisions"}],"predecessor-version":[{"id":1798,"href":"https:\/\/awarenessuniversity.ch\/index.php\/wp-json\/wp\/v2\/pages\/432\/revisions\/1798"}],"wp:attachment":[{"href":"https:\/\/awarenessuniversity.ch\/index.php\/wp-json\/wp\/v2\/media?parent=432"}],"curies":[{"name":"wp","href":"https:\/\/api.w.org\/{rel}","templated":true}]}}