{"id":2833,"date":"2026-01-02T15:05:20","date_gmt":"2026-01-02T14:05:20","guid":{"rendered":"https:\/\/awarenessuniversity.ch\/?page_id=2833"},"modified":"2026-01-08T12:33:21","modified_gmt":"2026-01-08T11:33:21","slug":"bonne-annee-2026","status":"publish","type":"page","link":"https:\/\/awarenessuniversity.ch\/index.php\/bonne-annee-2026\/","title":{"rendered":"Bonne Ann\u00e9e 2026"},"content":{"rendered":"\n<figure class=\"wp-block-image size-large\"><img loading=\"lazy\" decoding=\"async\" width=\"1024\" height=\"683\" src=\"https:\/\/awarenessuniversity.ch\/wp-content\/uploads\/2026\/01\/bird-8519547-1024x683.jpg\" alt=\"\" class=\"wp-image-2834\" srcset=\"https:\/\/awarenessuniversity.ch\/wp-content\/uploads\/2026\/01\/bird-8519547-1024x683.jpg 1024w, https:\/\/awarenessuniversity.ch\/wp-content\/uploads\/2026\/01\/bird-8519547-300x200.jpg 300w, https:\/\/awarenessuniversity.ch\/wp-content\/uploads\/2026\/01\/bird-8519547-768x512.jpg 768w, https:\/\/awarenessuniversity.ch\/wp-content\/uploads\/2026\/01\/bird-8519547-1536x1024.jpg 1536w, https:\/\/awarenessuniversity.ch\/wp-content\/uploads\/2026\/01\/bird-8519547-2048x1365.jpg 2048w\" sizes=\"auto, (max-width: 1024px) 100vw, 1024px\" \/><\/figure>\n\n\n\n<p>Chers ami\u00b7e\u00b7s,<br>Je vous souhaite une tr\u00e8s belle et lumineuse ann\u00e9e 2026 &#x2728;<\/p>\n\n\n\n<p>Je me suis retir\u00e9e des r\u00e9seaux, car ils me g\u00e9n\u00e8rent beaucoup de stress et que c\u2019est trop pour moi en ce moment\u2026<br>Mais je ne pouvais pas ne pas vous souhaiter, \u00e0 toutes et \u00e0 tous, une belle et lumineuse ann\u00e9e 2026.<br>De toute fa\u00e7on, elle sera bonne &#x1f606;.<\/p>\n\n\n\n<p>M\u00eame si l\u2019ann\u00e9e 2025 a \u00e9t\u00e9 pour moi l\u2019une des plus sombres de ma vie, elle reste malgr\u00e9 tout une ann\u00e9e d\u2019une grande exp\u00e9rience de vuln\u00e9rabilit\u00e9\u2026<br>Bizarrement, cette vuln\u00e9rabilit\u00e9 est une v\u00e9ritable puissance plus subtile\u2026<\/p>\n\n\n\n<p>J\u2019ai cru, par le pass\u00e9, avoir d\u00e9j\u00e0 touch\u00e9 le fond\u2026<br>Mais l\u00e0\u2026 je ne m\u2019attendais pas \u00e0 pouvoir descendre encore si bas\u2026<br>Un Scorpion comme moi a besoin, malgr\u00e9 lui, de toucher le fond des fonds.<\/p>\n\n\n\n<p>Alors, pour ce passage vers la nouvelle ann\u00e9e, j\u2019ai d\u00e9cid\u00e9 d\u2019honorer le lierre sur ma table de r\u00e9veillon \u2014<br>symbole de r\u00e9sistance, de pers\u00e9v\u00e9rance et de vie qui s\u2019accroche, quoi qu\u2019il arrive.<\/p>\n\n\n\n<figure class=\"wp-block-image size-large\"><img loading=\"lazy\" decoding=\"async\" width=\"768\" height=\"1024\" src=\"https:\/\/awarenessuniversity.ch\/wp-content\/uploads\/2026\/01\/1000007842-768x1024.jpg\" alt=\"\" class=\"wp-image-2835\" srcset=\"https:\/\/awarenessuniversity.ch\/wp-content\/uploads\/2026\/01\/1000007842-768x1024.jpg 768w, https:\/\/awarenessuniversity.ch\/wp-content\/uploads\/2026\/01\/1000007842-225x300.jpg 225w, https:\/\/awarenessuniversity.ch\/wp-content\/uploads\/2026\/01\/1000007842-1152x1536.jpg 1152w, https:\/\/awarenessuniversity.ch\/wp-content\/uploads\/2026\/01\/1000007842-1536x2048.jpg 1536w, https:\/\/awarenessuniversity.ch\/wp-content\/uploads\/2026\/01\/1000007842-scaled.jpg 1920w\" sizes=\"auto, (max-width: 768px) 100vw, 768px\" \/><\/figure>\n\n\n\n<p>En num\u00e9rologie, 2026 est une ann\u00e9e 1 (pour moi, c\u2019est une ann\u00e9e 10) :<br>une ann\u00e9e d\u2019\u00e9veil, de renouveau, de commencement, mais surtout de recentrage, de retour \u00e0 la source et de solidification du soi sans influences externes.<\/p>\n\n\n\n<p>Dans cette proposition num\u00e9rologique, je vous souhaite de vivre cette ann\u00e9e avec la joie d\u2019un enfant qui d\u00e9couvre les merveilles de la vie, sans s\u2019identifier \u00e0 ce qui n\u2019est pas toi.<\/p>\n\n\n\n<p>Pour cela, nous aurons besoin de beaucoup d\u2019ancrage, de douceur, d\u2019harmonie et d\u2019ouverture aux profondeurs de l\u2019\u00eatre originel, sans se perdre dans les influences externes qui nous d\u00e9vient.<\/p>\n\n\n\n<p>C\u2019est une ann\u00e9e d\u2019\u00e9veil, d\u2019\u00e9veil \u00e0 soi dans sa beaut\u00e9 et sa splendeur, mais aussi d\u2019assumer ses t\u00e9n\u00e8bres et ses laideurs.<br>Une ann\u00e9e de recentrage, de r\u00e9alignement, de faire un avec le divin.<\/p>\n\n\n\n<figure class=\"wp-block-image size-large\"><img loading=\"lazy\" decoding=\"async\" width=\"1024\" height=\"683\" src=\"https:\/\/awarenessuniversity.ch\/wp-content\/uploads\/2025\/01\/presentation-1024x683.jpg\" alt=\"\" class=\"wp-image-2438\" srcset=\"https:\/\/awarenessuniversity.ch\/wp-content\/uploads\/2025\/01\/presentation-1024x683.jpg 1024w, https:\/\/awarenessuniversity.ch\/wp-content\/uploads\/2025\/01\/presentation-300x200.jpg 300w, https:\/\/awarenessuniversity.ch\/wp-content\/uploads\/2025\/01\/presentation-768x512.jpg 768w, https:\/\/awarenessuniversity.ch\/wp-content\/uploads\/2025\/01\/presentation-1536x1024.jpg 1536w, https:\/\/awarenessuniversity.ch\/wp-content\/uploads\/2025\/01\/presentation-2048x1365.jpg 2048w\" sizes=\"auto, (max-width: 1024px) 100vw, 1024px\" \/><\/figure>\n\n\n\n<p>Si tu as une discipline quotidienne, tu pourras enfin voir et savourer l\u2019essence des fruits m\u00fbrs et d\u00e9licieux que tu as sem\u00e9s, et m\u00eame consomm\u00e9s par le pass\u00e9, et enfin avoir le courage de l\u00e2cher certains fruits ab\u00eem\u00e9s qui ont atteint leur fin de cycle, et de les composter.<\/p>\n\n\n\n<p>Enfin, arr\u00eater l\u2019acharnement, l\u2019attachement, la fusion \u00e0 l\u2019autre !<\/p>\n\n\n\n<p>Un r\u00e9alignement \u00e0 la puret\u00e9 originelle &#x1f607;, enfin une fusion saine avec la Source.<\/p>\n\n\n\n<p>Depuis toute petite, je me suis toujours accroch\u00e9e \u00e0 une puret\u00e9 spirituelle que je percevais en moi.<br>Adolescente, je l\u2019appelais \u00ab virginit\u00e9 \u00bb.<br>C\u2019est elle qui me donnait le courage d\u2019aller chercher dans le monde ce dont j\u2019avais besoin,<br>de trouver de l\u2019espoir l\u00e0 o\u00f9 il n\u2019y en avait pas pour moi, dans ma famille.<\/p>\n\n\n\n<p>Plus tard, quand je commen\u00e7ais \u00e0 prendre trop de risques, je me disais que personne ne pouvait toucher \u00e0 une lumi\u00e8re ou une innocence\u2026 si profonde.<br>Un peu trop na\u00efve, certes, mais je n\u2019avais pas tout \u00e0 fait tort.<\/p>\n\n\n\n<p>Car il existe en nous une puret\u00e9, une innocence originelle et une profondeur vraiment indestructible \u2014 m\u00eame par nous-m\u00eames.<br>C\u2019est cela, pour moi, la cl\u00e9 de l\u2019espoir ou l\u2019\u00e9vidence en 2026 :<br>laisser la place \u00e0 quelque chose qui nous d\u00e9passe mentalement, \u00e0 une vuln\u00e9rabilit\u00e9,<br>\u00e0 une puret\u00e9, \u00e0 une innocence, une authenticit\u00e9, une lumi\u00e8re, une profondeur,<br>une vuln\u00e9rabilit\u00e9 m\u00eame si elle est fragile. Fragile, certes, mais indestructible et immortelle.<\/p>\n\n\n\n<p>Pour cela, m\u00eame si c\u2019est une ann\u00e9e en \u00e9nergie yang, pour moi, il n\u2019y a rien \u00e0 faire, surtout arr\u00eater de vouloir faire.<br>Juste laisser \u00eatre.<br>Juste laisser briller, irradier\u2026<\/p>\n\n\n\n<figure class=\"wp-block-image size-large\"><img loading=\"lazy\" decoding=\"async\" width=\"768\" height=\"1024\" src=\"https:\/\/awarenessuniversity.ch\/wp-content\/uploads\/2026\/01\/1000007845-768x1024.jpg\" alt=\"\" class=\"wp-image-2837\" srcset=\"https:\/\/awarenessuniversity.ch\/wp-content\/uploads\/2026\/01\/1000007845-768x1024.jpg 768w, https:\/\/awarenessuniversity.ch\/wp-content\/uploads\/2026\/01\/1000007845-225x300.jpg 225w, https:\/\/awarenessuniversity.ch\/wp-content\/uploads\/2026\/01\/1000007845-1152x1536.jpg 1152w, https:\/\/awarenessuniversity.ch\/wp-content\/uploads\/2026\/01\/1000007845-1536x2048.jpg 1536w, https:\/\/awarenessuniversity.ch\/wp-content\/uploads\/2026\/01\/1000007845-scaled.jpg 1920w\" sizes=\"auto, (max-width: 768px) 100vw, 768px\" \/><\/figure>\n\n\n\n<p>Mais il ne faut pas rater l\u2019\u00e9lan, car il est l\u00e0, le miracle : c\u2019est suivre l\u2019\u00e9lan de la joie, du juste et du l\u00e9ger, et c\u2019est l\u00e0 o\u00f9 le yang divin agit.<\/p>\n\n\n\n<p>Sortir \u00e0 tout prix du faire et du devoir,<br>et entrer dans l\u2019\u00catre,<br>et se laisser porter par la gr\u00e2ce.<\/p>\n\n\n\n<p>Ces moments o\u00f9 l\u2019on se sent \u00e0 dire merci \u00e0 la vie, pas pour ce qu\u2019elle nous offre, mais pour \u00eatre en vie\u2026<\/p>\n\n\n\n<p>Se laisser porter n\u2019est pas une action, mais une permission.<\/p>\n\n\n\n<p>Bonne ann\u00e9e 2026 &#x2728;<br>Que la gr\u00e2ce incarn\u00e9e soit pour chacun cette ann\u00e9e \u2014<br>elle est m\u00eame vitale.<br><\/p>\n\n\n\n<p><br><\/p>\n\n\n\n<figure class=\"wp-block-image size-large\"><img loading=\"lazy\" decoding=\"async\" width=\"1024\" height=\"768\" src=\"https:\/\/awarenessuniversity.ch\/wp-content\/uploads\/2026\/01\/robin-7866913_1280-1024x768.jpg\" alt=\"\" class=\"wp-image-2844\" srcset=\"https:\/\/awarenessuniversity.ch\/wp-content\/uploads\/2026\/01\/robin-7866913_1280-1024x768.jpg 1024w, https:\/\/awarenessuniversity.ch\/wp-content\/uploads\/2026\/01\/robin-7866913_1280-300x225.jpg 300w, https:\/\/awarenessuniversity.ch\/wp-content\/uploads\/2026\/01\/robin-7866913_1280-768x576.jpg 768w, https:\/\/awarenessuniversity.ch\/wp-content\/uploads\/2026\/01\/robin-7866913_1280.jpg 1280w\" sizes=\"auto, (max-width: 1024px) 100vw, 1024px\" \/><\/figure>\n\n\n\n<p><\/p>\n\n\n\n<p>Aurika Ursu<br>Le leadership au service de la conscience<\/p>\n\n\n\n<figure class=\"wp-block-image size-large is-resized\"><img loading=\"lazy\" decoding=\"async\" width=\"1024\" height=\"380\" src=\"https:\/\/awarenessuniversity.ch\/wp-content\/uploads\/2021\/10\/AU-Specialiste-developpement-1-1024x380.jpg\" alt=\"\" class=\"wp-image-1013\" style=\"width:200px;height:auto\" srcset=\"https:\/\/awarenessuniversity.ch\/wp-content\/uploads\/2021\/10\/AU-Specialiste-developpement-1-1024x380.jpg 1024w, https:\/\/awarenessuniversity.ch\/wp-content\/uploads\/2021\/10\/AU-Specialiste-developpement-1-300x111.jpg 300w, https:\/\/awarenessuniversity.ch\/wp-content\/uploads\/2021\/10\/AU-Specialiste-developpement-1-768x285.jpg 768w, https:\/\/awarenessuniversity.ch\/wp-content\/uploads\/2021\/10\/AU-Specialiste-developpement-1-1536x570.jpg 1536w, https:\/\/awarenessuniversity.ch\/wp-content\/uploads\/2021\/10\/AU-Specialiste-developpement-1-2048x760.jpg 2048w, https:\/\/awarenessuniversity.ch\/wp-content\/uploads\/2021\/10\/AU-Specialiste-developpement-1-1080x401.jpg 1080w, https:\/\/awarenessuniversity.ch\/wp-content\/uploads\/2021\/10\/AU-Specialiste-developpement-1-1280x475.jpg 1280w, https:\/\/awarenessuniversity.ch\/wp-content\/uploads\/2021\/10\/AU-Specialiste-developpement-1-980x364.jpg 980w, https:\/\/awarenessuniversity.ch\/wp-content\/uploads\/2021\/10\/AU-Specialiste-developpement-1-480x178.jpg 480w\" sizes=\"auto, (max-width: 1024px) 100vw, 1024px\" \/><\/figure>\n","protected":false},"excerpt":{"rendered":"<p>Chers ami\u00b7e\u00b7s,Je vous souhaite une tr\u00e8s belle et lumineuse ann\u00e9e 2026 &#x2728; Je me suis retir\u00e9e des r\u00e9seaux, car ils me g\u00e9n\u00e8rent beaucoup de stress et que c\u2019est trop pour moi en ce moment\u2026Mais je ne pouvais pas ne pas <a class=\"more-link\" href=\"https:\/\/awarenessuniversity.ch\/index.php\/bonne-annee-2026\/\">Lire plus &#8230;<\/a><\/p>\n","protected":false},"author":1,"featured_media":0,"parent":0,"menu_order":0,"comment_status":"closed","ping_status":"closed","template":"","meta":{"footnotes":""},"class_list":["post-2833","page","type-page","status-publish","hentry"],"_links":{"self":[{"href":"https:\/\/awarenessuniversity.ch\/index.php\/wp-json\/wp\/v2\/pages\/2833","targetHints":{"allow":["GET"]}}],"collection":[{"href":"https:\/\/awarenessuniversity.ch\/index.php\/wp-json\/wp\/v2\/pages"}],"about":[{"href":"https:\/\/awarenessuniversity.ch\/index.php\/wp-json\/wp\/v2\/types\/page"}],"author":[{"embeddable":true,"href":"https:\/\/awarenessuniversity.ch\/index.php\/wp-json\/wp\/v2\/users\/1"}],"replies":[{"embeddable":true,"href":"https:\/\/awarenessuniversity.ch\/index.php\/wp-json\/wp\/v2\/comments?post=2833"}],"version-history":[{"count":2,"href":"https:\/\/awarenessuniversity.ch\/index.php\/wp-json\/wp\/v2\/pages\/2833\/revisions"}],"predecessor-version":[{"id":2845,"href":"https:\/\/awarenessuniversity.ch\/index.php\/wp-json\/wp\/v2\/pages\/2833\/revisions\/2845"}],"wp:attachment":[{"href":"https:\/\/awarenessuniversity.ch\/index.php\/wp-json\/wp\/v2\/media?parent=2833"}],"curies":[{"name":"wp","href":"https:\/\/api.w.org\/{rel}","templated":true}]}}