{"id":2776,"date":"2025-02-16T13:06:28","date_gmt":"2025-02-16T12:06:28","guid":{"rendered":"https:\/\/awarenessuniversity.ch\/?page_id=2776"},"modified":"2025-11-12T16:23:38","modified_gmt":"2025-11-12T15:23:38","slug":"la-beaute-au-dela-des-clivages-vers-un-souverainisme-conscient","status":"publish","type":"page","link":"https:\/\/awarenessuniversity.ch\/index.php\/la-beaute-au-dela-des-clivages-vers-un-souverainisme-conscient\/","title":{"rendered":"La Beaut\u00e9 au-del\u00e0 des Clivages : Vers un Souverainisme Conscient"},"content":{"rendered":"\n<figure class=\"wp-block-image size-large\"><img loading=\"lazy\" decoding=\"async\" width=\"1024\" height=\"683\" src=\"https:\/\/awarenessuniversity.ch\/wp-content\/uploads\/2025\/11\/Egregores-1024x683.jpg\" alt=\"\" class=\"wp-image-2815\" srcset=\"https:\/\/awarenessuniversity.ch\/wp-content\/uploads\/2025\/11\/Egregores-1024x683.jpg 1024w, https:\/\/awarenessuniversity.ch\/wp-content\/uploads\/2025\/11\/Egregores-300x200.jpg 300w, https:\/\/awarenessuniversity.ch\/wp-content\/uploads\/2025\/11\/Egregores-768x512.jpg 768w, https:\/\/awarenessuniversity.ch\/wp-content\/uploads\/2025\/11\/Egregores-1536x1024.jpg 1536w, https:\/\/awarenessuniversity.ch\/wp-content\/uploads\/2025\/11\/Egregores-2048x1365.jpg 2048w\" sizes=\"auto, (max-width: 1024px) 100vw, 1024px\" \/><\/figure>\n\n\n\n<h2 class=\"wp-block-heading\">Voir la beaut\u00e9 dans le monde<\/h2>\n\n\n\n<p>La beaut\u00e9, pour moi, est une question de r\u00e9sonance int\u00e9rieure.<br>Avez-vous d\u00e9j\u00e0 aim\u00e9 quelqu\u2019un ou appr\u00e9ci\u00e9 une \u0153uvre d\u2019art\u2026 au point de lui trouver du charme, une vibration agr\u00e9able, m\u00eame s\u2019ils ne correspondaient ni \u00e0 vos propres standards ni aux standards de beaut\u00e9 impos\u00e9s par la soci\u00e9t\u00e9 ? C\u2019est cela que j\u2019appelle une r\u00e9sonance int\u00e9rieure. Et cette beaut\u00e9 peut m\u00eame se r\u00e9v\u00e9ler dans un moment difficile \u00e0 vivre. C\u2019est beau parce que c\u2019est vrai. C\u2019est beau parce qu\u2019il y a une harmonie. C\u2019est beau parce que \u00e7a raconte une histoire, une coh\u00e9rence, ou la suite d\u2019une autre histoire. C\u2019est beau parce que cela transpire du v\u00e9cu et de la profondeur\u2026<\/p>\n\n\n\n<p>Peu importe l\u2019aspect esth\u00e9tique, la beaut\u00e9 est pour moi une question d\u2019harmonie : une harmonie de couleurs, de talents, d\u2019\u00e9v\u00e9nements\u2026 dans l\u2019\u00e9mergence d\u2019une \u00e9motion ou d\u2019une valeur. C\u2019est dans la profondeur que loge la beaut\u00e9, dans la vuln\u00e9rabilit\u00e9, dans des actes de courage \u2013 et m\u00eame dans une \u00e9tincelle de d\u00e9tachement face \u00e0 la l\u00e2chet\u00e9. Elle peut se r\u00e9v\u00e9ler partout, m\u00eame l\u00e0 o\u00f9 on l\u2019attend le moins, y compris dans des environnements que l\u2019on per\u00e7oit comme froids, hostiles ou d\u00e9pourvus d\u2019\u00e2me.<\/p>\n\n\n\n<p>Peu importe les conflits relationnels que tu traverses, les d\u00e9cisions politiques, ton travail, l\u2019endroit o\u00f9 tu vis, ta situation financi\u00e8re ou ton cercle d\u2019amis (ou son absence), tu peux toujours trouver une compr\u00e9hension harmonieuse de ce que tu vis, de ce qui t\u2019entoure et de l\u00e0 o\u00f9 tu te diriges. Car avant tout, c\u2019est ta vie, tes perceptions et ton regard. La fa\u00e7on dont tu per\u00e7ois les choses fait vibrer la beaut\u00e9 de ton existence, et ce que tu trouves beau ou laid te repr\u00e9sente et indique ta direction.<\/p>\n\n\n\n<h3 class=\"wp-block-heading\"><strong>La Beaut\u00e9 dans la Politique<\/strong><\/h3>\n\n\n\n<p>Bien qu\u2019il y ait peu de choses que l\u2019on puisse qualifier de belles en politique, je trouve important d\u2019en dire un mot, car c\u2019est souvent l\u00e0 que se porte notre regard, bien trop souvent de mani\u00e8re tyrannique. Je suis tr\u00e8s intrigu\u00e9e de voir tant de gens d\u00e9cr\u00e9dibiliser un pr\u00e9sident pour des crit\u00e8res esth\u00e9tiques ou m\u00eame sur la question du charisme.<\/p>\n\n\n\n<p>J\u2019ai personnellement beaucoup aim\u00e9 le charisme et le symbole qu\u2019a repr\u00e9sent\u00e9 l\u2019arriv\u00e9e d\u2019Obama au pouvoir. C\u2019\u00e9tait tr\u00e8s beau, en effet ! On lui a m\u00eame d\u00e9cern\u00e9 le prix Nobel de la paix, simplement pour ce qu\u2019il incarnait symboliquement : un homme de couleur, en plus avec beaucoup de charisme. Si l\u2019on compare Obama \u00e0 Donald Trump, ces deux personnages n\u2019ont rien \u00e0 voir l\u2019un avec l\u2019autre. Mais c\u2019est uniquement une question de regard : si tu cherches chez Donald Trump le charme d\u2019Obama, tu ne le trouveras jamais.<\/p>\n\n\n\n<figure class=\"wp-block-image\"><img decoding=\"async\" src=\"https:\/\/uni-a-geneve.ch\/wp-content\/uploads\/2025\/02\/obama-8065508_1280-1024x576.png\" alt=\"\" class=\"wp-image-31595\"\/><\/figure>\n\n\n\n<p><br>Si on change de regard, on peut reconna\u00eetre une autre forme de beaut\u00e9 chez Donald Trump : celle du souverainisme, celle de la r\u00e9silience, de la r\u00e9ussite, de la foi, de l\u2019amour pour son pays et de sa capacit\u00e9 \u00e0 s\u2019associer aux bonnes personnes. Bien s\u00fbr, il est critiquable sur de nombreux aspects, et il va naturellement causer des d\u00e9g\u00e2ts, mais qui ne porte pas en lui une graine de tyran, surtout en politique ? Pourtant, si tu veux voir la beaut\u00e9, tu peux la trouver \u00e0 volont\u00e9, sans oublier qu\u2019il est le seul pr\u00e9sident de l\u2019histoire r\u00e9cente \u00e0 n\u2019avoir d\u00e9clench\u00e9 aucune guerre durant son premier mandat et \u00e0 avoir conclu de nombreuses r\u00e9conciliations. J\u2019ai m\u00eame entendu Idriss Aberkane affirmer dans une parole d\u00e9tach\u00e9e que c\u2019est \u00ab un des meilleurs pr\u00e9sidents de tous les temps \u00bb.<\/p>\n\n\n\n<p>Voil\u00e0 : m\u00eame en politique, souvent caricaturale, on peut trouver de la beaut\u00e9 si l\u2019on cherche, ind\u00e9pendamment des pr\u00e9f\u00e9rences partisanes. Que ce soit la gauche ou la droite, r\u00e9publicains ou d\u00e9mocrates, le syst\u00e8me reste le m\u00eame. Il n\u2019y a pas de camp fondamentalement meilleur qu\u2019un autre ; chacun acc\u00e8de au pouvoir selon l\u2019\u00e9nergie n\u00e9cessaire \u00e0 l\u2019\u00e9poque. <strong>Apr\u00e8s le wokisme, le souverainisme !<\/strong><\/p>\n\n\n\n<h3 class=\"wp-block-heading\"><strong>Le Wokisme et ses Enjeux<\/strong><\/h3>\n\n\n\n<p>En f\u00e9licitant la Suisse pour sa victoire \u00e0 l\u2019Eurovision 2024, j\u2019ai volontairement choisi de mettre en avant un \u00e9v\u00e9nement officiel, car j\u2019avais compris \u00e0 quel point il \u00e9tait essentiel, dans mon entourage des r\u00e9seaux sociaux (Facebook et Telegram), de changer de regard dans un monde en proie aux tensions, aux combats et aux d\u00e9sillusions politiques. Je me suis exprim\u00e9e \u00e0 plusieurs reprises, notamment apr\u00e8s la crise, pour retrouver la paix avec la politique suisse, mais cela n\u2019a jamais \u00e9t\u00e9 suffisant. Et peut-\u00eatre que cela ne le sera jamais, car personne n\u2019aime \u00eatre une marionnette, personne n\u2019aime, au fond, les jeux de pouvoir, et personne n\u2019accepte que l\u2019on lui retire son propre pouvoir pour l\u2019utiliser contre lui.<\/p>\n\n\n\n<p>Un jour, pour moi, la politique politicienne et ses jeux de pouvoir dispara\u00eetront.<\/p>\n\n\n\n<p>Cela dit, apr\u00e8s tant de critiques l\u00e9gitimes envers le gouvernement suisse durant la crise sanitaire, ce changement de perspective, reconna\u00eetre quelque chose de beau, \u00e9tait pr\u00e9cieux de ma part en tant que figure publique et leader d\u2019opinion \u2013 non pas pour nourrir l\u2019\u00e9gr\u00e9gore du pouvoir, mais pour interrompre la r\u00e9action qui ne fait qu\u2019alimenter le pouvoir politique.&nbsp;<\/p>\n\n\n\n<figure class=\"wp-block-image\"><img decoding=\"async\" src=\"https:\/\/uni-a-geneve.ch\/wp-content\/uploads\/2025\/02\/carnival-8862404_1280-1024x682.png\" alt=\"\" class=\"wp-image-31596\"\/><\/figure>\n\n\n\n<p>Avec l\u2019\u00e9lection de Donald Trump et sa politique validant uniquement deux genres, l\u2019influence m\u00e9diatique du wokisme pourrait progressivement d\u00e9cliner. Mais imaginons que les d\u00e9mocrates aient gagn\u00e9 et que le wokisme continue d\u2019influencer le monde : devrions-nous pour autant rester dans une guerre perp\u00e9tuelle ?<\/p>\n\n\n\n<p>Peu importe le fond et m\u00eame la forme, le wokisme a eu une utilit\u00e9 majeure pour la conscience collective. Il a mis en lumi\u00e8re des valeurs essentielles comme l<strong>e respect de la diff\u00e9rence, l\u2019antiracisme et la question de l\u2019autonomie individuelle entre le masculin et le f\u00e9minin.<\/strong>&nbsp;Longtemps, je suis rest\u00e9e en retrait, sans chercher \u00e0 comprendre r\u00e9ellement ce mouvement, car je n\u2019avais pas envie d\u2019entrer dans une dynamique de rejet et r\u00e9activit\u00e9. Il portait \u00e0 la fois des id\u00e9es qui me tenaient \u00e0 c\u0153ur, comme la non-binarit\u00e9 et le f\u00e9minisme, et d\u2019autres qui me semblaient trop dominantes, voire excessives.<\/p>\n\n\n\n<p>En fin de compte, ce que je retiens de ce mouvement,<strong>c\u2019est la libert\u00e9 d\u2019\u00eatre et d\u2019aller au bout de ce que je veux et pense \u00eatre<\/strong>\u2013 sans forc\u00e9ment changer de genre.<\/p>\n\n\n\n<h3 class=\"wp-block-heading\"><strong>La Crise du COVID : Une P\u00e9riode de Division<\/strong><\/h3>\n\n\n\n<p>Je suis heureuse que la crise du COVID soit d\u00e9sormais derri\u00e8re nous. Cette p\u00e9riode a \u00e9t\u00e9 marqu\u00e9e par des tensions extr\u00eames : d\u2019un c\u00f4t\u00e9, la peur du virus, et de l\u2019autre, la crainte d\u2019une r\u00e9duction de la population avec ses strat\u00e9gies de vaccination mondiale.<\/p>\n\n\n\n<p>M\u00e9fiante \u00e0 l\u2019\u00e9gard de ce nouveau vaccin \u00e0 ARN messager et prenant position sur les r\u00e9seaux sociaux, je me suis retrouv\u00e9e en posture de leadership s\u00e9paratiste, m\u00eame si la division entre camps oppos\u00e9s \u00e9tait paradoxalement contraire \u00e0 mes valeurs profondes. A vrai dire, apart prendre position ou rester en retrait et attendre que \u00e7a passe, je n\u2019avais pas vraiment d\u2019autre choix \u00e0 ce moment-l\u00e0 : le monde \u00e9tait divis\u00e9.<\/p>\n\n\n\n<p>Mais aujourd\u2019hui, je suis en paix avec moi-m\u00eame et avec la politique, car rien de ce qui se passe dans le monde n\u2019est pour ou contre nous. C\u2019est&nbsp;<strong>notre mani\u00e8re de regarder<\/strong> les choses qui&nbsp;<em><strong>donne \u00e0 nos actes leur beaut\u00e9, \u00e9veille la cr\u00e9ativit\u00e9 de notre libert\u00e9 , honore notre dignit\u00e9 et nourrit notre contribution au monde dans une dynamique d\u2019interd\u00e9pendance<\/strong><\/em><strong>.<\/strong><\/p>\n\n\n\n<h3 class=\"wp-block-heading\"><strong>Les Clans : Illusions de l\u2019Opposition<\/strong><\/h3>\n\n\n\n<p>Il n\u2019y a pas de clan noir et de clan blanc. Ce sont des illusions. Chaque groupe se per\u00e7oit comme le d\u00e9fenseur du bien contre un mal qu\u2019il projette sur l\u2019autre. Pourtant, ce sont ces oppositions qui entretiennent l\u2019illusion du conflit. Les id\u00e9es peuvent \u00eatre belles, mais si elles ne touchent pas le r\u00e9el dans l\u2019instant, si elles ne sont pas port\u00e9es par les gens, elle n\u2019arrive pas au pouvoir. La vie politique n\u2019est pas dans les id\u00e9es, il est dans la vibration collectives.&nbsp;<\/p>\n\n\n\n<figure class=\"wp-block-image\"><img decoding=\"async\" src=\"https:\/\/uni-a-geneve.ch\/wp-content\/uploads\/2025\/02\/japan-4608746_1280-1024x652.jpg\" alt=\"\" class=\"wp-image-31593\"\/><\/figure>\n\n\n\n<p>Les wokistes ont eu un r\u00f4le essentiel dans l\u2019\u00e9volution de la conscience collective. Avec le souverainisme, nous avan\u00e7ons maintenant vers plus d\u2019autonomie, jusqu\u2019au jour o\u00f9 nous n\u2019aurons plus besoin de politiciens ni de gouvernements.<\/p>\n\n\n\n<p><strong>La conscience colective se r\u00e9gule d\u2019elle-m\u00eame en faisant ce qui est juste pour elle dans l\u2019instant.&nbsp;<\/strong><\/p>\n\n\n\n<p>Un jour, j\u2019ai discut\u00e9 avec une dame sympatique, biologiste, \u00e9cologiste et souverainiste, qui me confiait son regret que ceux qui avaient tent\u00e9 d\u2019assassiner Donald Trump aient \u00e9chou\u00e9, le consid\u00e9rant comme un danger absolu. Cette vision, qui se voulait porteuse de justice et du BIEN pour la plan\u00e8te, m\u2019a profond\u00e9ment marqu\u00e9e, d\u2019autant plus que ce pr\u00e9sident repr\u00e9sente une v\u00e9ritable valeur dans l\u2019esprit de beaucoup de gens, moi y compris.<\/p>\n\n\n\n<p>\u00c0 l\u2019inverse, je vois des personnes qui, au nom du bien, s\u2019acharnent publiquement \u00e0 humilier la premi\u00e8re dame de France en exposant ses plus grandes vuln\u00e9rabilit\u00e9s et en l\u2019accusant de beaucoup \u2026 .Certes, la situation semble sordide, mais en quoi l\u2019humiliation violente d\u2019un \u00eatre humain \u00e0 la t\u00eate d\u2019un \u00c9tat peut-elle \u00eatre un acte de justice ou de vertu ? Si vous cherchez des saints, sans la moindre ombre, encore plus en politique, alors qu\u2019il n\u2019existe m\u00eame pas un seul \u00eatre humain parfaitement int\u00e8gre sur cette plan\u00e8te, c\u2019est que vous vous \u00eates tromp\u00e9s de monde.<\/p>\n\n\n\n<h2 class=\"wp-block-heading\"><strong>Le souverainisme \u2013 un nouveau mouvement soci\u00e9tal !<\/strong><\/h2>\n\n\n\n<figure class=\"wp-block-image\"><img decoding=\"async\" src=\"https:\/\/uni-a-geneve.ch\/wp-content\/uploads\/2025\/02\/swan-7167802_1280-1024x656.jpg\" alt=\"\" class=\"wp-image-31601\"\/><\/figure>\n\n\n\n<p>Le souverainisme ne se limite pas \u00e0 une revendication politique nationale, communale ou m\u00eame de quartier. Il devient un v\u00e9ritable mouvement soci\u00e9tal, une aspiration profonde \u00e0 retrouver un pouvoir personnel et collectif face aux influences ext\u00e9rieures, qu\u2019elles soient politiques, \u00e9conomiques ou id\u00e9ologiques. Dans une dynamique o\u00f9 les d\u00e9cisions sont dict\u00e9es par des instances lointaines et impersonnelles, o\u00f9 les d\u00e9bats s\u2019enlisent dans des querelles partisanes et o\u00f9 l\u2019individu se sent parfois d\u00e9poss\u00e9d\u00e9 de son libre arbitre et de sa libert\u00e9 de penser par lui-m\u00eame, le souverainisme appara\u00eet comme un retour \u00e0 l\u2019essentiel.<\/p>\n\n\n\n<p>C\u2019est un appel \u00e0 la recherche du divin en soi et dans le monde, \u00e0 la reconqu\u00eate de notre autonomie dans tous les aspects de la vie. Il ne s\u2019agit pas seulement de viser plus d\u2019ind\u00e9pendance pour un pays, ou de cr\u00e9er des strat\u00e9gies politiques locales \u2014 communales, de quartier, ou par affinit\u00e9s, mais aussi de red\u00e9finir notre mani\u00e8re de vivre, de consommer, de nous informer et de nous organiser en communaut\u00e9. Ce n\u2019est pas un rejet du monde ext\u00e9rieur, bien au contraire, mais un choix conscient de ce que nous acceptons ou non dans notre r\u00e9alit\u00e9 quotidienne.<\/p>\n\n\n\n<p>Se r\u00e9approprier son pouvoir, c\u2019est discerner ce qui est bon ou pas dans un syst\u00e8me qui, trop souvent, ne sert ni au vivant ni \u00e0 l\u2019humain et se tourner vers un syst\u00e8me plus personnalis\u00e9 l\u00e0 o\u00f9 j\u2019habite. C\u2019est reconna\u00eetre que notre bien-\u00eatre ne d\u00e9pend pas des d\u00e9cisions des autres ni des id\u00e9es politiques, mais bien de nos propres choix. C\u2019est comprendre que la libert\u00e9 ne se mendie pas : elle se vit, se cultive et se mat\u00e9rialise \u00e0 travers des actes concrets.<\/p>\n\n\n\n<p>Avez-vous d\u00e9j\u00e0 r\u00e9fl\u00e9chi \u00e0 ce que signifie&nbsp;<strong>\u00eatre souverain<\/strong>&nbsp;pour vous ? Je me suis pr\u00eat\u00e9e \u00e0 l\u2019exercice et voici ce que cela repr\u00e9sente pour moi. Je serais ravie de vous lire en commentaire : qu\u2019\u00e9voque pour vous la souverainet\u00e9 ? Qu\u2019en pensez-vous ?<\/p>\n\n\n\n<figure class=\"wp-block-image\"><img decoding=\"async\" src=\"https:\/\/uni-a-geneve.ch\/wp-content\/uploads\/2025\/02\/swan-359931-1024x734.jpg\" alt=\"\" class=\"wp-image-31598\"\/><\/figure>\n\n\n\n<p><strong>\u00catre souverain pour moi, c\u2019est\u2026<\/strong><\/p>\n\n\n\n<p>\u2026 reprendre la pleine responsabilit\u00e9 de sa vie, dans ses pens\u00e9es, ses choix et ses actions, sans \u00eatre soumis aux influences ext\u00e9rieures qui nous dictent comment voir le monde ou qui \u00eatre.<\/p>\n\n\n\n<p>\u2026 discerner les dangers des id\u00e9ologies et ne pas tomber dans des narratifs pr\u00e9fabriqu\u00e9s.<\/p>\n\n\n\n<p>\u2026 reconna\u00eetre que le monde n\u2019est ni noir ni blanc, ni divis\u00e9 en \u00ab m\u00e9chants \u00bb et \u00ab gentils \u00bb, mais qu\u2019il est un miroir de nous-m\u00eames.<\/p>\n\n\n\n<p>\u2026 reconna\u00eetre ce qui ne va pas tout en le transformant en moteur d\u2019action pour ce qui est beau et merveilleux, au-del\u00e0 des dogmes et des clivages politiques, sans \u00eatre en r\u00e9action.<\/p>\n\n\n\n<p>\u2026 penser par soi-m\u00eame et ne pas se laisser manipuler par les m\u00e9dias, les discours dominants ou les critiques gratuites. C\u2019est investiguer, questionner et ressentir ce qui est juste pour soi.<\/p>\n\n\n\n<p>\u2026 vivre dans la joie, en accord avec ses valeurs et partager sa vie avec des personnes align\u00e9es avec des affinit\u00e9s communes, sans militantisme forc\u00e9.<\/p>\n\n\n\n<p>\u2026 \u00eatre libre \u00e9motionnellement, ne pas se laisser happer par les peurs collectives ou les d\u00e9cisions politiques, et choisir consciemment ses \u00e9tats int\u00e9rieurs. La souffrance peut exister, mais m\u00eame cela est un choix : la vivre ou la subir.<\/p>\n\n\n\n<p>\u2026 \u00eatre autonome affectivement, ne pas d\u00e9pendre d\u2019une validation ext\u00e9rieure et consid\u00e9rer l\u2019humanit\u00e9 enti\u00e8re comme une famille, \u00e0 l\u2019image de la communaut\u00e9 qui t\u2019entoure dans ta vie.<\/p>\n\n\n\n<p>\u2026 se tourner vers des solutions locales, o\u00f9 les d\u00e9cisions sont prises \u00e0 l\u2019\u00e9chelle de la commune ou du quartier, plut\u00f4t que d\u2019\u00eatre soumis \u00e0 des d\u00e9cisions \u00e9loign\u00e9es et impersonnelles.<\/p>\n\n\n\n<p>\u2026 privil\u00e9gier une alimentation vivante, sans p\u00e9sticide et locale, cultiver ses propres l\u00e9gumes ou soutenir ceux qui le font avec passion, engagement et conscience.<\/p>\n\n\n\n<figure class=\"wp-block-image\"><img decoding=\"async\" src=\"https:\/\/uni-a-geneve.ch\/wp-content\/uploads\/2025\/02\/grape-7423695_1280-1024x683.jpg\" alt=\"\" class=\"wp-image-31599\"\/><\/figure>\n\n\n\n<p>\u2026 prendre soin de soi, voir son hygi\u00e8ne de vie, son alimentation, son activit\u00e9 physique et son entourage comme une m\u00e9decine pr\u00e9ventive.<\/p>\n\n\n\n<p>\u2026 honorer la nature et le vivant, reconna\u00eetre que nous faisons partie d\u2019un tout et que notre bien-\u00eatre est intrins\u00e8quement li\u00e9 \u00e0 celui de notre environnement.<\/p>\n\n\n\n<p>\u2026 cr\u00e9er son propre \u00e9quilibre, construire la vie qui nous ressemble plut\u00f4t que de lutter contre ce qui ne nous convient pas.<\/p>\n\n\n\n<p>\u2026 reconna\u00eetre sa propre puissance, savoir que nous sommes cr\u00e9ateurs de notre r\u00e9alit\u00e9 et que chaque choix a une port\u00e9e immense sur notre vie et le monde.<\/p>\n\n\n\n<p>N\u2019oublions pas que&nbsp;<strong>le seul paradis qui existe, c\u2019est ici et maintenant, dans notre regard, dans notre mani\u00e8re de chercher la beaut\u00e9 et de la vivre !<\/strong><\/p>\n\n\n\n<figure class=\"wp-block-image\"><img decoding=\"async\" src=\"https:\/\/uni-a-geneve.ch\/wp-content\/uploads\/2025\/02\/woman-3481756_1280-750x1024.jpg\" alt=\"\" class=\"wp-image-31600\"\/><\/figure>\n\n\n\n<p><strong>Cr\u00e9es-tu ton propre paradis de beaut\u00e9 et de d\u00e9tente, ou laisses-tu les autres, la politique, les crises, les \u00e9v\u00e9nements et la mis\u00e8re du monde souiller ton regard et ton espace int\u00e9rieur ?<\/strong><\/p>\n\n\n\n<p><strong>Voir la beaut\u00e9 dans le monde est un choix et un acte de libert\u00e9.<\/strong><br>Ce regard n\u2019occulte ni ne nie la laideur, mais l\u2019int\u00e8gre \u00e0 l\u2019\u00e9quation comme un carburant pour la beaut\u00e9. Ainsi, cela permet \u00e0 notre \u00e2me de vibrer et d\u2019ancrer la vibration originelle dans notre r\u00e9alit\u00e9.<br>La vie devient plus riche de sens lorsque l\u2019on reconna\u00eet les choses et que l\u2019on cr\u00e9e la beaut\u00e9, quelle que soit la forme qu\u2019elle prend pour nous.<\/p>\n\n\n\n<p>Gen\u00e8ve, le 3 f\u00e9vrier 2025<br>Derni\u00e8re r\u00e9vision le, 16 f\u00e9vrier 2025<\/p>\n\n\n\n<p><strong>Aurika Ursu<\/strong><br><em>Le leadership au service de la conscience<\/em><\/p>\n","protected":false},"excerpt":{"rendered":"<p>Voir la beaut\u00e9 dans le monde La beaut\u00e9, pour moi, est une question de r\u00e9sonance int\u00e9rieure.Avez-vous d\u00e9j\u00e0 aim\u00e9 quelqu\u2019un ou appr\u00e9ci\u00e9 une \u0153uvre d\u2019art\u2026 au point de lui trouver du charme, une vibration agr\u00e9able, m\u00eame s\u2019ils ne correspondaient ni \u00e0 <a class=\"more-link\" href=\"https:\/\/awarenessuniversity.ch\/index.php\/la-beaute-au-dela-des-clivages-vers-un-souverainisme-conscient\/\">Lire plus &#8230;<\/a><\/p>\n","protected":false},"author":1,"featured_media":0,"parent":0,"menu_order":0,"comment_status":"closed","ping_status":"closed","template":"","meta":{"footnotes":""},"class_list":["post-2776","page","type-page","status-publish","hentry"],"_links":{"self":[{"href":"https:\/\/awarenessuniversity.ch\/index.php\/wp-json\/wp\/v2\/pages\/2776","targetHints":{"allow":["GET"]}}],"collection":[{"href":"https:\/\/awarenessuniversity.ch\/index.php\/wp-json\/wp\/v2\/pages"}],"about":[{"href":"https:\/\/awarenessuniversity.ch\/index.php\/wp-json\/wp\/v2\/types\/page"}],"author":[{"embeddable":true,"href":"https:\/\/awarenessuniversity.ch\/index.php\/wp-json\/wp\/v2\/users\/1"}],"replies":[{"embeddable":true,"href":"https:\/\/awarenessuniversity.ch\/index.php\/wp-json\/wp\/v2\/comments?post=2776"}],"version-history":[{"count":7,"href":"https:\/\/awarenessuniversity.ch\/index.php\/wp-json\/wp\/v2\/pages\/2776\/revisions"}],"predecessor-version":[{"id":2817,"href":"https:\/\/awarenessuniversity.ch\/index.php\/wp-json\/wp\/v2\/pages\/2776\/revisions\/2817"}],"wp:attachment":[{"href":"https:\/\/awarenessuniversity.ch\/index.php\/wp-json\/wp\/v2\/media?parent=2776"}],"curies":[{"name":"wp","href":"https:\/\/api.w.org\/{rel}","templated":true}]}}