{"id":2727,"date":"2025-01-23T20:21:25","date_gmt":"2025-01-23T19:21:25","guid":{"rendered":"https:\/\/awarenessuniversity.ch\/?page_id=2727"},"modified":"2025-01-26T20:56:55","modified_gmt":"2025-01-26T19:56:55","slug":"projet","status":"publish","type":"page","link":"https:\/\/awarenessuniversity.ch\/index.php\/projet\/","title":{"rendered":"PROJET"},"content":{"rendered":"\n<p><\/p>\n\n\n\n<h2 class=\"wp-block-heading\"><strong>Awareness University<\/strong>&nbsp;porte l\u2019ambition de cr\u00e9er un lieu central embl\u00e9matique \u00e0 Gen\u00e8ve, accompagn\u00e9 de succursales dans diff\u00e9rents quartiers, tous unis autour de trois valeurs essentielles :<\/h2>\n\n\n\n<ol class=\"wp-block-list\">\n<li><strong>Conscience<\/strong> &#8211; <strong>Mouvement &amp; M\u00e9ditation<\/strong> &amp;<strong> Formation<\/strong><br>D\u00e9velopper une pr\u00e9sence consciente au quotidien gr\u00e2ce aux formations propos\u00e9es et des activit\u00e9s qui mettent le corps en mouvement et en conscience.<\/li>\n\n\n\n<li><strong>Coeur &amp; Compassion<\/strong><br>Favoriser l\u2019harmonie int\u00e9rieure, les relations humaines authentiques horisontales, et le lien avec la nature.<\/li>\n\n\n\n<li><strong>Cr\u00e9er &amp; C\u00e9l\u00e9brer<\/strong><br>Exprimer et partager sa cr\u00e9ativit\u00e9, c\u00e9l\u00e9brer en conscience et int\u00e9grer ses talents dans la vie quotidienne.<\/li>\n<\/ol>\n\n\n\n<p>Notre approche est la\u00efque comme un art de vivre et int\u00e8gre des pratiques qui allient mouvement conscient, activit\u00e9s m\u00e9ditatives et th\u00e9rapeutiques, ainsi qu\u2019un volet de formations pour promouvoir un v\u00e9ritable art de vivre.<\/p>\n\n\n\n<hr class=\"wp-block-separator has-alpha-channel-opacity\"\/>\n\n\n\n<h3 class=\"wp-block-heading\">Notre Vision<\/h3>\n\n\n\n<ol class=\"wp-block-list\">\n<li><strong>Un lieu exemple de bien-\u00eatre, de vivre ensemble<\/strong>&nbsp;et&nbsp;<strong>de bien s&rsquo;allimenter<\/strong>.&nbsp;<br>Un espace o\u00f9 la qualit\u00e9 des liens horisontales, la convivialit\u00e9, la qualit\u00e9 de l\u2019alimentation, et le ressourcement occupent une place centrale.<\/li>\n\n\n\n<li><strong>Un lieu d\u2019\u00e9panouissement global au quotidien<\/strong><br>Offrir un environnement propice a un art de vivre avec le soutien des pratiques m\u00e9ditatives et th\u00e9rapeutiques, formation, pour soutenir le d\u00e9veloppement de la conscience de soi, la cr\u00e9ativit\u00e9 et le partage.<\/li>\n\n\n\n<li><strong>Une offre des ateliers,  stages et de formations<\/strong><br>Proposer des conf\u00e9rences, des ateliers, des s\u00e9minaires et des retraites dans divers domaines (PNL, CNV, Gestalt th\u00e9rapie, arts, sport, alimentation vivante, etc.).<\/li>\n\n\n\n<li><strong>Une communaut\u00e9 vivante \u00ab\u00a0C\u0153ur Vibrant\u00a0\u00bb<\/strong><br>Cr\u00e9er une communaut\u00e9 conviviale et horisontal ( sans hi\u00e9rarchie), rythm\u00e9e par des pratiques quotidiennes (m\u00e9ditations actives et sociales, c\u00e9l\u00e9brations festives, rencontres).<\/li>\n\n\n\n<li><strong>Une participation libre ou par abonnement<\/strong><br>Permettre \u00e0 chacun de participer librement ou d\u2019adh\u00e9rer \u00e0 diff\u00e9rents niveaux d\u2019abonnement selon ses besoins et ses envies.<\/li>\n<\/ol>\n\n\n\n<hr class=\"wp-block-separator has-alpha-channel-opacity\"\/>\n\n\n\n<h3 class=\"wp-block-heading\">Le Lieu Central Recherch\u00e9<\/h3>\n\n\n\n<p>Nous souhaitons \u00e9tablir notre&nbsp;<strong>Lieu M\u00e8re<\/strong>&nbsp;\u00e0 Gen\u00e8ve ou dans ses environs, dans un cadre accessible et en harmonie avec la nature :<\/p>\n\n\n\n<ul class=\"wp-block-list\">\n<li><strong>Proximit\u00e9 <\/strong>: acc\u00e8s aux transports en commun et axes autoroutiers. Envisagable un lieu proche de la nature :for\u00eat, campagne, ou parc. <\/li>\n\n\n\n<li><strong>Respect des voisins<\/strong>&nbsp;: possibilit\u00e9 d\u2019organiser des \u00e9v\u00e9nements festifs sans nuisances.<\/li>\n\n\n\n<li><strong>Caf\u00e9-restaurant<\/strong>&nbsp;: possibilit\u00e9 d&rsquo;\u00eatre dirig\u00e9 par un chef curieux et form\u00e9 \u00e0 l&rsquo; alimentation vivante.<\/li>\n<\/ul>\n\n\n\n<h4 class=\"wp-block-heading\">Un cadre id\u00e9al et modulable :<\/h4>\n\n\n\n<ul class=\"wp-block-list\">\n<li>Une&nbsp;<strong>grande salle centrale<\/strong>&nbsp;pour des activit\u00e9s quotidiennes vari\u00e9es en mode abonnement (m\u00e9ditations actives, danse, yoga, arts martiaux, etc.).<\/li>\n\n\n\n<li>Une&nbsp;<strong>salle de conf\u00e9rence<\/strong>&nbsp;pour formations et s\u00e9minaires.<\/li>\n\n\n\n<li>Une <strong>salles insonoris\u00e9e <\/strong>pour des activit\u00e9s de d\u00e9foulement<\/li>\n\n\n\n<li><strong>Espaces plus petits<\/strong>&nbsp;pour ateliers en petits groupes. <\/li>\n\n\n\n<li>Des&nbsp;<strong>cabines individuelles<\/strong>&nbsp;pour coaching, th\u00e9rapie et soins.<\/li>\n\n\n\n<li>Un&nbsp;<strong>caf\u00e9-restaurant<\/strong>&nbsp;biologique et local, ouvert en continu.<\/li>\n\n\n\n<li>Des&nbsp;<strong>chambres d\u2019h\u00e9bergement<\/strong>&nbsp;pour stagiaires et intervenants.<\/li>\n\n\n\n<li>Un&nbsp;<strong>sauna &amp; hammam<\/strong>&nbsp;pour le bien-\u00eatre.<\/li>\n<\/ul>\n\n\n\n<h4 class=\"wp-block-heading\">Espaces ext\u00e9rieurs :<\/h4>\n\n\n\n<ul class=\"wp-block-list\">\n<li><strong>Jardins<\/strong> v\u00e9rdoyant&nbsp;pour beaut\u00e9 , la contemplation et la cr\u00e9ativit\u00e9.<\/li>\n\n\n\n<li><strong>Potager<\/strong> permaculture. <\/li>\n\n\n\n<li><strong>Espaces de sport<\/strong>&nbsp;&amp; <strong>m\u00e9ditation<\/strong> : piscine, tennis, tir \u00e0 l\u2019arc, etc.<\/li>\n\n\n\n<li><strong>Zones de repos<\/strong>&nbsp;et promenades.<\/li>\n<\/ul>\n\n\n\n<h4 class=\"wp-block-heading\">Un lieu au charme unique :<\/h4>\n\n\n\n<ul class=\"wp-block-list\">\n<li>Id\u00e9alement un&nbsp;<strong>b\u00e2timent de caract\u00e8re<\/strong>&nbsp;(ch\u00e2teau, domaine, ferme r\u00e9nov\u00e9e, etc.).<\/li>\n\n\n\n<li>Un&nbsp;<strong>int\u00e9rieur chaleureux<\/strong>, reflet de l\u2019art de vivre d\u2019Awareness University.<\/li>\n\n\n\n<li><strong>Jardin verdoyant<\/strong> et <strong>floral<\/strong> entretenue.&nbsp;<\/li>\n<\/ul>\n\n\n\n<h2 class=\"wp-block-heading\">Inspirations et collaborations<\/h2>\n\n\n\n<p>Nous portons cette id\u00e9e de projet depuis un certain temps. De 2010 \u00e0 2014, nous avons entrepris d\u2019importantes d\u00e9marches pour le concr\u00e9tiser. Cependant, nous avons rencontr\u00e9 de nombreuses complications relationnelles, voire des traumatismes dont il nous a fallu plus de dix ans pour nous remettre. Aujourd\u2019hui, nous sommes (et serons) plus vigilants, forts de notre exp\u00e9rience pass\u00e9e.<\/p>\n\n\n\n<p>Au fil de notre parcours, nous avons d\u00e9couvert plusieurs sources d\u2019inspiration aupr\u00e8s de diff\u00e9rentes communaut\u00e9s, et m\u00eame des opportunit\u00e9s de collaboration, notamment avec PNL Rep\u00e8re &amp; Robert Dilts \u00e0 Paris, l\u2019Osho Meditation Resort en Inde, RGNR et Thierry Casasnovas en France.<\/p>\n\n\n\n<p><\/p>\n\n\n\n<hr class=\"wp-block-separator has-alpha-channel-opacity\"\/>\n\n\n\n<h3 class=\"wp-block-heading\">Recherche d\u2019Investisseurs et de Partenaires<\/h3>\n\n\n\n<p>Pour concr\u00e9tiser ce projet, plusieurs \u00e9tapes sont \u00e0 franchir. Nous sommes ouverts \u00e0 diff\u00e9rents types de partenariats :<\/p>\n\n\n\n<ol class=\"wp-block-list\">\n<li><strong>Investissement financier<\/strong>\n<ul class=\"wp-block-list\">\n<li>Contribution au capital pour l\u2019acquisition\/r\u00e9novation du lieu, les infrastructures ou la communication.<\/li>\n<\/ul>\n<\/li>\n\n\n\n<li><strong>Mise \u00e0 disposition d\u2019un lieu<\/strong>\n<ul class=\"wp-block-list\">\n<li>Proposition ou suggestion d\u2019un site r\u00e9pondant \u00e0 nos crit\u00e8res.<\/li>\n<\/ul>\n<\/li>\n<\/ol>\n\n\n\n<hr class=\"wp-block-separator has-alpha-channel-opacity\"\/>\n\n\n\n<h3 class=\"wp-block-heading\">Comment nous soutenir ou nous contacter ?<\/h3>\n\n\n\n<p>Pour toute question ou proposition, contactez-nous :<\/p>\n\n\n\n<ul class=\"wp-block-list\">\n<li><strong>Email<\/strong>&nbsp;:&nbsp;<a>aurika@awarenessuniversrity.ch<\/a><\/li>\n\n\n\n<li><strong>T\u00e9l\u00e9phone<\/strong>&nbsp;: +41 79 954 09 76<\/li>\n\n\n\n<li><strong>Nom<\/strong>&nbsp;: Aurika Ursu<\/li>\n\n\n\n<li><strong>PostFinance IBAN<\/strong>&nbsp;: CH78 0900 0000 1496 8991 8<\/li>\n<\/ul>\n\n\n\n<hr class=\"wp-block-separator has-alpha-channel-opacity\"\/>\n\n\n\n<h3 class=\"wp-block-heading\">Rejoignez-nous !<\/h3>\n\n\n\n<p>En soutenant Awareness University, vous contribuez \u00e0 la cr\u00e9ation d\u2019un espace unique et inspirant, d\u00e9di\u00e9 \u00e0 soi, \u00e0 l&rsquo;amiti\u00e9, \u00e0 la m\u00e9ditation, \u00e0 la c\u00e9l\u00e9bration consciente,&#8230;  Ensemble, faisons vibrer un r\u00e9seau \u201cC\u0153ur Vibrant\u201d pour g\u00e9n\u00e9rer le monde dont on aime appartenir!<\/p>\n","protected":false},"excerpt":{"rendered":"<p>Awareness University&nbsp;porte l\u2019ambition de cr\u00e9er un lieu central embl\u00e9matique \u00e0 Gen\u00e8ve, accompagn\u00e9 de succursales dans diff\u00e9rents quartiers, tous unis autour de trois valeurs essentielles : Notre approche est la\u00efque comme un art de vivre et int\u00e8gre des pratiques qui allient <a class=\"more-link\" href=\"https:\/\/awarenessuniversity.ch\/index.php\/projet\/\">Lire plus &#8230;<\/a><\/p>\n","protected":false},"author":1,"featured_media":0,"parent":0,"menu_order":0,"comment_status":"closed","ping_status":"closed","template":"","meta":{"footnotes":""},"class_list":["post-2727","page","type-page","status-publish","hentry"],"_links":{"self":[{"href":"https:\/\/awarenessuniversity.ch\/index.php\/wp-json\/wp\/v2\/pages\/2727","targetHints":{"allow":["GET"]}}],"collection":[{"href":"https:\/\/awarenessuniversity.ch\/index.php\/wp-json\/wp\/v2\/pages"}],"about":[{"href":"https:\/\/awarenessuniversity.ch\/index.php\/wp-json\/wp\/v2\/types\/page"}],"author":[{"embeddable":true,"href":"https:\/\/awarenessuniversity.ch\/index.php\/wp-json\/wp\/v2\/users\/1"}],"replies":[{"embeddable":true,"href":"https:\/\/awarenessuniversity.ch\/index.php\/wp-json\/wp\/v2\/comments?post=2727"}],"version-history":[{"count":12,"href":"https:\/\/awarenessuniversity.ch\/index.php\/wp-json\/wp\/v2\/pages\/2727\/revisions"}],"predecessor-version":[{"id":2771,"href":"https:\/\/awarenessuniversity.ch\/index.php\/wp-json\/wp\/v2\/pages\/2727\/revisions\/2771"}],"wp:attachment":[{"href":"https:\/\/awarenessuniversity.ch\/index.php\/wp-json\/wp\/v2\/media?parent=2727"}],"curies":[{"name":"wp","href":"https:\/\/api.w.org\/{rel}","templated":true}]}}