{"id":2641,"date":"2025-01-14T23:22:13","date_gmt":"2025-01-14T22:22:13","guid":{"rendered":"https:\/\/awarenessuniversity.ch\/?page_id=2641"},"modified":"2025-01-14T23:32:50","modified_gmt":"2025-01-14T22:32:50","slug":"numerologie-en-base-22","status":"publish","type":"page","link":"https:\/\/awarenessuniversity.ch\/index.php\/numerologie-en-base-22\/","title":{"rendered":"Num\u00e9rologie en Base 22"},"content":{"rendered":"\n<figure class=\"wp-block-image size-full\"><img loading=\"lazy\" decoding=\"async\" width=\"1024\" height=\"1024\" src=\"https:\/\/awarenessuniversity.ch\/wp-content\/uploads\/2025\/01\/DALL\u00b7E-2025-01-12-12.43.05-An-abstract-painting-symbolizing-leadership-with-a-female-figure-standing-on-a-radiant-platform-of-light.-Her-silhouette-is-surrounded-by-sharp-angu.webp\" alt=\"\" class=\"wp-image-2582\" srcset=\"https:\/\/awarenessuniversity.ch\/wp-content\/uploads\/2025\/01\/DALL\u00b7E-2025-01-12-12.43.05-An-abstract-painting-symbolizing-leadership-with-a-female-figure-standing-on-a-radiant-platform-of-light.-Her-silhouette-is-surrounded-by-sharp-angu.webp 1024w, https:\/\/awarenessuniversity.ch\/wp-content\/uploads\/2025\/01\/DALL\u00b7E-2025-01-12-12.43.05-An-abstract-painting-symbolizing-leadership-with-a-female-figure-standing-on-a-radiant-platform-of-light.-Her-silhouette-is-surrounded-by-sharp-angu-300x300.webp 300w, https:\/\/awarenessuniversity.ch\/wp-content\/uploads\/2025\/01\/DALL\u00b7E-2025-01-12-12.43.05-An-abstract-painting-symbolizing-leadership-with-a-female-figure-standing-on-a-radiant-platform-of-light.-Her-silhouette-is-surrounded-by-sharp-angu-150x150.webp 150w, https:\/\/awarenessuniversity.ch\/wp-content\/uploads\/2025\/01\/DALL\u00b7E-2025-01-12-12.43.05-An-abstract-painting-symbolizing-leadership-with-a-female-figure-standing-on-a-radiant-platform-of-light.-Her-silhouette-is-surrounded-by-sharp-angu-768x768.webp 768w\" sizes=\"auto, (max-width: 1024px) 100vw, 1024px\" \/><\/figure>\n\n\n\n<p>La&nbsp;<strong>num\u00e9rologie en base 22<\/strong>&nbsp;est un syst\u00e8me d\u2019analyse qui utilise les 22 arch\u00e9types fondamentaux, inspir\u00e9s principalement des lettres h\u00e9bra\u00efques et des cartes du Tarot. Chaque chiffre ou arch\u00e9type porte une vibration unique et symbolique, repr\u00e9sentant des aspects essentiels de l\u2019\u00eatre humain, de ses exp\u00e9riences de vie, et de ses aspirations profondes.<\/p>\n\n\n\n<figure class=\"wp-block-image size-large\"><img loading=\"lazy\" decoding=\"async\" width=\"1024\" height=\"1024\" src=\"https:\/\/awarenessuniversity.ch\/wp-content\/uploads\/2025\/01\/ai-generated-8366616_1280-1024x1024.jpg\" alt=\"\" class=\"wp-image-2644\" srcset=\"https:\/\/awarenessuniversity.ch\/wp-content\/uploads\/2025\/01\/ai-generated-8366616_1280-1024x1024.jpg 1024w, https:\/\/awarenessuniversity.ch\/wp-content\/uploads\/2025\/01\/ai-generated-8366616_1280-300x300.jpg 300w, https:\/\/awarenessuniversity.ch\/wp-content\/uploads\/2025\/01\/ai-generated-8366616_1280-150x150.jpg 150w, https:\/\/awarenessuniversity.ch\/wp-content\/uploads\/2025\/01\/ai-generated-8366616_1280-768x768.jpg 768w, https:\/\/awarenessuniversity.ch\/wp-content\/uploads\/2025\/01\/ai-generated-8366616_1280.jpg 1280w\" sizes=\"auto, (max-width: 1024px) 100vw, 1024px\" \/><\/figure>\n\n\n\n<h4 class=\"wp-block-heading\">Principes de la Num\u00e9rologie en Base 22 :<\/h4>\n\n\n\n<ul class=\"wp-block-list\">\n<li>Chaque individu poss\u00e8de un\u00a0<strong>chemin de vie<\/strong>\u00a0unique, d\u00e9termin\u00e9 par sa date de naissance, son nom ou d&rsquo;autres \u00e9l\u00e9ments symboliques.<\/li>\n\n\n\n<li>Les\u00a0<strong>22 arch\u00e9types<\/strong>\u00a0refl\u00e8tent des qualit\u00e9s, des d\u00e9fis, des talents et des le\u00e7ons \u00e0 int\u00e9grer dans le parcours personnel et spirituel.<\/li>\n\n\n\n<li>Cette m\u00e9thode permet de\u00a0<strong>mieux se conna\u00eetre<\/strong>, de\u00a0<strong>comprendre ses sch\u00e9mas inconscients<\/strong>, et de\u00a0<strong>trouver des r\u00e9ponses<\/strong>\u00a0\u00e0 des situations complexes.<\/li>\n<\/ul>\n\n\n\n<h4 class=\"wp-block-heading\">Applications Pratiques :<\/h4>\n\n\n\n<ul class=\"wp-block-list\">\n<li><strong>Identit\u00e9 et mission de vie<\/strong>\u00a0: Identifier vos aspirations profondes et le r\u00f4le que vous \u00eates destin\u00e9 \u00e0 jouer.<\/li>\n\n\n\n<li><strong>Relations<\/strong>\u00a0: Comprendre les dynamiques relationnelles \u00e0 travers les arch\u00e9types des autres.<\/li>\n\n\n\n<li><strong>D\u00e9cision et orientation<\/strong>\u00a0: Obtenir des \u00e9clairages pour faire des choix align\u00e9s avec votre chemin de vie.<\/li>\n\n\n\n<li><strong>\u00c9quilibre \u00e9motionnel et spirituel<\/strong>\u00a0: Harmoniser les aspects de votre personnalit\u00e9 en r\u00e9sonance avec les 22 vibrations.<\/li>\n<\/ul>\n\n\n\n<h4 class=\"wp-block-heading\">Exemple d&rsquo;Arch\u00e9types :<\/h4>\n\n\n\n<ol class=\"wp-block-list\">\n<li><strong>Le B\u00e2tisseur<\/strong>\u00a0: Solidit\u00e9, patience, construction durable.<\/li>\n\n\n\n<li><strong>L\u2019Explorateur<\/strong>\u00a0: Qu\u00eate de libert\u00e9, curiosit\u00e9, ouverture \u00e0 l\u2019inconnu.<\/li>\n\n\n\n<li><strong>Le Visionnaire<\/strong>\u00a0: Inspiration, cr\u00e9ativit\u00e9, intuition proph\u00e9tique.<br>&#8230; jusqu\u2019au 22e, repr\u00e9sentant l\u2019unit\u00e9 et la pl\u00e9nitude.<\/li>\n<\/ol>\n\n\n\n<hr class=\"wp-block-separator has-alpha-channel-opacity\"\/>\n\n\n\n<p>La num\u00e9rologie en base 22 offre une approche profonde et spirituelle pour mieux comprendre votre vie et vos interactions. Elle est particuli\u00e8rement utile pour ceux en qu\u00eate de clart\u00e9 et d\u2019alignement avec leur essence profonde.<\/p>\n\n\n\n<figure class=\"wp-block-image size-large\"><img loading=\"lazy\" decoding=\"async\" width=\"1024\" height=\"682\" src=\"https:\/\/awarenessuniversity.ch\/wp-content\/uploads\/2025\/01\/gate-3267016_1280-1024x682.jpg\" alt=\"\" class=\"wp-image-2645\" srcset=\"https:\/\/awarenessuniversity.ch\/wp-content\/uploads\/2025\/01\/gate-3267016_1280-1024x682.jpg 1024w, https:\/\/awarenessuniversity.ch\/wp-content\/uploads\/2025\/01\/gate-3267016_1280-300x200.jpg 300w, https:\/\/awarenessuniversity.ch\/wp-content\/uploads\/2025\/01\/gate-3267016_1280-768x512.jpg 768w, https:\/\/awarenessuniversity.ch\/wp-content\/uploads\/2025\/01\/gate-3267016_1280.jpg 1280w\" sizes=\"auto, (max-width: 1024px) 100vw, 1024px\" \/><\/figure>\n","protected":false},"excerpt":{"rendered":"<p>La&nbsp;num\u00e9rologie en base 22&nbsp;est un syst\u00e8me d\u2019analyse qui utilise les 22 arch\u00e9types fondamentaux, inspir\u00e9s principalement des lettres h\u00e9bra\u00efques et des cartes du Tarot. Chaque chiffre ou arch\u00e9type porte une vibration unique et symbolique, repr\u00e9sentant des aspects essentiels de l\u2019\u00eatre humain, <a class=\"more-link\" href=\"https:\/\/awarenessuniversity.ch\/index.php\/numerologie-en-base-22\/\">Lire plus &#8230;<\/a><\/p>\n","protected":false},"author":1,"featured_media":0,"parent":0,"menu_order":0,"comment_status":"closed","ping_status":"closed","template":"","meta":{"footnotes":""},"class_list":["post-2641","page","type-page","status-publish","hentry"],"_links":{"self":[{"href":"https:\/\/awarenessuniversity.ch\/index.php\/wp-json\/wp\/v2\/pages\/2641","targetHints":{"allow":["GET"]}}],"collection":[{"href":"https:\/\/awarenessuniversity.ch\/index.php\/wp-json\/wp\/v2\/pages"}],"about":[{"href":"https:\/\/awarenessuniversity.ch\/index.php\/wp-json\/wp\/v2\/types\/page"}],"author":[{"embeddable":true,"href":"https:\/\/awarenessuniversity.ch\/index.php\/wp-json\/wp\/v2\/users\/1"}],"replies":[{"embeddable":true,"href":"https:\/\/awarenessuniversity.ch\/index.php\/wp-json\/wp\/v2\/comments?post=2641"}],"version-history":[{"count":3,"href":"https:\/\/awarenessuniversity.ch\/index.php\/wp-json\/wp\/v2\/pages\/2641\/revisions"}],"predecessor-version":[{"id":2646,"href":"https:\/\/awarenessuniversity.ch\/index.php\/wp-json\/wp\/v2\/pages\/2641\/revisions\/2646"}],"wp:attachment":[{"href":"https:\/\/awarenessuniversity.ch\/index.php\/wp-json\/wp\/v2\/media?parent=2641"}],"curies":[{"name":"wp","href":"https:\/\/api.w.org\/{rel}","templated":true}]}}