{"id":2585,"date":"2025-01-12T13:19:18","date_gmt":"2025-01-12T12:19:18","guid":{"rendered":"https:\/\/awarenessuniversity.ch\/?page_id=2585"},"modified":"2025-01-12T15:04:51","modified_gmt":"2025-01-12T14:04:51","slug":"nataraj-meditation","status":"publish","type":"page","link":"https:\/\/awarenessuniversity.ch\/index.php\/nataraj-meditation\/","title":{"rendered":"Nataraj M\u00e9ditation"},"content":{"rendered":"\n<figure class=\"wp-block-image size-large\"><img loading=\"lazy\" decoding=\"async\" width=\"886\" height=\"1024\" src=\"https:\/\/awarenessuniversity.ch\/wp-content\/uploads\/2025\/01\/danse-conscience--886x1024.jpg\" alt=\"\" class=\"wp-image-2351\" srcset=\"https:\/\/awarenessuniversity.ch\/wp-content\/uploads\/2025\/01\/danse-conscience--886x1024.jpg 886w, https:\/\/awarenessuniversity.ch\/wp-content\/uploads\/2025\/01\/danse-conscience--260x300.jpg 260w, https:\/\/awarenessuniversity.ch\/wp-content\/uploads\/2025\/01\/danse-conscience--768x887.jpg 768w, https:\/\/awarenessuniversity.ch\/wp-content\/uploads\/2025\/01\/danse-conscience--1330x1536.jpg 1330w, https:\/\/awarenessuniversity.ch\/wp-content\/uploads\/2025\/01\/danse-conscience--1773x2048.jpg 1773w\" sizes=\"auto, (max-width: 886px) 100vw, 886px\" \/><\/figure>\n\n\n\n<p>La \u00ab\u202fNataraj Meditation\u202f\u00bb (souvent appel\u00e9e \u00ab\u202fm\u00e9ditation de la danse\u202f\u00bb) est l\u2019une des m\u00e9ditations actives cr\u00e9\u00e9es par Osho. Son nom fait r\u00e9f\u00e9rence \u00e0 Nataraja, la forme du dieu hindou Shiva en tant que danseur cosmique. L\u2019id\u00e9e est de faire de la danse un pont vers l\u2019\u00e9tat m\u00e9ditatif\u202f: en se laissant emporter totalement par le mouvement, on finit par se vider l\u2019esprit et atteindre une pr\u00e9sence totale \u00e0 soi.<\/p>\n\n\n\n<h2 class=\"wp-block-heading\">B\u00e9n\u00e9fices potentiels<\/h2>\n\n\n\n<ul class=\"wp-block-list\">\n<li><strong>Lib\u00e9ration \u00e9motionnelle<\/strong>&nbsp;: La danse aide \u00e0 \u00e9vacuer les tensions et le stress accumul\u00e9s.<\/li>\n\n\n\n<li><strong>Ancrage dans le corps<\/strong>&nbsp;: En bougeant spontan\u00e9ment, on devient plus conscient de ses sensations corporelles.<\/li>\n\n\n\n<li><strong>Calme mental<\/strong>&nbsp;: Apr\u00e8s s\u2019\u00eatre \u00ab\u202fd\u00e9foul\u00e9\u202f\u00bb dans la danse, l\u2019immobilit\u00e9 de la deuxi\u00e8me phase apporte une clart\u00e9 int\u00e9rieure et un sentiment de paix.<\/li>\n\n\n\n<li><strong>Expression cr\u00e9ative<\/strong>&nbsp;: Le fait de danser sans jugement stimule la cr\u00e9ativit\u00e9 et l\u2019expression de soi.<\/li>\n<\/ul>\n\n\n\n<h2 class=\"wp-block-heading\">Points importants<\/h2>\n\n\n\n<ul class=\"wp-block-list\">\n<li><strong>Aucune performance \u00e0 rechercher<\/strong>&nbsp;: Ce n\u2019est pas un concours de danse. C\u2019est un moment pour l\u00e2cher tout contr\u00f4le mental et laisser le corps s\u2019exprimer.<\/li>\n\n\n\n<li><strong>Respect de son propre rythme<\/strong>\u00a0: Danse intens\u00e9ment si tu le sens, ou plus doucement si tu es fatigu\u00e9 ou d\u00e9butant.<\/li>\n<\/ul>\n\n\n\n<p>En r\u00e9sum\u00e9, la Nataraj Meditation d\u2019Osho est une invitation \u00e0 explorer la danse comme portail vers un \u00e9tat m\u00e9ditatif profond. Elle combine \u00e9nergie, rel\u00e2chement, silence et c\u00e9l\u00e9bration dans une seule pratique. C\u2019est une forme de m\u00e9ditation tr\u00e8s adapt\u00e9e \u00e0 ceux qui ont du mal \u00e0 rester immobiles et silencieux d\u00e8s le d\u00e9but, car l\u2019\u00e9nergie du mouvement facilite l\u2019entr\u00e9e dans la pleine conscience.<\/p>\n\n\n\n<figure class=\"wp-block-image size-full\"><img loading=\"lazy\" decoding=\"async\" width=\"1024\" height=\"1024\" src=\"https:\/\/awarenessuniversity.ch\/wp-content\/uploads\/2025\/01\/dynamic-meditation-inspired-by-Osho.-The-participants-are-chaotically-scattered-st.webp\" alt=\"\" class=\"wp-image-2514\" srcset=\"https:\/\/awarenessuniversity.ch\/wp-content\/uploads\/2025\/01\/dynamic-meditation-inspired-by-Osho.-The-participants-are-chaotically-scattered-st.webp 1024w, https:\/\/awarenessuniversity.ch\/wp-content\/uploads\/2025\/01\/dynamic-meditation-inspired-by-Osho.-The-participants-are-chaotically-scattered-st-300x300.webp 300w, https:\/\/awarenessuniversity.ch\/wp-content\/uploads\/2025\/01\/dynamic-meditation-inspired-by-Osho.-The-participants-are-chaotically-scattered-st-150x150.webp 150w, https:\/\/awarenessuniversity.ch\/wp-content\/uploads\/2025\/01\/dynamic-meditation-inspired-by-Osho.-The-participants-are-chaotically-scattered-st-768x768.webp 768w\" sizes=\"auto, (max-width: 1024px) 100vw, 1024px\" \/><\/figure>\n","protected":false},"excerpt":{"rendered":"<p>La \u00ab\u202fNataraj Meditation\u202f\u00bb (souvent appel\u00e9e \u00ab\u202fm\u00e9ditation de la danse\u202f\u00bb) est l\u2019une des m\u00e9ditations actives cr\u00e9\u00e9es par Osho. Son nom fait r\u00e9f\u00e9rence \u00e0 Nataraja, la forme du dieu hindou Shiva en tant que danseur cosmique. L\u2019id\u00e9e est de faire de la <a class=\"more-link\" href=\"https:\/\/awarenessuniversity.ch\/index.php\/nataraj-meditation\/\">Lire plus &#8230;<\/a><\/p>\n","protected":false},"author":1,"featured_media":0,"parent":0,"menu_order":0,"comment_status":"closed","ping_status":"closed","template":"","meta":{"footnotes":""},"class_list":["post-2585","page","type-page","status-publish","hentry"],"_links":{"self":[{"href":"https:\/\/awarenessuniversity.ch\/index.php\/wp-json\/wp\/v2\/pages\/2585","targetHints":{"allow":["GET"]}}],"collection":[{"href":"https:\/\/awarenessuniversity.ch\/index.php\/wp-json\/wp\/v2\/pages"}],"about":[{"href":"https:\/\/awarenessuniversity.ch\/index.php\/wp-json\/wp\/v2\/types\/page"}],"author":[{"embeddable":true,"href":"https:\/\/awarenessuniversity.ch\/index.php\/wp-json\/wp\/v2\/users\/1"}],"replies":[{"embeddable":true,"href":"https:\/\/awarenessuniversity.ch\/index.php\/wp-json\/wp\/v2\/comments?post=2585"}],"version-history":[{"count":3,"href":"https:\/\/awarenessuniversity.ch\/index.php\/wp-json\/wp\/v2\/pages\/2585\/revisions"}],"predecessor-version":[{"id":2613,"href":"https:\/\/awarenessuniversity.ch\/index.php\/wp-json\/wp\/v2\/pages\/2585\/revisions\/2613"}],"wp:attachment":[{"href":"https:\/\/awarenessuniversity.ch\/index.php\/wp-json\/wp\/v2\/media?parent=2585"}],"curies":[{"name":"wp","href":"https:\/\/api.w.org\/{rel}","templated":true}]}}