{"id":2489,"date":"2025-01-10T23:48:51","date_gmt":"2025-01-10T22:48:51","guid":{"rendered":"https:\/\/awarenessuniversity.ch\/?page_id=2489"},"modified":"2025-01-10T23:48:51","modified_gmt":"2025-01-10T22:48:51","slug":"les-outilles-daccompagnement-coaching-avec-aurika-ursu","status":"publish","type":"page","link":"https:\/\/awarenessuniversity.ch\/index.php\/les-outilles-daccompagnement-coaching-avec-aurika-ursu\/","title":{"rendered":"Les outilles d\u2019accompagnement coaching avec Aurika Ursu"},"content":{"rendered":"\n<figure class=\"wp-block-image size-full\"><img loading=\"lazy\" decoding=\"async\" width=\"640\" height=\"640\" src=\"https:\/\/awarenessuniversity.ch\/wp-content\/uploads\/2023\/09\/Arbre-de-la-vie-.png\" alt=\"\" class=\"wp-image-1994\" srcset=\"https:\/\/awarenessuniversity.ch\/wp-content\/uploads\/2023\/09\/Arbre-de-la-vie-.png 640w, https:\/\/awarenessuniversity.ch\/wp-content\/uploads\/2023\/09\/Arbre-de-la-vie--300x300.png 300w, https:\/\/awarenessuniversity.ch\/wp-content\/uploads\/2023\/09\/Arbre-de-la-vie--150x150.png 150w\" sizes=\"auto, (max-width: 640px) 100vw, 640px\" \/><\/figure>\n\n\n\n<h3 class=\"wp-block-heading\">1. Coaching Holistique<\/h3>\n\n\n\n<p>Le coaching holistique consid\u00e8re l\u2019individu dans sa globalit\u00e9 \u2013 corps, esprit, \u00e9motions et \u00e2me \u2013 pour atteindre un \u00e9quilibre harmonieux. Il combine des techniques de coaching traditionnelles avec des pratiques compl\u00e9mentaires telles que la m\u00e9ditation, la pleine conscience et la gu\u00e9rison \u00e9nerg\u00e9tique. Le coaching holistique vise \u00e0 aligner les objectifs personnels et professionnels avec les valeurs profondes de l\u2019individu, favorisant ainsi une vie plus \u00e9panouissante et align\u00e9e.<\/p>\n\n\n\n<h3 class=\"wp-block-heading\">2. Hypnose Humaniste<\/h3>\n\n\n\n<p>L&rsquo;hypnose humaniste, d\u00e9velopp\u00e9e par Olivier Lockert, se distingue par son approche de l&rsquo;\u00e9largissement de la conscience. Contrairement \u00e0 l&rsquo;hypnose traditionnelle, elle maintient le sujet dans un \u00e9tat de conscience accru, permettant une participation active dans le processus th\u00e9rapeutique. Cette m\u00e9thode est utilis\u00e9e pour traiter les traumatismes, les phobies, et pour favoriser le d\u00e9veloppement personnel, en utilisant des m\u00e9taphores et des symboles pour faciliter la gu\u00e9rison et la transformation int\u00e9rieure.<\/p>\n\n\n\n<h3 class=\"wp-block-heading\">3. Leadership<\/h3>\n\n\n\n<p>Le leadership authentique repose sur l\u2019alignement et l\u2019ouverture du c\u0153ur, assurant une congruence entre les actions d\u2019un leader et ses valeurs personnelles. En exploitant leur pouvoir cr\u00e9ateur, les leaders authentiques inspirent et influencent positivement leur entourage. Cette approche valorise l\u2019authenticit\u00e9, la vuln\u00e9rabilit\u00e9, et la capacit\u00e9 \u00e0 innover en harmonisant la vision personnelle avec les aspirations collectives.<\/p>\n\n\n\n<h3 class=\"wp-block-heading\">4. Leadership de nos Personnages Internes<\/h3>\n\n\n\n<p>Le leadership de nos personnages internes est une exploration introspective visant \u00e0 identifier et harmoniser les diff\u00e9rentes facettes de soi qui influencent les comportements. Cette m\u00e9thode permet de naviguer entre les besoins de divers aspects de soi pour d\u00e9velopper un leadership plus \u00e9quilibr\u00e9 et coh\u00e9rent, facilitant ainsi une prise de d\u00e9cision \u00e9clair\u00e9e et une communication authentique.<\/p>\n\n\n\n<h3 class=\"wp-block-heading\">5. Management<\/h3>\n\n\n\n<p>Le management \u00e9thique et durable vise \u00e0 cr\u00e9er un environnement de travail sain, soutenant le d\u00e9veloppement personnel des employ\u00e9s et garantissant que les objectifs organisationnels sont align\u00e9s avec des valeurs \u00e9thiques et responsables. Cette approche favorise une culture d\u2019entreprise positive, encourage la collaboration et promeut la responsabilit\u00e9 sociale.<\/p>\n\n\n\n<h3 class=\"wp-block-heading\">6. Marketing &amp; Communication<\/h3>\n\n\n\n<p>Le marketing \u00e9thique et \u00e9coresponsable se concentre sur le d\u00e9veloppement de strat\u00e9gies align\u00e9es avec des valeurs \u00e9thiques, o\u00f9 les moyens et les objectifs sont en harmonie. Il s\u2019agit de promouvoir des produits ou services de mani\u00e8re respectueuse des besoins individuels et collectifs, en mettant l\u2019accent sur la transparence, la durabilit\u00e9, et le bien-\u00eatre de la communaut\u00e9. Cette approche encourage des pratiques commerciales qui soutiennent la sant\u00e9 globale et l\u2019int\u00e9grit\u00e9 de l\u2019\u00e9cosyst\u00e8me.<\/p>\n\n\n\n<h3 class=\"wp-block-heading\">7. Programmation Neuro-Linguistique (PNL)<\/h3>\n\n\n\n<p>La Programmation Neuro-Linguistique est une approche de communication, de d\u00e9veloppement personnel et de psychoth\u00e9rapie cr\u00e9\u00e9e dans les ann\u00e9es 1970. Elle se concentre sur la mani\u00e8re dont les individus per\u00e7oivent le monde et comment ils peuvent reprogrammer leurs sch\u00e9mas mentaux et comportementaux pour atteindre des objectifs personnels et professionnels. La PNL utilise des techniques telles que l\u2019ancrage, le recadrage et la mod\u00e9lisation de l\u2019excellence pour am\u00e9liorer la communication, la confiance en soi, et les comp\u00e9tences de r\u00e9solution de probl\u00e8mes.<\/p>\n\n\n\n<h2 class=\"wp-block-heading\">9. Hypnose issue de la PNL et de l\u2019approche Ericksonienne<\/h2>\n\n\n\n<p><br>Plongez dans un \u00e9tat de conscience \u00e9largie, o\u00f9 le langage subtil, les m\u00e9taphores personnalis\u00e9es et la flexibilit\u00e9 de la PNL s\u2019allient pour stimuler vos ressources int\u00e9rieures. Inspir\u00e9e des travaux de Milton Erickson, cette forme d\u2019hypnose favorise un accompagnement respectueux et non-directif, o\u00f9 chaque suggestion est adapt\u00e9e aux besoins et aux particularit\u00e9s de la personne. Loin d\u2019une simple induction hypnotique, elle invite \u00e0 un dialogue cr\u00e9atif entre conscient et inconscient, permettant de d\u00e9nouer les sch\u00e9mas limitants et d\u2019activer le potentiel d\u2019\u00e9volution et de changement durable.<\/p>\n\n\n\n<h3 class=\"wp-block-heading\">10. Analyse Transactionnelle (AT)<\/h3>\n\n\n\n<p>L\u2019Analyse Transactionnelle, d\u00e9velopp\u00e9e par Eric Berne dans les ann\u00e9es 1950, est une th\u00e9orie de la personnalit\u00e9 et une approche syst\u00e9matique de la psychoth\u00e9rapie. Elle repose sur l\u2019id\u00e9e que chaque individu poss\u00e8de trois \u00e9tats du moi : Parent, Adulte, et Enfant. Ces \u00e9tats influencent les comportements et les interactions sociales. L\u2019AT vise \u00e0 identifier et changer les transactions (interactions) inefficaces et \u00e0 encourager des \u00e9changes plus positifs et authentiques. Elle est souvent utilis\u00e9e pour am\u00e9liorer la communication, la prise de d\u00e9cision et la r\u00e9solution des conflits.<\/p>\n\n\n\n<h3 class=\"wp-block-heading\">11. M\u00e9ditation Active<\/h3>\n\n\n\n<p>La m\u00e9ditation active, popularis\u00e9e par Osho, est une forme de m\u00e9ditation dynamique qui combine des mouvements physiques, des respirations intenses, et des sons pour lib\u00e9rer les tensions accumul\u00e9es avant d\u2019entrer dans un \u00e9tat de silence int\u00e9rieur. Contrairement \u00e0 la m\u00e9ditation traditionnelle, elle permet de canaliser l\u2019\u00e9nergie corporelle et mentale \u00e0 travers des activit\u00e9s expressives, aidant \u00e0 \u00e9liminer les blocages et \u00e0 atteindre un \u00e9tat de calme profond.<\/p>\n\n\n\n<p>Ces synth\u00e8ses mettent en lumi\u00e8re les m\u00e9thodes vari\u00e9es pour traiter le trauma, r\u00e9duire le stress et promouvoir le bien-\u00eatre, chacune offrant une approche unique \u00e0 travers le corps et l\u2019esprit.<\/p>\n\n\n\n<h3 class=\"wp-block-heading\">12. Gestalt-th\u00e9rapie<\/h3>\n\n\n\n<p>La Gestalt-th\u00e9rapie, fond\u00e9e par Fritz Perls dans les ann\u00e9es 1940, met l\u2019accent sur l\u2019exp\u00e9rience actuelle et la prise de conscience dans le moment pr\u00e9sent. Elle int\u00e8gre des aspects de l\u2019\u00e9motion, du comportement, et de la cognition pour aider les individus \u00e0 comprendre leurs sentiments et leurs actions dans le contexte de leur environnement. La Gestalt-th\u00e9rapie utilise des techniques comme le dialogue entre parties du soi, l\u2019exploration des r\u00eaves, et l\u2019exp\u00e9rimentation pour encourager la responsabilit\u00e9 personnelle et l\u2019auto-r\u00e9alisation.<\/p>\n\n\n\n<h3 class=\"wp-block-heading\">13. N\u00e9uro-s\u00e9mantique<\/h3>\n\n\n\n<p>La Neuro-s\u00e9mantique est une extension de la PNL qui se concentre sur la signification et l\u2019impact des croyances et des valeurs sur le comportement humain. D\u00e9velopp\u00e9e par Michael Hall, elle explore comment les significations que nous donnons \u00e0 nos exp\u00e9riences influencent nos \u00e9motions et nos actions. La neuro-s\u00e9mantique utilise des mod\u00e8les pour identifier et transformer les significations limitantes et les syst\u00e8mes de croyances afin de lib\u00e9rer le potentiel humain et de favoriser l\u2019\u00e9panouissement personnel et professionnel.<\/p>\n\n\n\n<p>Ces approches offrent des perspectives diverses et compl\u00e9mentaires pour le d\u00e9veloppement personnel et la th\u00e9rapie, chacune ayant ses propres m\u00e9thodes et objectifs.<\/p>\n\n\n\n<h3 class=\"wp-block-heading\">14. Constellation Familiale<\/h3>\n\n\n\n<p>Les constellations familiales, d\u00e9velopp\u00e9es par Bert Hellinger, sont une approche th\u00e9rapeutique qui explore les dynamiques familiales inconscientes qui influencent les comportements et les \u00e9motions. Cette m\u00e9thode aide \u00e0 r\u00e9v\u00e9ler les conflits transg\u00e9n\u00e9rationnels et les sch\u00e9mas r\u00e9p\u00e9titifs, permettant aux individus de lib\u00e9rer les blocages \u00e9motionnels et de restaurer l\u2019harmonie familiale. Les constellations sont souvent r\u00e9alis\u00e9es en groupe, o\u00f9 les participants repr\u00e9sentent les membres de la famille du client, facilitant ainsi la prise de conscience et la gu\u00e9rison.<\/p>\n\n\n\n<h3 class=\"wp-block-heading\"><\/h3>\n\n\n\n<h3 class=\"wp-block-heading\">15. EMDR (Eye Movement Desensitization and Reprocessing)<\/h3>\n\n\n\n<p>L\u2019EMDR est une technique de traitement des traumatismes qui utilise la stimulation bilat\u00e9rale, comme les mouvements oculaires, pour aider les individus \u00e0 retraiter des souvenirs perturbants. Cette m\u00e9thode, d\u00e9velopp\u00e9e par Francine Shapiro, est particuli\u00e8rement efficace pour les troubles de stress post-traumatique (TSPT) et permet de r\u00e9duire l\u2019intensit\u00e9 \u00e9motionnelle associ\u00e9e aux souvenirs traumatiques, aidant ainsi \u00e0 int\u00e9grer ces exp\u00e9riences de mani\u00e8re plus adaptative.<\/p>\n\n\n\n<h3 class=\"wp-block-heading\">15. Art-th\u00e9rapie<\/h3>\n\n\n\n<p>L\u2019art-th\u00e9rapie utilise le processus cr\u00e9atif pour aider les individus \u00e0 explorer et exprimer leurs \u00e9motions, leurs pens\u00e9es, et leurs exp\u00e9riences. En engageant des techniques artistiques telles que le dessin, la peinture ou la sculpture, cette forme de th\u00e9rapie favorise la gu\u00e9rison \u00e9motionnelle, la r\u00e9solution de conflits, et le d\u00e9veloppement personnel.<\/p>\n\n\n\n<h3 class=\"wp-block-heading\"><\/h3>\n\n\n\n<h3 class=\"wp-block-heading\">16. Num\u00e9rologie en Base 22<\/h3>\n\n\n\n<p>La num\u00e9rologie en base 22 est une m\u00e9thode qui utilise les nombres pour comprendre les sch\u00e9mas de vie et les potentiels de d\u00e9veloppement personnel. Chaque nombre de 1 \u00e0 22 a une signification particuli\u00e8re, influen\u00e7ant la mani\u00e8re dont une personne interagit avec le monde et poursuit ses objectifs. Cette approche offre des outils pour mieux se conna\u00eetre et orienter ses choix de mani\u00e8re plus \u00e9clair\u00e9e.<\/p>\n\n\n\n<h3 class=\"wp-block-heading\">17. TRE (Trauma Release Exercises)<\/h3>\n\n\n\n<p>Le TRE, ou exercices de lib\u00e9ration du trauma, est une m\u00e9thode corporelle qui utilise des tremblements naturels induits pour rel\u00e2cher les tensions profondes et le stress accumul\u00e9s \u00e0 la suite de traumatismes ou d\u2019exp\u00e9riences stressantes. D\u00e9velopp\u00e9 par David Berceli, le TRE vise \u00e0 activer le m\u00e9canisme naturel de r\u00e9gulation du corps pour lib\u00e9rer les blocages \u00e9motionnels et favoriser un \u00e9tat de relaxation et de bien-\u00eatre.<\/p>\n\n\n\n<h3 class=\"wp-block-heading\">18. Somatic Experiencing<\/h3>\n\n\n\n<p>La Somatic Experiencing, fond\u00e9e par Peter Levine, est une approche th\u00e9rapeutique qui aide \u00e0 lib\u00e9rer le trauma en se concentrant sur les sensations corporelles. En permettant au syst\u00e8me nerveux de se r\u00e9\u00e9quilibrer, cette m\u00e9thode vise \u00e0 r\u00e9duire les effets du stress post-traumatique en encourageant une lib\u00e9ration progressive des \u00e9nergies bloqu\u00e9es sans revivre directement l\u2019\u00e9v\u00e9nement traumatique. Cela aide \u00e0 restaurer un sentiment de s\u00e9curit\u00e9 et d\u2019int\u00e9gration.<\/p>\n\n\n\n<h3 class=\"wp-block-heading\">19. Hygi\u00e9nisme (Je\u00fbne, Je\u00fbne Intermittent, Alimentation Vivante)<\/h3>\n\n\n\n<p>L\u2019hygi\u00e9nisme est une philosophie de sant\u00e9 qui privil\u00e9gie des pratiques naturelles telles que le je\u00fbne, le je\u00fbne intermittent et l\u2019alimentation vivante (crudivorisme). Cette approche vise \u00e0 renforcer la vitalit\u00e9 et \u00e0 favoriser l\u2019auto-gu\u00e9rison du corps en respectant ses besoins biologiques fondamentaux. Elle propose de revenir \u00e0 des modes de vie plus simples et naturels pour maintenir un \u00e9quilibre optimal de sant\u00e9.<\/p>\n\n\n\n<p>Ces synth\u00e8ses mettent en lumi\u00e8re les diverses m\u00e9thodes de leadership, de gestion, de th\u00e9rapie et de d\u00e9veloppement personnel, offrant des perspectives riches et vari\u00e9es pour ceux qui cherchent \u00e0 am\u00e9liorer leur bien-\u00eatre et leur efficacit\u00e9 personnelle.<\/p>\n\n\n\n<h2 class=\"wp-block-heading\">20. Panorama Social<\/h2>\n\n\n\n<p>Le Panorama Social, d\u00e9velopp\u00e9 par Lucas Derks, est une m\u00e9thode de repr\u00e9sentation mentale qui explore les relations interpersonnelles et les dynamiques sociales \u00e0 travers des visualisations spatiales. Cette approche utilise des m\u00e9taphores spatiales pour cartographier comment une personne per\u00e7oit les autres dans son espace mental, r\u00e9v\u00e9lant ainsi les mod\u00e8les de relations et les influences sociales. En ajustant ces repr\u00e9sentations mentales, le Panorama Social permet de modifier les perceptions et de transformer les relations, am\u00e9liorant ainsi la communication, la confiance en soi, et les interactions sociales. Cette m\u00e9thode est particuli\u00e8rement utile pour traiter les conflits, renforcer les liens sociaux, et d\u00e9velopper une meilleure compr\u00e9hension de soi et des autres.<\/p>\n","protected":false},"excerpt":{"rendered":"<p>1. Coaching Holistique Le coaching holistique consid\u00e8re l\u2019individu dans sa globalit\u00e9 \u2013 corps, esprit, \u00e9motions et \u00e2me \u2013 pour atteindre un \u00e9quilibre harmonieux. Il combine des techniques de coaching traditionnelles avec des pratiques compl\u00e9mentaires telles que la m\u00e9ditation, la pleine <a class=\"more-link\" href=\"https:\/\/awarenessuniversity.ch\/index.php\/les-outilles-daccompagnement-coaching-avec-aurika-ursu\/\">Lire plus &#8230;<\/a><\/p>\n","protected":false},"author":1,"featured_media":0,"parent":0,"menu_order":0,"comment_status":"closed","ping_status":"closed","template":"","meta":{"footnotes":""},"class_list":["post-2489","page","type-page","status-publish","hentry"],"_links":{"self":[{"href":"https:\/\/awarenessuniversity.ch\/index.php\/wp-json\/wp\/v2\/pages\/2489","targetHints":{"allow":["GET"]}}],"collection":[{"href":"https:\/\/awarenessuniversity.ch\/index.php\/wp-json\/wp\/v2\/pages"}],"about":[{"href":"https:\/\/awarenessuniversity.ch\/index.php\/wp-json\/wp\/v2\/types\/page"}],"author":[{"embeddable":true,"href":"https:\/\/awarenessuniversity.ch\/index.php\/wp-json\/wp\/v2\/users\/1"}],"replies":[{"embeddable":true,"href":"https:\/\/awarenessuniversity.ch\/index.php\/wp-json\/wp\/v2\/comments?post=2489"}],"version-history":[{"count":1,"href":"https:\/\/awarenessuniversity.ch\/index.php\/wp-json\/wp\/v2\/pages\/2489\/revisions"}],"predecessor-version":[{"id":2490,"href":"https:\/\/awarenessuniversity.ch\/index.php\/wp-json\/wp\/v2\/pages\/2489\/revisions\/2490"}],"wp:attachment":[{"href":"https:\/\/awarenessuniversity.ch\/index.php\/wp-json\/wp\/v2\/media?parent=2489"}],"curies":[{"name":"wp","href":"https:\/\/api.w.org\/{rel}","templated":true}]}}