{"id":2474,"date":"2025-01-10T22:55:15","date_gmt":"2025-01-10T21:55:15","guid":{"rendered":"https:\/\/awarenessuniversity.ch\/?page_id=2474"},"modified":"2025-01-16T12:07:00","modified_gmt":"2025-01-16T11:07:00","slug":"tarif","status":"publish","type":"page","link":"https:\/\/awarenessuniversity.ch\/index.php\/tarif\/","title":{"rendered":"TARIF"},"content":{"rendered":"\n<p><\/p>\n\n\n\n<h3 class=\"wp-block-heading\">Nous proposons plusieurs formules de coaching pour r\u00e9pondre \u00e0 des besoins vari\u00e9s et offrir une flexibilit\u00e9 adapt\u00e9e \u00e0 chacun :<\/h3>\n\n\n\n<hr class=\"wp-block-separator has-alpha-channel-opacity\"\/>\n\n\n\n<h3 class=\"wp-block-heading\">1. Coaching One Shot<\/h3>\n\n\n\n<p>Le&nbsp;<strong>Coaching One Shot<\/strong>&nbsp;est con\u00e7u pour la s\u00e9ance de contact , r\u00e9pondre \u00e0 un besoin imm\u00e9diat, traiter une probl\u00e9matique pr\u00e9cise ou explorer une question importante en une seule s\u00e9ance.<\/p>\n\n\n\n<p><strong>Tarif\u202f:<\/strong><\/p>\n\n\n\n<ul class=\"wp-block-list\">\n<li>Premi\u00e8re s\u00e9ance de contact\u202f: 200 CHF<\/li>\n\n\n\n<li>S\u00e9ance One Shot\u202f: 160 CHF<\/li>\n<\/ul>\n\n\n\n<hr class=\"wp-block-separator has-alpha-channel-opacity\"\/>\n\n\n\n<h3 class=\"wp-block-heading\">2. Coaching G\u00e9n\u00e9ratif<\/h3>\n\n\n\n<p>Pour ceux qui pr\u00e9f\u00e8rent avancer \u00e0 leur rythme, le&nbsp;<strong>Coaching G\u00e9n\u00e9ratif&nbsp;<\/strong>offre un suivi r\u00e9gulier, sans engagement sur un nombre fixe de s\u00e9ances.<br>Cette formule convient si vous souhaitez\u202f:<\/p>\n\n\n\n<ul class=\"wp-block-list\">\n<li>Aborder des th\u00e9matiques vari\u00e9es au fil des s\u00e9ances<\/li>\n\n\n\n<li>Progresser en fonction de vos besoins du moment<\/li>\n<\/ul>\n\n\n\n<p><strong>Tarif\u202f:<\/strong><\/p>\n\n\n\n<ul class=\"wp-block-list\">\n<li>S\u00e9ance standard\u202f: 160 CHF<\/li>\n<\/ul>\n\n\n\n<hr class=\"wp-block-separator has-alpha-channel-opacity\"\/>\n\n\n\n<h3 class=\"wp-block-heading\">3. Coaching en Bloc<\/h3>\n\n\n\n<p>Le&nbsp;<strong>Coaching en Bloc<\/strong>&nbsp;est destin\u00e9 \u00e0 ceux qui souhaitent s\u2019engager sur un programme structur\u00e9 et b\u00e9n\u00e9ficier d\u2019un tarif pr\u00e9f\u00e9rentiel. Chaque bloc de 7 s\u00e9ances permet d\u2019approfondir les th\u00e9matiques abord\u00e9es et d\u2019assurer une progression continue.<\/p>\n\n\n\n<p><strong>Tarifs\u202f:<\/strong><\/p>\n\n\n\n<ul class=\"wp-block-list\">\n<li>Bloc de 7 s\u00e9ances\u202f: 910 CHF (soit 130 CHF par s\u00e9ance, payable \u00e0 l\u2019avance)<\/li>\n\n\n\n<li>Entreprise, bloc de 7 s\u00e9ances\u202f: 1\u202f220 CHF (soit 160 CHF par s\u00e9ance, payable \u00e0 l\u2019avance)<\/li>\n<\/ul>\n\n\n\n<hr class=\"wp-block-separator has-alpha-channel-opacity\"\/>\n\n\n\n<h2 class=\"wp-block-heading\">Modalit\u00e9s de paiement<\/h2>\n\n\n\n<p>Le paiement s\u2019effectue \u00e0 l\u2019avance par virement bancaire. La preuve de paiement doit \u00eatre pr\u00e9sent\u00e9e lors du rendez-vous.<\/p>\n\n\n\n<p><strong>Coordonn\u00e9es bancaires<\/strong><\/p>\n\n\n\n<ul class=\"wp-block-list\">\n<li><strong>Nom<\/strong>\u202f: Aurika Ursu<\/li>\n\n\n\n<li><strong>PostFinance IBAN<\/strong>\u202f: CH7809000000 149689918<\/li>\n<\/ul>\n\n\n\n<hr class=\"wp-block-separator has-alpha-channel-opacity\"\/>\n\n\n\n<h2 class=\"wp-block-heading\">Politique de changement et d\u2019annulation<\/h2>\n\n\n\n<ul class=\"wp-block-list\">\n<li>Les changements de rendez-vous doivent \u00eatre demand\u00e9s&nbsp;<strong>au moins 48 heures \u00e0 l\u2019avance<\/strong>.<\/li>\n\n\n\n<li>Les rendez-vous ne sont pas remboursables.<\/li>\n<\/ul>\n\n\n\n<hr class=\"wp-block-separator has-alpha-channel-opacity\"\/>\n\n\n\n<h2 class=\"wp-block-heading\">Adresse de r\u00e9ception<\/h2>\n\n\n\n<p><strong>19 Route de Vilagen, 1214 Vernier<\/strong><\/p>\n\n\n\n<p><\/p>\n","protected":false},"excerpt":{"rendered":"<p>Nous proposons plusieurs formules de coaching pour r\u00e9pondre \u00e0 des besoins vari\u00e9s et offrir une flexibilit\u00e9 adapt\u00e9e \u00e0 chacun : 1. Coaching One Shot Le&nbsp;Coaching One Shot&nbsp;est con\u00e7u pour la s\u00e9ance de contact , r\u00e9pondre \u00e0 un besoin imm\u00e9diat, traiter <a class=\"more-link\" href=\"https:\/\/awarenessuniversity.ch\/index.php\/tarif\/\">Lire plus &#8230;<\/a><\/p>\n","protected":false},"author":1,"featured_media":0,"parent":0,"menu_order":0,"comment_status":"closed","ping_status":"closed","template":"","meta":{"footnotes":""},"class_list":["post-2474","page","type-page","status-publish","hentry"],"_links":{"self":[{"href":"https:\/\/awarenessuniversity.ch\/index.php\/wp-json\/wp\/v2\/pages\/2474","targetHints":{"allow":["GET"]}}],"collection":[{"href":"https:\/\/awarenessuniversity.ch\/index.php\/wp-json\/wp\/v2\/pages"}],"about":[{"href":"https:\/\/awarenessuniversity.ch\/index.php\/wp-json\/wp\/v2\/types\/page"}],"author":[{"embeddable":true,"href":"https:\/\/awarenessuniversity.ch\/index.php\/wp-json\/wp\/v2\/users\/1"}],"replies":[{"embeddable":true,"href":"https:\/\/awarenessuniversity.ch\/index.php\/wp-json\/wp\/v2\/comments?post=2474"}],"version-history":[{"count":7,"href":"https:\/\/awarenessuniversity.ch\/index.php\/wp-json\/wp\/v2\/pages\/2474\/revisions"}],"predecessor-version":[{"id":2711,"href":"https:\/\/awarenessuniversity.ch\/index.php\/wp-json\/wp\/v2\/pages\/2474\/revisions\/2711"}],"wp:attachment":[{"href":"https:\/\/awarenessuniversity.ch\/index.php\/wp-json\/wp\/v2\/media?parent=2474"}],"curies":[{"name":"wp","href":"https:\/\/api.w.org\/{rel}","templated":true}]}}