{"id":2301,"date":"2025-01-07T20:29:34","date_gmt":"2025-01-07T19:29:34","guid":{"rendered":"https:\/\/awarenessuniversity.ch\/?page_id=2301"},"modified":"2025-01-15T20:15:51","modified_gmt":"2025-01-15T19:15:51","slug":"coaching-identie-et-leadership","status":"publish","type":"page","link":"https:\/\/awarenessuniversity.ch\/index.php\/coaching-identie-et-leadership\/","title":{"rendered":"COACHING IDENTI\u00c9 ET LEADERSHIP\u00a0"},"content":{"rendered":"\n<figure class=\"wp-block-image size-full\"><img loading=\"lazy\" decoding=\"async\" width=\"1024\" height=\"1024\" src=\"https:\/\/awarenessuniversity.ch\/wp-content\/uploads\/2025\/01\/DALL\u00b7E-2025-01-11-18.30.46-A-conceptual-digital-artwork-representing-identity-leadership-and-business-featuring-a-confident-leader-standing-in-the-center-of-a-futuristic-hig.webp\" alt=\"\" class=\"wp-image-2528\" srcset=\"https:\/\/awarenessuniversity.ch\/wp-content\/uploads\/2025\/01\/DALL\u00b7E-2025-01-11-18.30.46-A-conceptual-digital-artwork-representing-identity-leadership-and-business-featuring-a-confident-leader-standing-in-the-center-of-a-futuristic-hig.webp 1024w, https:\/\/awarenessuniversity.ch\/wp-content\/uploads\/2025\/01\/DALL\u00b7E-2025-01-11-18.30.46-A-conceptual-digital-artwork-representing-identity-leadership-and-business-featuring-a-confident-leader-standing-in-the-center-of-a-futuristic-hig-300x300.webp 300w, https:\/\/awarenessuniversity.ch\/wp-content\/uploads\/2025\/01\/DALL\u00b7E-2025-01-11-18.30.46-A-conceptual-digital-artwork-representing-identity-leadership-and-business-featuring-a-confident-leader-standing-in-the-center-of-a-futuristic-hig-150x150.webp 150w, https:\/\/awarenessuniversity.ch\/wp-content\/uploads\/2025\/01\/DALL\u00b7E-2025-01-11-18.30.46-A-conceptual-digital-artwork-representing-identity-leadership-and-business-featuring-a-confident-leader-standing-in-the-center-of-a-futuristic-hig-768x768.webp 768w\" sizes=\"auto, (max-width: 1024px) 100vw, 1024px\" \/><\/figure>\n\n\n\n<h3 class=\"wp-block-heading\"><strong>Programme de Coaching : Identit\u00e9 et Leadership<\/strong> <\/h3>\n\n\n\n<p>Ce programme est con\u00e7u pour accompagner les individus dans leur qu\u00eate de connaissance de soi et de d\u00e9veloppement d\u2019un leadership authentique et align\u00e9. En combinant diverses techniques th\u00e9rapeutiques et de coaching, ce programme vise \u00e0 explorer et renforcer les dimensions cl\u00e9s de l\u2019identit\u00e9 personnelle et du leadership.<\/p>\n\n\n\n<p><strong>Objectifs du Programme :<\/strong><\/p>\n\n\n\n<ul class=\"wp-block-list\">\n<li>Mettre \u00e0 jour son histoire personnelle, notamment lors de nouveaux d\u00e9parts.<\/li>\n\n\n\n<li>Clarifier les valeurs, besoins, talents, limites, vision, mission, ambition et contribution personnelle.<\/li>\n\n\n\n<li>D\u00e9velopper une compr\u00e9hension profonde de soi et des sch\u00e9mas comportementaux.<\/li>\n\n\n\n<li>Instaurer un leadership personnel authentique, align\u00e9 avec les aspirations et les ressources int\u00e9rieures.<\/li>\n\n\n\n<li>Naviguer avec assurance \u00e0 travers les d\u00e9fis et opportunit\u00e9s professionnels et personnels.<\/li>\n\n\n\n<li>Construire un \u00ab Passeport de Libert\u00e9 \u00bb pour une vie intentionnelle et \u00e9panouissante.<\/li>\n<\/ul>\n\n\n\n<figure class=\"wp-block-image size-full\"><img loading=\"lazy\" decoding=\"async\" width=\"1024\" height=\"1024\" src=\"https:\/\/awarenessuniversity.ch\/wp-content\/uploads\/2025\/01\/DALL\u00b7E-2025-01-15-12.01.17-A-stunning-and-modern-abstract-painting-symbolizing-coaching-identity-and-leadership-featuring-a-glowing-central-female-figure-surrounded-by-vibran.webp\" alt=\"\" class=\"wp-image-2655\" srcset=\"https:\/\/awarenessuniversity.ch\/wp-content\/uploads\/2025\/01\/DALL\u00b7E-2025-01-15-12.01.17-A-stunning-and-modern-abstract-painting-symbolizing-coaching-identity-and-leadership-featuring-a-glowing-central-female-figure-surrounded-by-vibran.webp 1024w, https:\/\/awarenessuniversity.ch\/wp-content\/uploads\/2025\/01\/DALL\u00b7E-2025-01-15-12.01.17-A-stunning-and-modern-abstract-painting-symbolizing-coaching-identity-and-leadership-featuring-a-glowing-central-female-figure-surrounded-by-vibran-300x300.webp 300w, https:\/\/awarenessuniversity.ch\/wp-content\/uploads\/2025\/01\/DALL\u00b7E-2025-01-15-12.01.17-A-stunning-and-modern-abstract-painting-symbolizing-coaching-identity-and-leadership-featuring-a-glowing-central-female-figure-surrounded-by-vibran-150x150.webp 150w, https:\/\/awarenessuniversity.ch\/wp-content\/uploads\/2025\/01\/DALL\u00b7E-2025-01-15-12.01.17-A-stunning-and-modern-abstract-painting-symbolizing-coaching-identity-and-leadership-featuring-a-glowing-central-female-figure-surrounded-by-vibran-768x768.webp 768w\" sizes=\"auto, (max-width: 1024px) 100vw, 1024px\" \/><\/figure>\n\n\n\n<h3 class=\"wp-block-heading\">Techniques Utilis\u00e9es<\/h3>\n\n\n\n<p>Nous mettons en \u0153uvre l\u2019ensemble des m\u00e9thodes pr\u00e9sent\u00e9es dans la rubrique \u00ab\u202fLes outils d\u2019accompagnement\u202f\u00bb, d\u00e9velopp\u00e9es par Aurika Ursu. Celles-ci allient divers champs th\u00e9rapeutiques et p\u00e9dagogiques, pour un accompagnement v\u00e9ritablement sur mesure.  Entre autre : <\/p>\n\n\n\n<ul class=\"wp-block-list\">\n<li><strong>Coaching  G\u00e9n\u00e9ratif et  Identit\u00e9 et Leadership<\/strong>&nbsp;: Exploration des dynamiques internes et mise en \u0153uvre de strat\u00e9gies de leadership adapt\u00e9es.<\/li>\n\n\n\n<li><strong>PNL &amp; Hypnose<\/strong>&nbsp;: M\u00e9thodes pour explorer et reprogrammer les sch\u00e9mas mentaux limitants et aidants.<\/li>\n\n\n\n<li><strong>M\u00e9ditation et M\u00e9ditation Active<\/strong>&nbsp;: Pratiques pour cultiver la pleine conscience et la r\u00e9silience mentale.<\/li>\n\n\n\n<li><strong>Panorama Social<\/strong>&nbsp;: Visualisation des relations sociales et ajustement des dynamiques interpersonnelles.<\/li>\n\n\n\n<li><strong>TRE (Trauma Release Exercises)<\/strong>&nbsp;: Techniques pour lib\u00e9rer les tensions \u00e9motionnelles et physiques.<\/li>\n\n\n\n<li><strong>Somatic Experiencing<\/strong>&nbsp;: Approche pour restaurer l\u2019\u00e9quilibre du syst\u00e8me nerveux et traiter les traumatismes.<\/li>\n\n\n\n<li><strong>Etc.<\/strong> <\/li>\n<\/ul>\n\n\n\n<p><strong>Structure du Programme :<\/strong><\/p>\n\n\n\n<ul class=\"wp-block-list\">\n<li>La premi\u00e8re s\u00e9ance de contact dure 1h30 et est propos\u00e9e au tarif de 200 CHF. Elle peut \u00eatre incluse dans le programme si cela est pr\u00e9cis\u00e9 d\u00e8s le d\u00e9part.<\/li>\n\n\n\n<li>Le programme est modulable par blocs de 7 s\u00e9ances.<\/li>\n<\/ul>\n\n\n\n<p><strong>Tarification :<\/strong><\/p>\n\n\n\n<ul class=\"wp-block-list\">\n<li><strong>Tarif Programme de 7 s\u00e9ances<\/strong>&nbsp;: 910 CHF (soit 130 CHF par s\u00e9ance).<\/li>\n\n\n\n<li><strong>Bonus<\/strong>&nbsp;: Suivi des objectifs et ajustements selon les besoins identifi\u00e9s.<\/li>\n<\/ul>\n\n\n\n<p><strong>B\u00e9n\u00e9fices du Programme :<\/strong><\/p>\n\n\n\n<ul class=\"wp-block-list\">\n<li>Un cadre de soutien pour une transformation profonde.<\/li>\n\n\n\n<li>Techniques \u00e9prouv\u00e9es pour d\u00e9velopper une identit\u00e9 forte et un leadership inspir\u00e9.<\/li>\n\n\n\n<li>Accompagnement personnalis\u00e9 pour maximiser le potentiel et atteindre les objectifs.<\/li>\n<\/ul>\n\n\n\n<p>Envoyez un e-mail \u00e0&nbsp;<a>aurika@awarenessuniversity.ch<\/a>&nbsp;ou contactez-nous par WhatsApp au 079 954 09 76 en d\u00e9crivant bri\u00e8vement votre projet et votre motivation.<\/p>\n\n\n\n<figure class=\"wp-block-image size-large\"><img loading=\"lazy\" decoding=\"async\" width=\"1024\" height=\"1024\" src=\"https:\/\/awarenessuniversity.ch\/wp-content\/uploads\/2025\/01\/ai-generated-8982033_1280-1-1024x1024.jpg\" alt=\"\" class=\"wp-image-2309\" srcset=\"https:\/\/awarenessuniversity.ch\/wp-content\/uploads\/2025\/01\/ai-generated-8982033_1280-1-1024x1024.jpg 1024w, https:\/\/awarenessuniversity.ch\/wp-content\/uploads\/2025\/01\/ai-generated-8982033_1280-1-300x300.jpg 300w, https:\/\/awarenessuniversity.ch\/wp-content\/uploads\/2025\/01\/ai-generated-8982033_1280-1-150x150.jpg 150w, https:\/\/awarenessuniversity.ch\/wp-content\/uploads\/2025\/01\/ai-generated-8982033_1280-1-768x768.jpg 768w, https:\/\/awarenessuniversity.ch\/wp-content\/uploads\/2025\/01\/ai-generated-8982033_1280-1.jpg 1280w\" sizes=\"auto, (max-width: 1024px) 100vw, 1024px\" \/><\/figure>\n\n\n\n<h3 class=\"wp-block-heading\">Modalit\u00e9s de Paiement<\/h3>\n\n\n\n<p>Le paiement se fait \u00e0 l\u2019avance via un virement bancaire, avec preuve de paiement requise lors du rendez-vous.<\/p>\n\n\n\n<p><strong>Coordonn\u00e9es bancaires :<\/strong><\/p>\n\n\n\n<ul class=\"wp-block-list\">\n<li><strong>Nom<\/strong>&nbsp;: Aurika Ursu<\/li>\n\n\n\n<li><strong>PostFinance IBAN<\/strong>&nbsp;: CH7809000000 149689918<\/li>\n<\/ul>\n\n\n\n<h3 class=\"wp-block-heading\">Politiques de Changement et Annulation<\/h3>\n\n\n\n<ul class=\"wp-block-list\">\n<li>Les changements de rendez-vous peuvent \u00eatre effectu\u00e9s uniquement si demand\u00e9s plus de 48 heures \u00e0 l\u2019avance.<\/li>\n\n\n\n<li>Les rendez-vous ne sont pas remboursables.<\/li>\n<\/ul>\n\n\n\n<p><strong>Adresse de R\u00e9ception :<\/strong>&nbsp;19 Route de Vilage, Vernier 1214<\/p>\n\n\n\n<figure class=\"wp-block-image size-full\"><img loading=\"lazy\" decoding=\"async\" width=\"1024\" height=\"1024\" src=\"https:\/\/awarenessuniversity.ch\/wp-content\/uploads\/2025\/01\/DALL\u00b7E-2025-01-11-18.08.08-An-abstract-painting-illustrating-leadership-through-interconnected-motion-blending-symbols-of-highways-railways-airways-and-waterways.-The-female-1.webp\" alt=\"\" class=\"wp-image-2535\" srcset=\"https:\/\/awarenessuniversity.ch\/wp-content\/uploads\/2025\/01\/DALL\u00b7E-2025-01-11-18.08.08-An-abstract-painting-illustrating-leadership-through-interconnected-motion-blending-symbols-of-highways-railways-airways-and-waterways.-The-female-1.webp 1024w, https:\/\/awarenessuniversity.ch\/wp-content\/uploads\/2025\/01\/DALL\u00b7E-2025-01-11-18.08.08-An-abstract-painting-illustrating-leadership-through-interconnected-motion-blending-symbols-of-highways-railways-airways-and-waterways.-The-female-1-300x300.webp 300w, https:\/\/awarenessuniversity.ch\/wp-content\/uploads\/2025\/01\/DALL\u00b7E-2025-01-11-18.08.08-An-abstract-painting-illustrating-leadership-through-interconnected-motion-blending-symbols-of-highways-railways-airways-and-waterways.-The-female-1-150x150.webp 150w, https:\/\/awarenessuniversity.ch\/wp-content\/uploads\/2025\/01\/DALL\u00b7E-2025-01-11-18.08.08-An-abstract-painting-illustrating-leadership-through-interconnected-motion-blending-symbols-of-highways-railways-airways-and-waterways.-The-female-1-768x768.webp 768w\" sizes=\"auto, (max-width: 1024px) 100vw, 1024px\" \/><\/figure>\n","protected":false},"excerpt":{"rendered":"<p>Programme de Coaching : Identit\u00e9 et Leadership Ce programme est con\u00e7u pour accompagner les individus dans leur qu\u00eate de connaissance de soi et de d\u00e9veloppement d\u2019un leadership authentique et align\u00e9. En combinant diverses techniques th\u00e9rapeutiques et de coaching, ce programme <a class=\"more-link\" href=\"https:\/\/awarenessuniversity.ch\/index.php\/coaching-identie-et-leadership\/\">Lire plus &#8230;<\/a><\/p>\n","protected":false},"author":1,"featured_media":0,"parent":0,"menu_order":0,"comment_status":"closed","ping_status":"closed","template":"","meta":{"footnotes":""},"class_list":["post-2301","page","type-page","status-publish","hentry"],"_links":{"self":[{"href":"https:\/\/awarenessuniversity.ch\/index.php\/wp-json\/wp\/v2\/pages\/2301","targetHints":{"allow":["GET"]}}],"collection":[{"href":"https:\/\/awarenessuniversity.ch\/index.php\/wp-json\/wp\/v2\/pages"}],"about":[{"href":"https:\/\/awarenessuniversity.ch\/index.php\/wp-json\/wp\/v2\/types\/page"}],"author":[{"embeddable":true,"href":"https:\/\/awarenessuniversity.ch\/index.php\/wp-json\/wp\/v2\/users\/1"}],"replies":[{"embeddable":true,"href":"https:\/\/awarenessuniversity.ch\/index.php\/wp-json\/wp\/v2\/comments?post=2301"}],"version-history":[{"count":27,"href":"https:\/\/awarenessuniversity.ch\/index.php\/wp-json\/wp\/v2\/pages\/2301\/revisions"}],"predecessor-version":[{"id":2695,"href":"https:\/\/awarenessuniversity.ch\/index.php\/wp-json\/wp\/v2\/pages\/2301\/revisions\/2695"}],"wp:attachment":[{"href":"https:\/\/awarenessuniversity.ch\/index.php\/wp-json\/wp\/v2\/media?parent=2301"}],"curies":[{"name":"wp","href":"https:\/\/api.w.org\/{rel}","templated":true}]}}