{"id":2294,"date":"2025-01-07T20:02:45","date_gmt":"2025-01-07T19:02:45","guid":{"rendered":"https:\/\/awarenessuniversity.ch\/?page_id=2294"},"modified":"2025-02-03T18:55:49","modified_gmt":"2025-02-03T17:55:49","slug":"coaching-ponctuel","status":"publish","type":"page","link":"https:\/\/awarenessuniversity.ch\/index.php\/coaching-ponctuel\/","title":{"rendered":"Coaching One Shot\u00a0"},"content":{"rendered":"\n<h3 class=\"wp-block-heading\"><\/h3>\n\n\n\n<figure class=\"wp-block-image size-full\"><img loading=\"lazy\" decoding=\"async\" width=\"1024\" height=\"1024\" src=\"https:\/\/awarenessuniversity.ch\/wp-content\/uploads\/2025\/01\/DALL\u00b7E-2025-01-15-12.01.17-A-stunning-and-modern-abstract-painting-symbolizing-coaching-identity-and-leadership-featuring-a-glowing-central-female-figure-surrounded-by-vibran.webp\" alt=\"\" class=\"wp-image-2655\" srcset=\"https:\/\/awarenessuniversity.ch\/wp-content\/uploads\/2025\/01\/DALL\u00b7E-2025-01-15-12.01.17-A-stunning-and-modern-abstract-painting-symbolizing-coaching-identity-and-leadership-featuring-a-glowing-central-female-figure-surrounded-by-vibran.webp 1024w, https:\/\/awarenessuniversity.ch\/wp-content\/uploads\/2025\/01\/DALL\u00b7E-2025-01-15-12.01.17-A-stunning-and-modern-abstract-painting-symbolizing-coaching-identity-and-leadership-featuring-a-glowing-central-female-figure-surrounded-by-vibran-300x300.webp 300w, https:\/\/awarenessuniversity.ch\/wp-content\/uploads\/2025\/01\/DALL\u00b7E-2025-01-15-12.01.17-A-stunning-and-modern-abstract-painting-symbolizing-coaching-identity-and-leadership-featuring-a-glowing-central-female-figure-surrounded-by-vibran-150x150.webp 150w, https:\/\/awarenessuniversity.ch\/wp-content\/uploads\/2025\/01\/DALL\u00b7E-2025-01-15-12.01.17-A-stunning-and-modern-abstract-painting-symbolizing-coaching-identity-and-leadership-featuring-a-glowing-central-female-figure-surrounded-by-vibran-768x768.webp 768w\" sizes=\"auto, (max-width: 1024px) 100vw, 1024px\" \/><\/figure>\n\n\n\n<p>Le coaching <strong>One Shot <\/strong>est une formule flexible qui s\u2019adresse \u00e0 tous ceux qui recherchent un soutien imm\u00e9diat ou une intervention cibl\u00e9e, sans n\u00e9cessiter un suivi r\u00e9gulier. Il est id\u00e9al pour une premi\u00e8re s\u00e9ance de contact, r\u00e9pondre \u00e0 un besoin urgent ou explorer une probl\u00e9matique pr\u00e9cise dans les domaines suivants :<\/p>\n\n\n\n<ul class=\"wp-block-list\">\n<li><strong>Identit\u00e9 &amp; Leadership<\/strong>&nbsp;: Clarification de votre identit\u00e9 personnelle et professionnelle, ou renforcement de vos comp\u00e9tences en leadership.<\/li>\n\n\n\n<li><strong>Marketing et Innovation<\/strong>&nbsp;: Trouver des id\u00e9es nouvelles et des solutions cr\u00e9atives pour vos projets professionnels.<\/li>\n\n\n\n<li><strong>Trauma &amp; Hygi\u00e8ne \u00c9motionnelle<\/strong>&nbsp;: Apaiser les tensions li\u00e9es \u00e0 des exp\u00e9riences pass\u00e9es et r\u00e9tablir votre \u00e9quilibre \u00e9motionnel.<\/li>\n\n\n\n<li><strong>Relation Amoureuse<\/strong>&nbsp;: G\u00e9rer des d\u00e9fis relationnels, am\u00e9liorer la communication ou surmonter des blessures \u00e9motionnelles.<\/li>\n<\/ul>\n\n\n\n<h3 class=\"wp-block-heading\">Techniques Utilis\u00e9es<\/h3>\n\n\n\n<p>Nous mettons en \u0153uvre l\u2019ensemble des m\u00e9thodes pr\u00e9sent\u00e9es dans la rubrique \u00ab\u202fLes outils d\u2019accompagnement\u202f\u00bb, d\u00e9velopp\u00e9es par Aurika Ursu. Celles-ci allient divers champs th\u00e9rapeutiques et p\u00e9dagogiques, pour un accompagnement v\u00e9ritablement sur mesure.<\/p>\n\n\n\n<h3 class=\"wp-block-heading\"><strong>Tarif :<\/strong><\/h3>\n\n\n\n<p>S\u00e9ance One Shot : 160 CHF<\/p>\n\n\n\n<p>Premi\u00e8re s\u00e9ance de contact : 200 CHF<\/p>\n","protected":false},"excerpt":{"rendered":"<p>Le coaching One Shot est une formule flexible qui s\u2019adresse \u00e0 tous ceux qui recherchent un soutien imm\u00e9diat ou une intervention cibl\u00e9e, sans n\u00e9cessiter un suivi r\u00e9gulier. Il est id\u00e9al pour une premi\u00e8re s\u00e9ance de contact, r\u00e9pondre \u00e0 un besoin <a class=\"more-link\" href=\"https:\/\/awarenessuniversity.ch\/index.php\/coaching-ponctuel\/\">Lire plus &#8230;<\/a><\/p>\n","protected":false},"author":1,"featured_media":0,"parent":0,"menu_order":0,"comment_status":"closed","ping_status":"closed","template":"","meta":{"footnotes":""},"class_list":["post-2294","page","type-page","status-publish","hentry"],"_links":{"self":[{"href":"https:\/\/awarenessuniversity.ch\/index.php\/wp-json\/wp\/v2\/pages\/2294","targetHints":{"allow":["GET"]}}],"collection":[{"href":"https:\/\/awarenessuniversity.ch\/index.php\/wp-json\/wp\/v2\/pages"}],"about":[{"href":"https:\/\/awarenessuniversity.ch\/index.php\/wp-json\/wp\/v2\/types\/page"}],"author":[{"embeddable":true,"href":"https:\/\/awarenessuniversity.ch\/index.php\/wp-json\/wp\/v2\/users\/1"}],"replies":[{"embeddable":true,"href":"https:\/\/awarenessuniversity.ch\/index.php\/wp-json\/wp\/v2\/comments?post=2294"}],"version-history":[{"count":11,"href":"https:\/\/awarenessuniversity.ch\/index.php\/wp-json\/wp\/v2\/pages\/2294\/revisions"}],"predecessor-version":[{"id":2774,"href":"https:\/\/awarenessuniversity.ch\/index.php\/wp-json\/wp\/v2\/pages\/2294\/revisions\/2774"}],"wp:attachment":[{"href":"https:\/\/awarenessuniversity.ch\/index.php\/wp-json\/wp\/v2\/media?parent=2294"}],"curies":[{"name":"wp","href":"https:\/\/api.w.org\/{rel}","templated":true}]}}