{"id":2291,"date":"2025-01-07T19:53:18","date_gmt":"2025-01-07T18:53:18","guid":{"rendered":"https:\/\/awarenessuniversity.ch\/?page_id=2291"},"modified":"2025-01-15T21:04:28","modified_gmt":"2025-01-15T20:04:28","slug":"coaching-relation-amoureuse","status":"publish","type":"page","link":"https:\/\/awarenessuniversity.ch\/index.php\/coaching-relation-amoureuse\/","title":{"rendered":"Coaching Relation Amoureuse"},"content":{"rendered":"\n<figure class=\"wp-block-image size-full\"><img loading=\"lazy\" decoding=\"async\" width=\"1024\" height=\"1024\" src=\"https:\/\/awarenessuniversity.ch\/wp-content\/uploads\/2025\/01\/DALL\u00b7E-2025-01-11-22.08.42-A-photorealistic-depiction-of-a-romantic-couple-standing-closely-together-holding-hands-under-a-softly-lit-evening-sky.-The-couple-has-natural-featu.webp\" alt=\"\" class=\"wp-image-2548\" srcset=\"https:\/\/awarenessuniversity.ch\/wp-content\/uploads\/2025\/01\/DALL\u00b7E-2025-01-11-22.08.42-A-photorealistic-depiction-of-a-romantic-couple-standing-closely-together-holding-hands-under-a-softly-lit-evening-sky.-The-couple-has-natural-featu.webp 1024w, https:\/\/awarenessuniversity.ch\/wp-content\/uploads\/2025\/01\/DALL\u00b7E-2025-01-11-22.08.42-A-photorealistic-depiction-of-a-romantic-couple-standing-closely-together-holding-hands-under-a-softly-lit-evening-sky.-The-couple-has-natural-featu-300x300.webp 300w, https:\/\/awarenessuniversity.ch\/wp-content\/uploads\/2025\/01\/DALL\u00b7E-2025-01-11-22.08.42-A-photorealistic-depiction-of-a-romantic-couple-standing-closely-together-holding-hands-under-a-softly-lit-evening-sky.-The-couple-has-natural-featu-150x150.webp 150w, https:\/\/awarenessuniversity.ch\/wp-content\/uploads\/2025\/01\/DALL\u00b7E-2025-01-11-22.08.42-A-photorealistic-depiction-of-a-romantic-couple-standing-closely-together-holding-hands-under-a-softly-lit-evening-sky.-The-couple-has-natural-featu-768x768.webp 768w\" sizes=\"auto, (max-width: 1024px) 100vw, 1024px\" \/><\/figure>\n\n\n\n<h3 class=\"wp-block-heading\">\u00c0 qui s&rsquo;adresse cette offre ?<\/h3>\n\n\n\n<p>Cette offre s\u2019adresse \u00e0 tous ceux qui souhaitent explorer leur vie amoureuse, qu\u2019il s\u2019agisse d\u2019atteindre un objectif pr\u00e9cis ou de r\u00e9soudre des conflits relationnels. Le coaching relation amoureuse est con\u00e7u pour :<\/p>\n\n\n\n<ul class=\"wp-block-list\">\n<li><strong>Chercher un\/une partenaire<\/strong>\u00a0: Identifier les obstacles et clarifier vos attentes.<\/li>\n\n\n\n<li><strong>Longtemps c\u00e9libataire<\/strong>\u00a0: Comprendre les sch\u00e9mas qui peuvent freiner la rencontre de l\u2019autre.<\/li>\n\n\n\n<li><strong>D\u00e9pendance affective<\/strong>\u00a0: Renforcer votre autonomie \u00e9motionnelle et poser des limites saines.<\/li>\n\n\n\n<li><strong>Impossible de rompre un lien amoureux toxique<\/strong>\u00a0: Lib\u00e9rer les attachements nuisibles et retrouver votre \u00e9quilibre.<\/li>\n\n\n\n<li><strong>Conflits majeurs en couple<\/strong>\u00a0: Travailler sur la communication, la compr\u00e9hension mutuelle et le respect.<\/li>\n\n\n\n<li><strong>Trahison, tromperie impardonnable<\/strong>\u00a0: Explorer le pardon, la reconstruction ou la cl\u00f4ture respectueuse de la relation.<\/li>\n<\/ul>\n\n\n\n<h3 class=\"wp-block-heading\">Objectifs du Coaching Amoureux<\/h3>\n\n\n\n<p>Le programme, organis\u00e9 par blocs de 7 s\u00e9ances, a pour objectifs principaux :<\/p>\n\n\n\n<ul class=\"wp-block-list\">\n<li>Mettre \u00e0 jour son histoire amoureuse.<\/li>\n\n\n\n<li>D\u00e9velopper une compr\u00e9hension profonde de soi et des sch\u00e9mas comportementaux relationnels.<\/li>\n\n\n\n<li>Identifier les abus relationnels et clarifier son propre positionnement.<\/li>\n\n\n\n<li>Clarifier ses valeurs, besoins, aspirations, limites et vision du couple.<\/li>\n\n\n\n<li>Sortir des attachements traumatiques.<\/li>\n\n\n\n<li>Devenir autonome affectivement et instaurer une intelligence \u00e9motionnelle dans les relations amoureuses.<\/li>\n\n\n\n<li>Apprendre \u00e0 poser des limites, se positionner, s\u2019affirmer et respecter ses besoins.<\/li>\n\n\n\n<li>Faire des choix de relations saines, sans jeux de pouvoir.<\/li>\n<\/ul>\n\n\n\n<figure class=\"wp-block-image size-large\"><img loading=\"lazy\" decoding=\"async\" width=\"1024\" height=\"585\" src=\"https:\/\/awarenessuniversity.ch\/wp-content\/uploads\/2025\/01\/ai-generated-8583960_1280-1-1024x585.jpg\" alt=\"\" class=\"wp-image-2327\" srcset=\"https:\/\/awarenessuniversity.ch\/wp-content\/uploads\/2025\/01\/ai-generated-8583960_1280-1-1024x585.jpg 1024w, https:\/\/awarenessuniversity.ch\/wp-content\/uploads\/2025\/01\/ai-generated-8583960_1280-1-300x171.jpg 300w, https:\/\/awarenessuniversity.ch\/wp-content\/uploads\/2025\/01\/ai-generated-8583960_1280-1-768x439.jpg 768w, https:\/\/awarenessuniversity.ch\/wp-content\/uploads\/2025\/01\/ai-generated-8583960_1280-1.jpg 1280w\" sizes=\"auto, (max-width: 1024px) 100vw, 1024px\" \/><\/figure>\n\n\n\n<h3 class=\"wp-block-heading\">Techniques Utilis\u00e9es<\/h3>\n\n\n\n<p>Nous mettons en \u0153uvre l\u2019ensemble des m\u00e9thodes pr\u00e9sent\u00e9es dans la rubrique \u00ab\u202fLes outils d\u2019accompagnement\u202f\u00bb, d\u00e9velopp\u00e9es par Aurika Ursu. Ces techniques incluent notamment :<\/p>\n\n\n\n<ul class=\"wp-block-list\">\n<li><strong>Coaching G\u00e9n\u00e9ratif et Identit\u00e9 &amp; Leadership<\/strong>\u00a0: Exploration des dynamiques internes et mise en \u0153uvre de strat\u00e9gies de leadership adapt\u00e9es.<\/li>\n\n\n\n<li><strong>PNL &amp; Hypnose<\/strong>\u00a0: Pour explorer et reprogrammer les sch\u00e9mas mentaux limitants.<\/li>\n\n\n\n<li><strong>M\u00e9ditation et M\u00e9ditation Active<\/strong>\u00a0: Pratiques pour cultiver la pleine conscience et la r\u00e9silience mentale.<\/li>\n\n\n\n<li><strong>Panorama Social<\/strong>\u00a0: Visualisation des relations sociales et ajustement des dynamiques interpersonnelles.<\/li>\n\n\n\n<li><strong>TRE (Trauma Release Exercises)<\/strong>\u00a0: Techniques pour lib\u00e9rer les tensions \u00e9motionnelles et physiques.<\/li>\n\n\n\n<li><strong>Somatic Experiencing<\/strong>\u00a0: Approche pour restaurer l\u2019\u00e9quilibre du syst\u00e8me nerveux et traiter les traumatismes.<\/li>\n\n\n\n<li>Et bien d\u2019autres.<\/li>\n<\/ul>\n\n\n\n<h3 class=\"wp-block-heading\">Structure du Programme<\/h3>\n\n\n\n<ul class=\"wp-block-list\">\n<li><strong>Premi\u00e8re s\u00e9ance de contact<\/strong>\u00a0: Dure 1h30 et est propos\u00e9e au tarif de 200 CHF. Cette s\u00e9ance peut \u00eatre incluse dans le programme si cela est pr\u00e9cis\u00e9 d\u00e8s le d\u00e9part.<\/li>\n\n\n\n<li><strong>Programme modulable par blocs de 7 s\u00e9ances.<\/strong><\/li>\n<\/ul>\n\n\n\n<h3 class=\"wp-block-heading\">Tarification<\/h3>\n\n\n\n<figure class=\"wp-block-image size-large\"><img loading=\"lazy\" decoding=\"async\" width=\"1024\" height=\"797\" src=\"https:\/\/awarenessuniversity.ch\/wp-content\/uploads\/2025\/01\/ai-generated-8931700_1280-1024x797.jpg\" alt=\"\" class=\"wp-image-2319\" srcset=\"https:\/\/awarenessuniversity.ch\/wp-content\/uploads\/2025\/01\/ai-generated-8931700_1280-1024x797.jpg 1024w, https:\/\/awarenessuniversity.ch\/wp-content\/uploads\/2025\/01\/ai-generated-8931700_1280-300x233.jpg 300w, https:\/\/awarenessuniversity.ch\/wp-content\/uploads\/2025\/01\/ai-generated-8931700_1280-768x598.jpg 768w, https:\/\/awarenessuniversity.ch\/wp-content\/uploads\/2025\/01\/ai-generated-8931700_1280.jpg 1280w\" sizes=\"auto, (max-width: 1024px) 100vw, 1024px\" \/><\/figure>\n\n\n\n<ul class=\"wp-block-list\">\n<li><strong>Tarif classique<\/strong>\u00a0: 160 CHF par s\u00e9ance.<\/li>\n\n\n\n<li><strong>Programme de 7 s\u00e9ances<\/strong>\u00a0: 910 CHF (soit 130 CHF par s\u00e9ance).<\/li>\n<\/ul>\n\n\n\n<h3 class=\"wp-block-heading\">B\u00e9n\u00e9fices du Programme<\/h3>\n\n\n\n<ul class=\"wp-block-list\">\n<li>Un cadre de soutien pour une transformation profonde.<\/li>\n\n\n\n<li>Techniques \u00e9prouv\u00e9es pour d\u00e9velopper une identit\u00e9 forte et un leadership inspir\u00e9.<\/li>\n\n\n\n<li>Accompagnement personnalis\u00e9 adapt\u00e9 aux besoins individuels.<\/li>\n<\/ul>\n\n\n\n<p>Pour plus d&rsquo;informations ou pour r\u00e9server une s\u00e9ance, envoyez un e-mail \u00e0\u00a0<a><strong>aurika@awarenessuniversity.ch<\/strong><\/a>\u00a0ou contactez-nous via WhatsApp au\u00a0<strong>079 954 09 76<\/strong>.<\/p>\n\n\n\n<figure class=\"wp-block-image size-large\"><img loading=\"lazy\" decoding=\"async\" width=\"1024\" height=\"768\" src=\"https:\/\/awarenessuniversity.ch\/wp-content\/uploads\/2025\/01\/couple-8937556_1280-1024x768.jpg\" alt=\"\" class=\"wp-image-2325\" srcset=\"https:\/\/awarenessuniversity.ch\/wp-content\/uploads\/2025\/01\/couple-8937556_1280-1024x768.jpg 1024w, https:\/\/awarenessuniversity.ch\/wp-content\/uploads\/2025\/01\/couple-8937556_1280-300x225.jpg 300w, https:\/\/awarenessuniversity.ch\/wp-content\/uploads\/2025\/01\/couple-8937556_1280-768x576.jpg 768w, https:\/\/awarenessuniversity.ch\/wp-content\/uploads\/2025\/01\/couple-8937556_1280.jpg 1280w\" sizes=\"auto, (max-width: 1024px) 100vw, 1024px\" \/><\/figure>\n","protected":false},"excerpt":{"rendered":"<p>\u00c0 qui s&rsquo;adresse cette offre ? Cette offre s\u2019adresse \u00e0 tous ceux qui souhaitent explorer leur vie amoureuse, qu\u2019il s\u2019agisse d\u2019atteindre un objectif pr\u00e9cis ou de r\u00e9soudre des conflits relationnels. Le coaching relation amoureuse est con\u00e7u pour : Objectifs du <a class=\"more-link\" href=\"https:\/\/awarenessuniversity.ch\/index.php\/coaching-relation-amoureuse\/\">Lire plus &#8230;<\/a><\/p>\n","protected":false},"author":1,"featured_media":0,"parent":0,"menu_order":0,"comment_status":"closed","ping_status":"closed","template":"","meta":{"footnotes":""},"class_list":["post-2291","page","type-page","status-publish","hentry"],"_links":{"self":[{"href":"https:\/\/awarenessuniversity.ch\/index.php\/wp-json\/wp\/v2\/pages\/2291","targetHints":{"allow":["GET"]}}],"collection":[{"href":"https:\/\/awarenessuniversity.ch\/index.php\/wp-json\/wp\/v2\/pages"}],"about":[{"href":"https:\/\/awarenessuniversity.ch\/index.php\/wp-json\/wp\/v2\/types\/page"}],"author":[{"embeddable":true,"href":"https:\/\/awarenessuniversity.ch\/index.php\/wp-json\/wp\/v2\/users\/1"}],"replies":[{"embeddable":true,"href":"https:\/\/awarenessuniversity.ch\/index.php\/wp-json\/wp\/v2\/comments?post=2291"}],"version-history":[{"count":17,"href":"https:\/\/awarenessuniversity.ch\/index.php\/wp-json\/wp\/v2\/pages\/2291\/revisions"}],"predecessor-version":[{"id":2705,"href":"https:\/\/awarenessuniversity.ch\/index.php\/wp-json\/wp\/v2\/pages\/2291\/revisions\/2705"}],"wp:attachment":[{"href":"https:\/\/awarenessuniversity.ch\/index.php\/wp-json\/wp\/v2\/media?parent=2291"}],"curies":[{"name":"wp","href":"https:\/\/api.w.org\/{rel}","templated":true}]}}