{"id":2253,"date":"2025-01-06T23:39:02","date_gmt":"2025-01-06T22:39:02","guid":{"rendered":"https:\/\/awarenessuniversity.ch\/?page_id=2253"},"modified":"2025-01-08T12:56:55","modified_gmt":"2025-01-08T11:56:55","slug":"panorama-social","status":"publish","type":"page","link":"https:\/\/awarenessuniversity.ch\/index.php\/panorama-social\/","title":{"rendered":"Panorama Social"},"content":{"rendered":"\n<figure class=\"wp-block-image size-full\"><img loading=\"lazy\" decoding=\"async\" width=\"1024\" height=\"1024\" src=\"https:\/\/awarenessuniversity.ch\/wp-content\/uploads\/2025\/01\/DALL\u00b7E-2025-01-07-18.26.57-A-digital-illustration-depicting-the-22Social-Panorama-Method22-with-a-more-stylized-approach-and-dominant-blue-tones.-The-central-human-brain-is-depic.webp\" alt=\"\" class=\"wp-image-2269\" srcset=\"https:\/\/awarenessuniversity.ch\/wp-content\/uploads\/2025\/01\/DALL\u00b7E-2025-01-07-18.26.57-A-digital-illustration-depicting-the-22Social-Panorama-Method22-with-a-more-stylized-approach-and-dominant-blue-tones.-The-central-human-brain-is-depic.webp 1024w, https:\/\/awarenessuniversity.ch\/wp-content\/uploads\/2025\/01\/DALL\u00b7E-2025-01-07-18.26.57-A-digital-illustration-depicting-the-22Social-Panorama-Method22-with-a-more-stylized-approach-and-dominant-blue-tones.-The-central-human-brain-is-depic-300x300.webp 300w, https:\/\/awarenessuniversity.ch\/wp-content\/uploads\/2025\/01\/DALL\u00b7E-2025-01-07-18.26.57-A-digital-illustration-depicting-the-22Social-Panorama-Method22-with-a-more-stylized-approach-and-dominant-blue-tones.-The-central-human-brain-is-depic-150x150.webp 150w, https:\/\/awarenessuniversity.ch\/wp-content\/uploads\/2025\/01\/DALL\u00b7E-2025-01-07-18.26.57-A-digital-illustration-depicting-the-22Social-Panorama-Method22-with-a-more-stylized-approach-and-dominant-blue-tones.-The-central-human-brain-is-depic-768x768.webp 768w\" sizes=\"auto, (max-width: 1024px) 100vw, 1024px\" \/><\/figure>\n\n\n\n<p>Le Panorama Social, d\u00e9velopp\u00e9 par Lucas Derks, est une m\u00e9thode de repr\u00e9sentation mentale qui explore les relations interpersonnelles et les dynamiques sociales \u00e0 travers des visualisations spatiales. Cette approche utilise des m\u00e9taphores spatiales pour cartographier comment une personne per\u00e7oit les autres dans son espace mental, r\u00e9v\u00e9lant ainsi les mod\u00e8les de relations et les influences sociales. En ajustant ces repr\u00e9sentations mentales, le Panorama Social permet de modifier les perceptions et de transformer les relations, am\u00e9liorant ainsi la communication, la confiance en soi, et les interactions sociales. Cette m\u00e9thode est particuli\u00e8rement utile pour traiter les conflits, renforcer les liens sociaux, et d\u00e9velopper une meilleure compr\u00e9hension de soi et des autres.<\/p>\n\n\n\n<figure class=\"wp-block-image size-full\"><img loading=\"lazy\" decoding=\"async\" width=\"1024\" height=\"1024\" src=\"https:\/\/awarenessuniversity.ch\/wp-content\/uploads\/2025\/01\/DALL\u00b7E-2025-01-07-18.25.37-A-digital-illustration-depicting-the-22Social-Panorama-Method22-where-individuals-are-represented-inside-a-human-brain-and-energy-field.-The-brain-is-c.webp\" alt=\"\" class=\"wp-image-2270\" srcset=\"https:\/\/awarenessuniversity.ch\/wp-content\/uploads\/2025\/01\/DALL\u00b7E-2025-01-07-18.25.37-A-digital-illustration-depicting-the-22Social-Panorama-Method22-where-individuals-are-represented-inside-a-human-brain-and-energy-field.-The-brain-is-c.webp 1024w, https:\/\/awarenessuniversity.ch\/wp-content\/uploads\/2025\/01\/DALL\u00b7E-2025-01-07-18.25.37-A-digital-illustration-depicting-the-22Social-Panorama-Method22-where-individuals-are-represented-inside-a-human-brain-and-energy-field.-The-brain-is-c-300x300.webp 300w, https:\/\/awarenessuniversity.ch\/wp-content\/uploads\/2025\/01\/DALL\u00b7E-2025-01-07-18.25.37-A-digital-illustration-depicting-the-22Social-Panorama-Method22-where-individuals-are-represented-inside-a-human-brain-and-energy-field.-The-brain-is-c-150x150.webp 150w, https:\/\/awarenessuniversity.ch\/wp-content\/uploads\/2025\/01\/DALL\u00b7E-2025-01-07-18.25.37-A-digital-illustration-depicting-the-22Social-Panorama-Method22-where-individuals-are-represented-inside-a-human-brain-and-energy-field.-The-brain-is-c-768x768.webp 768w\" sizes=\"auto, (max-width: 1024px) 100vw, 1024px\" \/><\/figure>\n","protected":false},"excerpt":{"rendered":"<p>Le Panorama Social, d\u00e9velopp\u00e9 par Lucas Derks, est une m\u00e9thode de repr\u00e9sentation mentale qui explore les relations interpersonnelles et les dynamiques sociales \u00e0 travers des visualisations spatiales. Cette approche utilise des m\u00e9taphores spatiales pour cartographier comment une personne per\u00e7oit les <a class=\"more-link\" href=\"https:\/\/awarenessuniversity.ch\/index.php\/panorama-social\/\">Lire plus &#8230;<\/a><\/p>\n","protected":false},"author":1,"featured_media":0,"parent":0,"menu_order":0,"comment_status":"closed","ping_status":"closed","template":"","meta":{"footnotes":""},"class_list":["post-2253","page","type-page","status-publish","hentry"],"_links":{"self":[{"href":"https:\/\/awarenessuniversity.ch\/index.php\/wp-json\/wp\/v2\/pages\/2253","targetHints":{"allow":["GET"]}}],"collection":[{"href":"https:\/\/awarenessuniversity.ch\/index.php\/wp-json\/wp\/v2\/pages"}],"about":[{"href":"https:\/\/awarenessuniversity.ch\/index.php\/wp-json\/wp\/v2\/types\/page"}],"author":[{"embeddable":true,"href":"https:\/\/awarenessuniversity.ch\/index.php\/wp-json\/wp\/v2\/users\/1"}],"replies":[{"embeddable":true,"href":"https:\/\/awarenessuniversity.ch\/index.php\/wp-json\/wp\/v2\/comments?post=2253"}],"version-history":[{"count":4,"href":"https:\/\/awarenessuniversity.ch\/index.php\/wp-json\/wp\/v2\/pages\/2253\/revisions"}],"predecessor-version":[{"id":2376,"href":"https:\/\/awarenessuniversity.ch\/index.php\/wp-json\/wp\/v2\/pages\/2253\/revisions\/2376"}],"wp:attachment":[{"href":"https:\/\/awarenessuniversity.ch\/index.php\/wp-json\/wp\/v2\/media?parent=2253"}],"curies":[{"name":"wp","href":"https:\/\/api.w.org\/{rel}","templated":true}]}}