{"id":2210,"date":"2025-01-05T00:39:06","date_gmt":"2025-01-04T23:39:06","guid":{"rendered":"https:\/\/awarenessuniversity.ch\/?page_id=2210"},"modified":"2025-01-11T21:53:36","modified_gmt":"2025-01-11T20:53:36","slug":"gestalt-therapie","status":"publish","type":"page","link":"https:\/\/awarenessuniversity.ch\/index.php\/gestalt-therapie\/","title":{"rendered":"Gestalt-th\u00e9rapie"},"content":{"rendered":"\n<h3 class=\"wp-block-heading\"><\/h3>\n\n\n\n<figure class=\"wp-block-image size-full\"><img loading=\"lazy\" decoding=\"async\" width=\"1024\" height=\"1024\" src=\"https:\/\/awarenessuniversity.ch\/wp-content\/uploads\/2025\/01\/DALL\u00b7E-2025-01-11-21.51.14-A-realistic-photograph-symbolizing-Gestalt-therapy-showing-two-people-interacting-seated-face-to-face-in-a-serene-natural-environment-like-a-garden-.webp\" alt=\"\" class=\"wp-image-2543\" srcset=\"https:\/\/awarenessuniversity.ch\/wp-content\/uploads\/2025\/01\/DALL\u00b7E-2025-01-11-21.51.14-A-realistic-photograph-symbolizing-Gestalt-therapy-showing-two-people-interacting-seated-face-to-face-in-a-serene-natural-environment-like-a-garden-.webp 1024w, https:\/\/awarenessuniversity.ch\/wp-content\/uploads\/2025\/01\/DALL\u00b7E-2025-01-11-21.51.14-A-realistic-photograph-symbolizing-Gestalt-therapy-showing-two-people-interacting-seated-face-to-face-in-a-serene-natural-environment-like-a-garden--300x300.webp 300w, https:\/\/awarenessuniversity.ch\/wp-content\/uploads\/2025\/01\/DALL\u00b7E-2025-01-11-21.51.14-A-realistic-photograph-symbolizing-Gestalt-therapy-showing-two-people-interacting-seated-face-to-face-in-a-serene-natural-environment-like-a-garden--150x150.webp 150w, https:\/\/awarenessuniversity.ch\/wp-content\/uploads\/2025\/01\/DALL\u00b7E-2025-01-11-21.51.14-A-realistic-photograph-symbolizing-Gestalt-therapy-showing-two-people-interacting-seated-face-to-face-in-a-serene-natural-environment-like-a-garden--768x768.webp 768w\" sizes=\"auto, (max-width: 1024px) 100vw, 1024px\" \/><\/figure>\n\n\n\n<p>La Gestalt-th\u00e9rapie, d\u00e9velopp\u00e9e par Fritz Perls dans les ann\u00e9es 1940, est une approche humaniste et exp\u00e9rientielle de la psychoth\u00e9rapie. Elle met l&rsquo;accent sur la conscience, le contact avec l&rsquo;environnement et l&rsquo;exp\u00e9rience dans le moment pr\u00e9sent. Cette m\u00e9thode vise \u00e0 aider les individus \u00e0 devenir plus conscients de leurs \u00e9motions, pens\u00e9es et comportements, et \u00e0 int\u00e9grer ces aspects pour mieux comprendre leur v\u00e9cu.<\/p>\n\n\n\n<h4 class=\"wp-block-heading\">Principes Cl\u00e9s :<\/h4>\n\n\n\n<ol class=\"wp-block-list\">\n<li><strong>Ici et Maintenant<\/strong>&nbsp;: La Gestalt-th\u00e9rapie se concentre sur l\u2019exp\u00e9rience actuelle plut\u00f4t que sur le pass\u00e9 ou le futur. L&rsquo;accent est mis sur ce qui se passe dans l&rsquo;instant pr\u00e9sent.<\/li>\n\n\n\n<li><strong>Responsabilit\u00e9 Personnelle<\/strong>&nbsp;: Elle encourage les clients \u00e0 assumer la responsabilit\u00e9 de leurs actions et \u00e9motions, en \u00e9vitant de bl\u00e2mer les circonstances ext\u00e9rieures.<\/li>\n\n\n\n<li><strong>Conscience<\/strong>&nbsp;: L&rsquo;objectif est d&rsquo;augmenter la conscience de soi, en prenant conscience des sch\u00e9mas de pens\u00e9e, des sentiments et des comportements r\u00e9currents.<\/li>\n\n\n\n<li><strong>Contact<\/strong>&nbsp;: Met en lumi\u00e8re l&rsquo;importance du contact avec l&rsquo;environnement et les autres, ainsi que la capacit\u00e9 \u00e0 ajuster le contact pour r\u00e9pondre de mani\u00e8re cr\u00e9ative aux besoins et situations.<\/li>\n<\/ol>\n\n\n\n<h4 class=\"wp-block-heading\">Techniques Utilis\u00e9es :<\/h4>\n\n\n\n<ul class=\"wp-block-list\">\n<li><strong>Dialogue<\/strong>&nbsp;: Encourage le dialogue entre diff\u00e9rentes parties de soi, souvent \u00e0 travers des exercices comme la \u00ab chaise vide \u00bb, o\u00f9 les clients explorent des conflits internes.<\/li>\n\n\n\n<li><strong>Mise en Sc\u00e8ne<\/strong>&nbsp;: Les clients sont invit\u00e9s \u00e0 rejouer des exp\u00e9riences ou des \u00e9motions pour mieux les comprendre et les int\u00e9grer.<\/li>\n\n\n\n<li><strong>Attention au Corps<\/strong>&nbsp;: Utilisation de la conscience corporelle pour explorer les \u00e9motions et les blocages physiques.<\/li>\n<\/ul>\n\n\n\n<h4 class=\"wp-block-heading\">Applications :<\/h4>\n\n\n\n<ul class=\"wp-block-list\">\n<li><strong>Th\u00e9rapie Individuelle<\/strong>&nbsp;: Traite des probl\u00e8mes tels que l&rsquo;anxi\u00e9t\u00e9, la d\u00e9pression, et les difficult\u00e9s relationnelles.<\/li>\n\n\n\n<li><strong>Th\u00e9rapie de Groupe<\/strong>&nbsp;: Utilise la dynamique de groupe pour explorer les interactions et le contact avec les autres.<\/li>\n\n\n\n<li><strong>D\u00e9veloppement Personnel<\/strong>&nbsp;: Favorise la croissance personnelle et l\u2019auto-r\u00e9alisation en aidant les individus \u00e0 devenir plus conscients de leurs besoins et d\u00e9sirs authentiques.<\/li>\n<\/ul>\n\n\n\n<h4 class=\"wp-block-heading\">B\u00e9n\u00e9fices :<\/h4>\n\n\n\n<ul class=\"wp-block-list\">\n<li><strong>Auto-Int\u00e9gration<\/strong>&nbsp;: Aide les clients \u00e0 int\u00e9grer les aspects fragment\u00e9s de leur personnalit\u00e9 pour atteindre une coh\u00e9rence interne.<\/li>\n\n\n\n<li><strong>R\u00e9duction du Stress<\/strong>&nbsp;: En prenant conscience de ses \u00e9motions et en les exprimant dans un environnement s\u00e9curis\u00e9, les clients peuvent r\u00e9duire le stress et l\u2019anxi\u00e9t\u00e9.<\/li>\n\n\n\n<li><strong>Am\u00e9lioration des Relations<\/strong>&nbsp;: En explorant le contact et les fronti\u00e8res interpersonnelles, les clients peuvent am\u00e9liorer leurs relations et la communication avec les autres.<\/li>\n<\/ul>\n\n\n\n<p>La Gestalt-th\u00e9rapie offre un cadre puissant pour explorer et comprendre les exp\u00e9riences v\u00e9cues, en favorisant une prise de conscience accrue et une meilleure capacit\u00e9 \u00e0 r\u00e9pondre aux d\u00e9fis de la vie avec authenticit\u00e9 et cr\u00e9ativit\u00e9.<\/p>\n\n\n\n<p><\/p>\n\n\n\n<figure class=\"wp-block-image size-large\"><img loading=\"lazy\" decoding=\"async\" width=\"1024\" height=\"1024\" src=\"https:\/\/awarenessuniversity.ch\/wp-content\/uploads\/2025\/01\/Constelation-familiale-1-1-1024x1024.jpg\" alt=\"\" class=\"wp-image-2357\" srcset=\"https:\/\/awarenessuniversity.ch\/wp-content\/uploads\/2025\/01\/Constelation-familiale-1-1-1024x1024.jpg 1024w, https:\/\/awarenessuniversity.ch\/wp-content\/uploads\/2025\/01\/Constelation-familiale-1-1-300x300.jpg 300w, https:\/\/awarenessuniversity.ch\/wp-content\/uploads\/2025\/01\/Constelation-familiale-1-1-150x150.jpg 150w, https:\/\/awarenessuniversity.ch\/wp-content\/uploads\/2025\/01\/Constelation-familiale-1-1-768x768.jpg 768w, https:\/\/awarenessuniversity.ch\/wp-content\/uploads\/2025\/01\/Constelation-familiale-1-1.jpg 1280w\" sizes=\"auto, (max-width: 1024px) 100vw, 1024px\" \/><\/figure>\n","protected":false},"excerpt":{"rendered":"<p>La Gestalt-th\u00e9rapie, d\u00e9velopp\u00e9e par Fritz Perls dans les ann\u00e9es 1940, est une approche humaniste et exp\u00e9rientielle de la psychoth\u00e9rapie. Elle met l&rsquo;accent sur la conscience, le contact avec l&rsquo;environnement et l&rsquo;exp\u00e9rience dans le moment pr\u00e9sent. Cette m\u00e9thode vise \u00e0 aider <a class=\"more-link\" href=\"https:\/\/awarenessuniversity.ch\/index.php\/gestalt-therapie\/\">Lire plus &#8230;<\/a><\/p>\n","protected":false},"author":1,"featured_media":0,"parent":0,"menu_order":0,"comment_status":"closed","ping_status":"closed","template":"","meta":{"footnotes":""},"class_list":["post-2210","page","type-page","status-publish","hentry"],"_links":{"self":[{"href":"https:\/\/awarenessuniversity.ch\/index.php\/wp-json\/wp\/v2\/pages\/2210","targetHints":{"allow":["GET"]}}],"collection":[{"href":"https:\/\/awarenessuniversity.ch\/index.php\/wp-json\/wp\/v2\/pages"}],"about":[{"href":"https:\/\/awarenessuniversity.ch\/index.php\/wp-json\/wp\/v2\/types\/page"}],"author":[{"embeddable":true,"href":"https:\/\/awarenessuniversity.ch\/index.php\/wp-json\/wp\/v2\/users\/1"}],"replies":[{"embeddable":true,"href":"https:\/\/awarenessuniversity.ch\/index.php\/wp-json\/wp\/v2\/comments?post=2210"}],"version-history":[{"count":3,"href":"https:\/\/awarenessuniversity.ch\/index.php\/wp-json\/wp\/v2\/pages\/2210\/revisions"}],"predecessor-version":[{"id":2544,"href":"https:\/\/awarenessuniversity.ch\/index.php\/wp-json\/wp\/v2\/pages\/2210\/revisions\/2544"}],"wp:attachment":[{"href":"https:\/\/awarenessuniversity.ch\/index.php\/wp-json\/wp\/v2\/media?parent=2210"}],"curies":[{"name":"wp","href":"https:\/\/api.w.org\/{rel}","templated":true}]}}