{"id":2199,"date":"2025-01-05T00:26:07","date_gmt":"2025-01-04T23:26:07","guid":{"rendered":"https:\/\/awarenessuniversity.ch\/?page_id=2199"},"modified":"2025-01-16T12:10:37","modified_gmt":"2025-01-16T11:10:37","slug":"coaching-holistique","status":"publish","type":"page","link":"https:\/\/awarenessuniversity.ch\/index.php\/coaching-holistique\/","title":{"rendered":"Coaching G\u00e9n\u00e9ratif"},"content":{"rendered":"\n<figure class=\"wp-block-image size-full\"><img loading=\"lazy\" decoding=\"async\" width=\"1024\" height=\"1024\" src=\"https:\/\/awarenessuniversity.ch\/wp-content\/uploads\/2025\/01\/DALL\u00b7E-2025-01-15-12.05.05-A-vibrant-and-modern-abstract-painting-symbolizing-coaching-identity-and-leadership-with-a-glowing-central-female-figure-surrounded-by-dynamic-ener.webp\" alt=\"\" class=\"wp-image-2648\" srcset=\"https:\/\/awarenessuniversity.ch\/wp-content\/uploads\/2025\/01\/DALL\u00b7E-2025-01-15-12.05.05-A-vibrant-and-modern-abstract-painting-symbolizing-coaching-identity-and-leadership-with-a-glowing-central-female-figure-surrounded-by-dynamic-ener.webp 1024w, https:\/\/awarenessuniversity.ch\/wp-content\/uploads\/2025\/01\/DALL\u00b7E-2025-01-15-12.05.05-A-vibrant-and-modern-abstract-painting-symbolizing-coaching-identity-and-leadership-with-a-glowing-central-female-figure-surrounded-by-dynamic-ener-300x300.webp 300w, https:\/\/awarenessuniversity.ch\/wp-content\/uploads\/2025\/01\/DALL\u00b7E-2025-01-15-12.05.05-A-vibrant-and-modern-abstract-painting-symbolizing-coaching-identity-and-leadership-with-a-glowing-central-female-figure-surrounded-by-dynamic-ener-150x150.webp 150w, https:\/\/awarenessuniversity.ch\/wp-content\/uploads\/2025\/01\/DALL\u00b7E-2025-01-15-12.05.05-A-vibrant-and-modern-abstract-painting-symbolizing-coaching-identity-and-leadership-with-a-glowing-central-female-figure-surrounded-by-dynamic-ener-768x768.webp 768w\" sizes=\"auto, (max-width: 1024px) 100vw, 1024px\" \/><\/figure>\n\n\n\n<h2 class=\"wp-block-heading\"><\/h2>\n\n\n\n<p>Le coaching g\u00e9n\u00e9ratif est une approche de coaching cr\u00e9atif et holistique qui consid\u00e8re l\u2019individu dans sa globalit\u00e9, en englobant les dimensions physique, \u00e9motionnelle, mentale et spirituelle. Cette m\u00e9thode repose sur l\u2019id\u00e9e que l\u2019\u00e9panouissement complet passe par l\u2019harmonisation de tous les aspects de la vie.<\/p>\n\n\n\n<h3 class=\"wp-block-heading\">Principes Cl\u00e9s<\/h3>\n\n\n\n<ol start=\"1\" class=\"wp-block-list\">\n<li><strong>Approche m\u00e9ditative<\/strong><br>Une pratique ax\u00e9e sur le d\u00e9tachement, l\u2019observation, la cr\u00e9ation et la g\u00e9n\u00e9ration de nouvelles perspectives.<\/li>\n\n\n\n<li><strong>Approche int\u00e9grative \u2013 Coaching holistique<\/strong><br>Le coaching holistique inclut diff\u00e9rents domaines de la vie\u2014sant\u00e9 physique, alimentation, relations, carri\u00e8re et bien-\u00eatre spirituel\u2014afin de cr\u00e9er un \u00e9quilibre global.<\/li>\n\n\n\n<li><strong>Auto-exploration<\/strong><br>Cette pratique encourage une profonde introspection, aidant \u00e0 identifier ses valeurs fondamentales, \u00e0 d\u00e9passer ses croyances limitantes et \u00e0 clarifier ses aspirations authentiques.<\/li>\n\n\n\n<li><strong>Lib\u00e9ration des traumatismes et changement de croyances<\/strong><br>Au-del\u00e0 d\u2019un simple accompagnement, le coaching g\u00e9n\u00e9ratif contribue \u00e0 se d\u00e9tacher des blessures pass\u00e9es et \u00e0 modifier les sch\u00e9mas de pens\u00e9e et comportement qui entravent la progression personnelle.<\/li>\n\n\n\n<li><strong>Transformation durable<\/strong><br>Plut\u00f4t que de viser uniquement des objectifs \u00e0 court terme, cette approche s\u2019attache \u00e0 instaurer des changements profonds et p\u00e9rennes dans la vie des personnes accompagn\u00e9es.<\/li>\n<\/ol>\n\n\n\n<h3 class=\"wp-block-heading\">Techniques Utilis\u00e9es<\/h3>\n\n\n\n<p>Nous mettons en \u0153uvre l\u2019ensemble des m\u00e9thodes pr\u00e9sent\u00e9es dans la rubrique \u00ab\u202fLes outils d\u2019accompagnement\u202f\u00bb, d\u00e9velopp\u00e9es par Aurika Ursu. Celles-ci allient divers champs th\u00e9rapeutiques et p\u00e9dagogiques, pour un accompagnement v\u00e9ritablement sur mesure.<\/p>\n\n\n\n<figure class=\"wp-block-image size-full\"><img loading=\"lazy\" decoding=\"async\" width=\"1024\" height=\"1024\" src=\"https:\/\/awarenessuniversity.ch\/wp-content\/uploads\/2025\/01\/DALL\u00b7E-2025-01-12-12.40.25-An-abstract-painting-symbolizing-holistic-leadership-with-a-female-figure-standing-at-the-center-of-a-luminous-circular-mandala.-The-mandala-is-comp.webp\" alt=\"\" class=\"wp-image-2578\" srcset=\"https:\/\/awarenessuniversity.ch\/wp-content\/uploads\/2025\/01\/DALL\u00b7E-2025-01-12-12.40.25-An-abstract-painting-symbolizing-holistic-leadership-with-a-female-figure-standing-at-the-center-of-a-luminous-circular-mandala.-The-mandala-is-comp.webp 1024w, https:\/\/awarenessuniversity.ch\/wp-content\/uploads\/2025\/01\/DALL\u00b7E-2025-01-12-12.40.25-An-abstract-painting-symbolizing-holistic-leadership-with-a-female-figure-standing-at-the-center-of-a-luminous-circular-mandala.-The-mandala-is-comp-300x300.webp 300w, https:\/\/awarenessuniversity.ch\/wp-content\/uploads\/2025\/01\/DALL\u00b7E-2025-01-12-12.40.25-An-abstract-painting-symbolizing-holistic-leadership-with-a-female-figure-standing-at-the-center-of-a-luminous-circular-mandala.-The-mandala-is-comp-150x150.webp 150w, https:\/\/awarenessuniversity.ch\/wp-content\/uploads\/2025\/01\/DALL\u00b7E-2025-01-12-12.40.25-An-abstract-painting-symbolizing-holistic-leadership-with-a-female-figure-standing-at-the-center-of-a-luminous-circular-mandala.-The-mandala-is-comp-768x768.webp 768w\" sizes=\"auto, (max-width: 1024px) 100vw, 1024px\" \/><\/figure>\n\n\n\n<p><strong>Le coaching g\u00e9n\u00e9ratif s\u2019adresse \u00e0 celles et ceux qui recherchent une transformation profonde et \u00e9quilibr\u00e9e, en alignant chaque dimension de leur \u00eatre pour mener une vie plus authentique et \u00e9panouie.<\/strong><\/p>\n\n\n\n<p><\/p>\n","protected":false},"excerpt":{"rendered":"<p>Le coaching g\u00e9n\u00e9ratif est une approche de coaching cr\u00e9atif et holistique qui consid\u00e8re l\u2019individu dans sa globalit\u00e9, en englobant les dimensions physique, \u00e9motionnelle, mentale et spirituelle. Cette m\u00e9thode repose sur l\u2019id\u00e9e que l\u2019\u00e9panouissement complet passe par l\u2019harmonisation de tous les <a class=\"more-link\" href=\"https:\/\/awarenessuniversity.ch\/index.php\/coaching-holistique\/\">Lire plus &#8230;<\/a><\/p>\n","protected":false},"author":1,"featured_media":0,"parent":0,"menu_order":0,"comment_status":"closed","ping_status":"closed","template":"","meta":{"footnotes":""},"class_list":["post-2199","page","type-page","status-publish","hentry"],"_links":{"self":[{"href":"https:\/\/awarenessuniversity.ch\/index.php\/wp-json\/wp\/v2\/pages\/2199","targetHints":{"allow":["GET"]}}],"collection":[{"href":"https:\/\/awarenessuniversity.ch\/index.php\/wp-json\/wp\/v2\/pages"}],"about":[{"href":"https:\/\/awarenessuniversity.ch\/index.php\/wp-json\/wp\/v2\/types\/page"}],"author":[{"embeddable":true,"href":"https:\/\/awarenessuniversity.ch\/index.php\/wp-json\/wp\/v2\/users\/1"}],"replies":[{"embeddable":true,"href":"https:\/\/awarenessuniversity.ch\/index.php\/wp-json\/wp\/v2\/comments?post=2199"}],"version-history":[{"count":8,"href":"https:\/\/awarenessuniversity.ch\/index.php\/wp-json\/wp\/v2\/pages\/2199\/revisions"}],"predecessor-version":[{"id":2713,"href":"https:\/\/awarenessuniversity.ch\/index.php\/wp-json\/wp\/v2\/pages\/2199\/revisions\/2713"}],"wp:attachment":[{"href":"https:\/\/awarenessuniversity.ch\/index.php\/wp-json\/wp\/v2\/media?parent=2199"}],"curies":[{"name":"wp","href":"https:\/\/api.w.org\/{rel}","templated":true}]}}