{"id":2153,"date":"2025-01-04T22:23:21","date_gmt":"2025-01-04T21:23:21","guid":{"rendered":"https:\/\/awarenessuniversity.ch\/?page_id=2153"},"modified":"2025-01-08T13:25:38","modified_gmt":"2025-01-08T12:25:38","slug":"le-train-de-la-vie-de-2025","status":"publish","type":"page","link":"https:\/\/awarenessuniversity.ch\/index.php\/le-train-de-la-vie-de-2025\/","title":{"rendered":"Le train de la vie de 2025!"},"content":{"rendered":"\n<figure class=\"wp-block-image size-large\"><img loading=\"lazy\" decoding=\"async\" width=\"989\" height=\"1024\" src=\"https:\/\/awarenessuniversity.ch\/wp-content\/uploads\/2025\/01\/train-989x1024.jpg\" alt=\"\" class=\"wp-image-2346\" srcset=\"https:\/\/awarenessuniversity.ch\/wp-content\/uploads\/2025\/01\/train-989x1024.jpg 989w, https:\/\/awarenessuniversity.ch\/wp-content\/uploads\/2025\/01\/train-290x300.jpg 290w, https:\/\/awarenessuniversity.ch\/wp-content\/uploads\/2025\/01\/train-768x795.jpg 768w, https:\/\/awarenessuniversity.ch\/wp-content\/uploads\/2025\/01\/train.jpg 1236w\" sizes=\"auto, (max-width: 989px) 100vw, 989px\" \/><\/figure>\n\n\n\n<p><\/p>\n\n\n\n<p>Dans ces premiers jours de la nouvelle ann\u00e9e, les images de train imaginaire me touchent beaucoup !&nbsp;<\/p>\n\n\n\n<p>Il symbolisent le mouvement, le possible et le pouvoir cr\u00e9ateur de notre imagination. Nous sous-estimons souvent ce pouvoir, alors que tout ce qui nous arrive, nous le cr\u00e9ons.<br>En r\u00e9alit\u00e9, nous sommes bien plus libres que nous ne le pensons, d\u00e8s lors que nous cessons d\u2019ancrer notre histoire dans des identifications li\u00e9es \u00e0 notre pass\u00e9, nos conflits non r\u00e9solus, nos r\u00e9ussites ou m\u00eame nos r\u00eaves.<br>Je dis bien r\u00e9ussites et r\u00eaves, car ce que nous d\u00e9sirons n\u2019est pas un souvenir du pass\u00e9 ou une illusion r\u00eav\u00e9 dans le futur : il est ici et maintenant, fa\u00e7onn\u00e9 par nos choix, nos d\u00e9cisions,&nbsp;&nbsp;nos actions et nos paroles ! Le r\u00eave r\u00e9el se vit dans le pr\u00e9sent.&nbsp;<\/p>\n\n\n\n<figure class=\"wp-block-image\"><img decoding=\"async\" src=\"https:\/\/uni-a-geneve.ch\/wp-content\/uploads\/2025\/01\/christmas-6739059-1024x579.jpg\" alt=\"\" class=\"wp-image-31339\"\/><\/figure>\n\n\n\n<p>En 2025, soyons un peu plus humains. Reconnaissons que la souffrance est une exp\u00e9rience \u00e0 vivre pour nous faire grandir. Elle n\u2019est ni \u00e0 fuir, ni une vibration \u00e0 \u00e9viter, ni quelque chose \u00e0 ch\u00e9rir ou \u00e0 s\u2019approprier, mais simplement une exp\u00e9rience \u00e0 traverser lorsqu\u2019elle se pr\u00e9sente.<\/p>\n\n\n\n<p><br>En 2025, soyons un peu plus nous-m\u00eames : ni grands ni petits, ni pures ni toxiques, ni pauvres ni riches, ni beaux ni laids, ni perch\u00e9s ni souffrants, ni illumin\u00e9s ni mis\u00e9rables, ni originaux ni banals, ni progressistes ni complotistes&nbsp;&nbsp;\u2026&nbsp; Juste nous-m\u00eames.&nbsp;<\/p>\n\n\n\n<p>La plus grande libert\u00e9, c\u2019est d\u2019\u00eatre soi, sans aucune identification. C\u2019est cela, l\u2019\u00e9veil. Rien ni personne dans ce monde n\u2019est notre ennemi, sauf si nous leur donnons le pouvoir de l\u2019\u00eatre.<br>Le contacte avec la nature, la m\u00e9ditation, le silence et la vibration du vide sont nos plus grands alli\u00e9s. C\u2019est avec eux que nous pouvons tout cr\u00e9er et prendre notre place dans ce monde, non pas dans un combat, mais par choix : le choix d\u2019accepter ce qui est et d\u2019aller vers ce que nous souhaitons voir dans le monde.<br>Bonne ann\u00e9e 2025 !<br>Que cette ann\u00e9e soit telle qu\u2019elle est. Qu\u2019elle vous traverse pleinement avec toute sa richesse et un regard neuf. Peu importe ce qu\u2019elle mettra devant notre porte, qu\u2019elle soit l\u2019occasion de prendre votre place et d\u2019\u00eatre vous-m\u00eames.<br>Notre seule mission, c\u2019est d\u2019aller au-del\u00e0 des m\u00e9canismes biologiques de notre cerveau, qui s\u00e9parent le bien et le mal, pour simplement int\u00e9grer les deux et \u00eatre soi.&nbsp;<br><br><strong>La pauvret\u00e9 est une illusion ! La vie est un plateau de richesse incommensurable ; si vous la voyez ainsi, vous pouvez vous servir \u00e0 volont\u00e9 !&nbsp;<\/strong><\/p>\n\n\n\n<p><br>Alors, peu importe l\u2019arr\u00eat et l\u2019attente dans une maladie ou dans des situations difficiles, prenons le train en route, reconnectons au vivent en nous et soyons pleinement nous-m\u00eames pour cette ann\u00e9e et pour le restant de nos jours !<br>C\u2019est ce que je nous souhaite !<\/p>\n\n\n\n<p>Gen\u00e8ve le, 2 janvier 2025<\/p>\n\n\n\n<p><br>Aurika Ursu&nbsp;<br>Le leadership au service de la conscience<\/p>\n\n\n\n<figure class=\"wp-block-image\"><img decoding=\"async\" src=\"https:\/\/uni-a-geneve.ch\/wp-content\/uploads\/2025\/01\/panorama-3260080-1024x576.jpg\" alt=\"\" class=\"wp-image-31357\"\/><\/figure>\n\n\n\n<p><a href=\"https:\/\/uni-a-geneve.ch\/wp-admin\/post.php?post=31338&amp;action=edit\">Modifier<\/a><\/p>\n\n\n\n<p>Gen\u00e8ve le, 3 janvier 2025<\/p>\n\n\n\n<p><strong>Aurika Ursu<\/strong><\/p>\n\n\n\n<p><strong>Le leadership au service de la conscience<\/strong><\/p>\n","protected":false},"excerpt":{"rendered":"<p>Dans ces premiers jours de la nouvelle ann\u00e9e, les images de train imaginaire me touchent beaucoup !&nbsp; Il symbolisent le mouvement, le possible et le pouvoir cr\u00e9ateur de notre imagination. Nous sous-estimons souvent ce pouvoir, alors que tout ce qui <a class=\"more-link\" href=\"https:\/\/awarenessuniversity.ch\/index.php\/le-train-de-la-vie-de-2025\/\">Lire plus &#8230;<\/a><\/p>\n","protected":false},"author":1,"featured_media":0,"parent":0,"menu_order":0,"comment_status":"closed","ping_status":"closed","template":"","meta":{"footnotes":""},"class_list":["post-2153","page","type-page","status-publish","hentry"],"_links":{"self":[{"href":"https:\/\/awarenessuniversity.ch\/index.php\/wp-json\/wp\/v2\/pages\/2153","targetHints":{"allow":["GET"]}}],"collection":[{"href":"https:\/\/awarenessuniversity.ch\/index.php\/wp-json\/wp\/v2\/pages"}],"about":[{"href":"https:\/\/awarenessuniversity.ch\/index.php\/wp-json\/wp\/v2\/types\/page"}],"author":[{"embeddable":true,"href":"https:\/\/awarenessuniversity.ch\/index.php\/wp-json\/wp\/v2\/users\/1"}],"replies":[{"embeddable":true,"href":"https:\/\/awarenessuniversity.ch\/index.php\/wp-json\/wp\/v2\/comments?post=2153"}],"version-history":[{"count":3,"href":"https:\/\/awarenessuniversity.ch\/index.php\/wp-json\/wp\/v2\/pages\/2153\/revisions"}],"predecessor-version":[{"id":2379,"href":"https:\/\/awarenessuniversity.ch\/index.php\/wp-json\/wp\/v2\/pages\/2153\/revisions\/2379"}],"wp:attachment":[{"href":"https:\/\/awarenessuniversity.ch\/index.php\/wp-json\/wp\/v2\/media?parent=2153"}],"curies":[{"name":"wp","href":"https:\/\/api.w.org\/{rel}","templated":true}]}}