{"id":2,"date":"2018-07-20T15:26:14","date_gmt":"2018-07-20T13:26:14","guid":{"rendered":"http:\/\/awarenessuniversity.ch\/?page_id=2"},"modified":"2025-12-01T15:57:54","modified_gmt":"2025-12-01T14:57:54","slug":"page-d-exemple","status":"publish","type":"page","link":"https:\/\/awarenessuniversity.ch\/index.php\/page-d-exemple\/","title":{"rendered":"Aurika Ursu"},"content":{"rendered":"\n<p>Fondatrice d\u2019<strong>Awareness University<\/strong>&nbsp;&amp;&nbsp;<strong>C\u0153ur Vibrant<\/strong><\/p>\n\n\n\n<figure class=\"wp-block-image size-large\"><img loading=\"lazy\" decoding=\"async\" width=\"1024\" height=\"683\" src=\"https:\/\/awarenessuniversity.ch\/wp-content\/uploads\/2025\/01\/348312242_788966412856447_1430696642084083751_n-1024x683.jpg\" alt=\"\" class=\"wp-image-2160\" srcset=\"https:\/\/awarenessuniversity.ch\/wp-content\/uploads\/2025\/01\/348312242_788966412856447_1430696642084083751_n-1024x683.jpg 1024w, https:\/\/awarenessuniversity.ch\/wp-content\/uploads\/2025\/01\/348312242_788966412856447_1430696642084083751_n-300x200.jpg 300w, https:\/\/awarenessuniversity.ch\/wp-content\/uploads\/2025\/01\/348312242_788966412856447_1430696642084083751_n-768x512.jpg 768w, https:\/\/awarenessuniversity.ch\/wp-content\/uploads\/2025\/01\/348312242_788966412856447_1430696642084083751_n-1536x1024.jpg 1536w, https:\/\/awarenessuniversity.ch\/wp-content\/uploads\/2025\/01\/348312242_788966412856447_1430696642084083751_n.jpg 2048w\" sizes=\"auto, (max-width: 1024px) 100vw, 1024px\" \/><\/figure>\n\n\n\n<h2 class=\"wp-block-heading\"><strong>M\u00e9tiers &amp; r\u00f4les<\/strong><\/h2>\n\n\n\n<p>\u2022 Coach en conscience, identit\u00e9, leadership et r\u00e9silience (priv\u00e9 &amp; entreprise)<br>\u2022 Formatrice dipl\u00f4m\u00e9e FSEA<br>\u2022 Th\u00e9rapeute reconnue ASCA &amp; RME : gestalt-th\u00e9rapie, PNL, hypnose, art-th\u00e9rapie, danse-th\u00e9rapie<br>\u2022 Conf\u00e9renci\u00e8re<br>\u2022 Formatrice et animatrice de m\u00e9ditations &amp; retraites m\u00e9ditatives<br>\u2022 Consultante en sant\u00e9 et hygi\u00e8ne de vie (environnement, alimentation, sant\u00e9 holistique)<br>\u2022 \u00c9nerg\u00e9ticienne (Reiki \u2013 soins \u00e9nerg\u00e9tiques sans symboles)<br>\u2022 Num\u00e9rologue (num\u00e9rologie en base 22)<br>\u2022 M\u00e9dium (m\u00e9diumnit\u00e9, clairvoyance \/ clairsentience)<\/p>\n\n\n\n<h2 class=\"wp-block-heading\"><strong>Executive Leadership Coach \u2013 Th\u00e9rapeute \u2013  <\/strong>En\u00e9rg\u00e9ticienne<\/h2>\n\n\n\n<p><\/p>\n\n\n\n<p>Certifi\u00e9e Master Coach en 2007, depuis je me sp\u00e9cialise dans le d\u00e9veloppement de la conscience de l\u2019identit\u00e9, du leadership et de la r\u00e9silience.<\/p>\n\n\n\n<p>J\u2019accompagne les entrepreneurs, dirigeants et leaders cr\u00e9atifs qui traversent des p\u00e9riodes de chaos, de transformation ou de grande vuln\u00e9rabilit\u00e9 \u00e0 retrouver leur feu sacr\u00e9, leur clart\u00e9 int\u00e9rieure et mener  leadership profond\u00e9ment align\u00e9 et inspirant.<br><\/p>\n\n\n\n<p>Depuis plus de 20 ans, que je suis disponible pour des personnes  sensibles, ambitieuses et profond\u00e9ment engag\u00e9es \u2013 dans leur chemin spirituel  comme dans leurs demarhes entreprenariales et profesionels \u2013 \u00e0 :<\/p>\n\n\n\n<p>\u2022 mieux se conna\u00eetre dans toutes leurs dimensions,<br>\u2022 se recentrer spirituellement , aprendre \u00e0 se se ressourcer et preserver son en\u00e9rgie <br>\u2022 se r\u00e9inventer apr\u00e8s des crises, ruptures ou transitions majeures,<br>\u2022 se reconnecter \u00e0 leur source identitaire profonde, \u00e0 leur feu sacr\u00e9 et \u00e0 leurs talents inn\u00e9s,<br>\u2022 incarner un leadership authentique, humain, inspirant et align\u00e9.<\/p>\n\n\n\n<p>Pour qui? <\/p>\n\n\n\n<p>J\u2019accompagne notamment :<\/p>\n\n\n\n<p>\u2022 les entrepreneurs, dirigeants, ind\u00e9pendants et cr\u00e9ateurs de projets,<br>\u2022 les leaders cr\u00e9atifs et spirituels en qu\u00eate d\u2019alignement profond,<br>\u2022 les personnes traversant :<\/p>\n\n\n\n<ul class=\"wp-block-list\">\n<li>des p\u00e9riodes chaotiques ou de profondes transformations,<\/li>\n\n\n\n<li>des projets complexes avec fortes responsabilit\u00e9s ou risques importants,<\/li>\n\n\n\n<li>des transitions cl\u00e9s : fin ou d\u00e9but de chapitre, crise identitaire, stagnation, pertes significatives.<\/li>\n\n\n\n<li>des personne avec un trouble TDAH et ou bordeline <\/li>\n<\/ul>\n\n\n\n<p><strong>Ce que je vous aide \u00e0 faire <\/strong><\/p>\n\n\n\n<p>\u00c0 travers un accompagnement sur mesure, je vous aide \u00e0 :<\/p>\n\n\n\n<p>\u2022 vous ressourcer, vous recentrer et vous aligner spirituellement et professionnellement,<br>\u2022 clarifier vos objectifs, vos r\u00eaves, vos ambitions, votre mission, votre identit\u00e9 et vos besoins r\u00e9els,<br>\u2022 enclencher la r\u00e9silience gr\u00e2ce \u00e0 une hygi\u00e8ne de vie et un entourage soutenant,<br>\u2022 d\u00e9samorcer et transformer vos blessures et traumatismes en force, en conscience et en sagesse,<br>\u2022 utiliser vos talents pour une meilleure ma\u00eetrise personnelle et professionnelle,<br>\u2022 retrouver votre feu sacr\u00e9 et votre joie d\u2019avancer,<br>\u2022 incarner et irradier un leadership authentique et inspirant.<\/p>\n\n\n\n<hr class=\"wp-block-separator has-alpha-channel-opacity\"\/>\n\n\n\n<h1 class=\"wp-block-heading\"><strong>Ma relation \u00e0 la r\u00e9silience<\/strong> est avant tout <strong>un v\u00e9cu intime<\/strong> et profond. <\/h1>\n\n\n\n<p>Avec un TDAH s\u00e9v\u00e8re, des traits borderline et de multiples traumatismes majeurs (PTSD) \u2013 dans l\u2019enfance comme \u00e0 l\u2019\u00e2ge adulte \u2013 j\u2019ai consacr\u00e9 plus de 24 ans \u00e0 :<\/p>\n\n\n\n<p>\u2022 me comprendre en profondeur,<br>\u2022 comprendre les handicaps invisibles,<br>\u2022 explorer finement les m\u00e9canismes int\u00e9rieurs de la r\u00e9silience.<\/p>\n\n\n\n<p>Je d\u00e9finis la r\u00e9silience comme la capacit\u00e9 \u00e0 :<\/p>\n\n\n\n<p>\u2022 se conna\u00eetre et aprendre \u00e0 se ma\u00eetriser,<br>\u2022 savoir se ressourcer et s\u2019entourer,<br>\u2022 retrouver une discipline personnalis\u00e9e, choisie et non subie,<br>\u2022 prendre de la hauteur,<br>\u2022 se d\u00e9sidentifier des identit\u00e9s bless\u00e9es et des vortex traumatiques,<br>\u2022 sortir des sch\u00e9mas toxiques et des attachements traumatiques,<br>\u2022 se r\u00e9v\u00e9ler, rebondir et se r\u00e9inventer en retrouvant son feu sacr\u00e9,<br>\u2022 avancer avec confiance en suivant la joie.<\/p>\n\n\n\n<hr class=\"wp-block-separator has-alpha-channel-opacity\"\/>\n\n\n\n<h1 class=\"wp-block-heading\"><strong>M\u00e9diumnit\u00e9, clairvoyance &amp; clairsentience<\/strong><\/h1>\n\n\n\n<p>Je pratique la num\u00e9rologie en base 22 et le Reiki depuis plus de 20 ans.<\/p>\n\n\n\n<p>Mais c\u2019est en approfondissant mes recherches sur les\u00a0<strong>\u00e9gr\u00e9gore<\/strong>s, les entit\u00e9s et les dynamiques \u00e9nerg\u00e9tiques \u2013 th\u00e8me de ma derni\u00e8re conf\u00e9rence \u2013 que tout s\u2019est align\u00e9. &#8230;<\/p>\n\n\n\n<p>Derni\u00e8rement, le d\u00e9part de mon chien, une \u00e2me que j\u2019ai profond\u00e9ment aim\u00e9 dans la chair et que je continue de l&rsquo;aimer dans la lumi\u00e8re, a marqu\u00e9 une \u00e9tape cl\u00e9 o\u00fb <strong>j\u2019ai choisi de lever le voile sur ma m\u00e9diumnit\u00e9<\/strong> si elle se presente<\/p>\n\n\n\n<p>Aujourd\u2019hui, je propose \u2014 s\u00e9par\u00e9ment de mes accompagnements coaching ou en compl\u00e9ment des consultations de m\u00e9diumnit\u00e9 &amp; clairvoyance \/ clairsentience,<br><\/p>\n\n\n\n<hr class=\"wp-block-separator has-alpha-channel-opacity\"\/>\n\n\n\n<h1 class=\"wp-block-heading\"><strong>Approches &amp; outils<\/strong><\/h1>\n\n\n\n<p>Dans mes accompagnements, je tisse diff\u00e9rentes approches selon vos besoins :<\/p>\n\n\n\n<p>\u2022 Coaching &amp; Coaching g\u00e9n\u00e9ratif (R. Dilts)<br>\u2022 PNL &amp; hypnose, Neuros\u00e9mantique<br>\u2022 EMDR<br>\u2022 Gestalt-th\u00e9rapie<br>\u2022 Analyse transactionnelle<br>\u2022 Auto-hypnose, m\u00e9ditations guid\u00e9es<br>\u2022 M\u00e9ditations actives d\u2019Osho<br>\u2022 Pratiques m\u00e9ditatives th\u00e9rapeutiques<\/p>\n\n\n\n<p>Et, en parall\u00e8le ou en compl\u00e9ment :<\/p>\n\n\n\n<p>\u2022 Num\u00e9rologie en base 22<br>\u2022 Soins \u00e9nerg\u00e9tiques (Reiki sans symboles)<br>\u2022 S\u00e9ances de m\u00e9diumnit\u00e9 &amp; clairvoyance<\/p>\n\n\n\n<hr class=\"wp-block-separator has-alpha-channel-opacity\"\/>\n\n\n\n<h1 class=\"wp-block-heading\"><strong>Formations &amp; influences<\/strong><\/h1>\n\n\n\n<p>Form\u00e9e aupr\u00e8s de lieux et figures de renomm\u00e9e internationale :<\/p>\n\n\n\n<p>\u2022 Robert Dilts<br>\u2022 Anthony Robbins<br>\u2022 Alain Cayrol<br>\u2022 Osho International Meditation Resort<br>\u2022 Osho Humaniversity<br>\u2022 Mikael Hall<br>\u2022 \u2026 ainsi que d\u2019autres enseignants et exp\u00e9riences ayant nourri ma pratique.<\/p>\n\n\n\n<hr class=\"wp-block-separator has-alpha-channel-opacity\"\/>\n\n\n\n<h1 class=\"wp-block-heading\"><strong>Dipl\u00f4mes<\/strong><\/h1>\n\n\n\n<p>\u2022 Master Coach<br>\u2022 Ma\u00eetre praticienne en PNL, Hypnose &amp; Neuros\u00e9mantique<br>\u2022 Form\u00e9e \u00e0 Osho International Meditation Resort : gestalt-th\u00e9rapie, Osho Experience, M\u00e9ditations actives et sociales<br>\u2022 AUM Meditation Leader \u2013 Osho Humaniversity (Hollande)<br>\u2022 Th\u00e9rapeute reconnue ASCA &amp; RME<br>\u2022 Formatrice d\u2019adultes (FSEA)<br>\u2022 Form\u00e9e en Management, Ressources humaines, Management &amp; Communication<\/p>\n\n\n\n<hr class=\"wp-block-separator has-alpha-channel-opacity\"\/>\n\n\n\n<h2 class=\"wp-block-heading\"><strong>Travailler ensemble<\/strong><\/h2>\n\n\n\n<p><\/p>\n\n\n\n<p>Si vous traversez une transition, une grande perte, un chaos, une fatigue profonde ou un appel int\u00e9rieur \u00e0 vous r\u00e9inventer, \u00e0 vous reconnecter spirituellement ou \u00e0 contribuer davantage, nous pouvons :<\/p>\n\n\n\n<p>\u2022 planifier un premier entretien exploratoire,<br>\u2022 clarifier vos besoins, vos enjeux et vos priorit\u00e9s,<br>\u2022 d\u00e9finir ensemble la forme d\u2019accompagnement la plus juste :<br>coaching, th\u00e9rapie, num\u00e9rologie, soin \u00e9nerg\u00e9tique, m\u00e9diumnit\u00e9 \u2013 ou un tissage de ces dimensions<\/p>\n\n\n\n<h1 class=\"wp-block-heading\"><strong>Conf\u00e9renci\u00e8re, animatrice, formatrice &amp; femme entrepreneure<\/strong><\/h1>\n\n\n\n<figure class=\"wp-block-image size-large\"><img loading=\"lazy\" decoding=\"async\" width=\"1024\" height=\"683\" src=\"https:\/\/awarenessuniversity.ch\/wp-content\/uploads\/2023\/04\/sur-linkedin-1024x683.jpeg\" alt=\"\" class=\"wp-image-1951\" srcset=\"https:\/\/awarenessuniversity.ch\/wp-content\/uploads\/2023\/04\/sur-linkedin-1024x683.jpeg 1024w, https:\/\/awarenessuniversity.ch\/wp-content\/uploads\/2023\/04\/sur-linkedin-300x200.jpeg 300w, https:\/\/awarenessuniversity.ch\/wp-content\/uploads\/2023\/04\/sur-linkedin-768x512.jpeg 768w, https:\/\/awarenessuniversity.ch\/wp-content\/uploads\/2023\/04\/sur-linkedin-1536x1024.jpeg 1536w, https:\/\/awarenessuniversity.ch\/wp-content\/uploads\/2023\/04\/sur-linkedin-2048x1365.jpeg 2048w, https:\/\/awarenessuniversity.ch\/wp-content\/uploads\/2023\/04\/sur-linkedin-1080x720.jpeg 1080w, https:\/\/awarenessuniversity.ch\/wp-content\/uploads\/2023\/04\/sur-linkedin-1280x854.jpeg 1280w, https:\/\/awarenessuniversity.ch\/wp-content\/uploads\/2023\/04\/sur-linkedin-980x653.jpeg 980w, https:\/\/awarenessuniversity.ch\/wp-content\/uploads\/2023\/04\/sur-linkedin-480x320.jpeg 480w\" sizes=\"auto, (max-width: 1024px) 100vw, 1024px\" \/><\/figure>\n\n\n\n<p>Pour des activit\u00e9s de groupe, vous pouvez me retrouver pour :<\/p>\n\n\n\n<p>\u2022 des&nbsp;<strong>m\u00e9ditations actives d\u2019Osho<\/strong>&nbsp;ou des s\u00e9ances d\u2019<strong>autohypnose<\/strong> en groupe, que j\u2019anime&nbsp;<strong>chaque semaine \u00e0 Vernier Village<\/strong>,<br>\u2022 sur les&nbsp;<strong>r\u00e9seaux sociaux<\/strong>, o\u00f9 je publie des articles et r\u00e9flexions sur la&nbsp;<strong>conscience<\/strong>, la transformation int\u00e9rieure et le leadership align\u00e9,<br>\u2022 lors de&nbsp;<strong>conf\u00e9rences<\/strong>&nbsp;sur des th\u00e8mes vari\u00e9s \u2014 des sujets qui m\u2019inspirent profond\u00e9ment et qui, selon moi, apportent une v\u00e9ritable utilit\u00e9 \u00e0 mon r\u00e9seau.<\/p>\n\n\n\n<p>En 2020, j\u2019ai fond\u00e9&nbsp;<strong>Uni-\u00e0-Gen\u00e8ve<\/strong>, une plateforme m\u00ealant&nbsp;<strong>politique, spiritualit\u00e9 et conscience<\/strong>, destin\u00e9e aux entrepreneurs conscients, ainsi qu\u2019un r\u00e9seau d\u2019entraide et de mise en lien appel\u00e9&nbsp;<strong>C\u0153ur Vibrant<\/strong>.<\/p>\n\n\n\n<p>\u00c0 partir de 2026, le site Uni-\u00e0-Gen\u00e8ve portera officiellement le nom&nbsp;<strong>C\u0153ur Vibrant<\/strong>,<br>et la dimension politique y sera r\u00e9duite au minimum pour laisser la place \u00e0 l\u2019essentiel :<br>la&nbsp;<strong>conscience<\/strong>, la&nbsp;<strong>transformation<\/strong>, la&nbsp;<strong>connexion humaine<\/strong>&nbsp;et la&nbsp;<strong>spiritualit\u00e9 appliqu\u00e9e<\/strong><\/p>\n\n\n\n<figure class=\"wp-block-image size-large is-resized\"><img loading=\"lazy\" decoding=\"async\" width=\"1024\" height=\"331\" src=\"https:\/\/awarenessuniversity.ch\/wp-content\/uploads\/2021\/09\/AU-Specialiste-developpement-1-1024x331.jpg\" alt=\"\" class=\"wp-image-830\" style=\"width:673px;height:217px\" srcset=\"https:\/\/awarenessuniversity.ch\/wp-content\/uploads\/2021\/09\/AU-Specialiste-developpement-1-1024x331.jpg 1024w, https:\/\/awarenessuniversity.ch\/wp-content\/uploads\/2021\/09\/AU-Specialiste-developpement-1-300x97.jpg 300w, https:\/\/awarenessuniversity.ch\/wp-content\/uploads\/2021\/09\/AU-Specialiste-developpement-1-768x248.jpg 768w, https:\/\/awarenessuniversity.ch\/wp-content\/uploads\/2021\/09\/AU-Specialiste-developpement-1-1536x497.jpg 1536w, https:\/\/awarenessuniversity.ch\/wp-content\/uploads\/2021\/09\/AU-Specialiste-developpement-1-2048x662.jpg 2048w\" sizes=\"auto, (max-width: 1024px) 100vw, 1024px\" \/><\/figure>\n\n\n\n<p><\/p>\n\n\n\n<div class=\"wp-block-columns is-layout-flex wp-container-core-columns-is-layout-9d6595d7 wp-block-columns-is-layout-flex\">\n<div class=\"wp-block-column is-layout-flow wp-block-column-is-layout-flow\"><\/div>\n\n\n\n<div class=\"wp-block-column is-layout-flow wp-block-column-is-layout-flow\"><\/div>\n\n\n\n<div class=\"wp-block-column is-layout-flow wp-block-column-is-layout-flow\"><\/div>\n<\/div>\n\n\n\n<p><\/p>\n","protected":false},"excerpt":{"rendered":"<p>Fondatrice d\u2019Awareness University&nbsp;&amp;&nbsp;C\u0153ur Vibrant M\u00e9tiers &amp; r\u00f4les \u2022 Coach en conscience, identit\u00e9, leadership et r\u00e9silience (priv\u00e9 &amp; entreprise)\u2022 Formatrice dipl\u00f4m\u00e9e FSEA\u2022 Th\u00e9rapeute reconnue ASCA &amp; RME : gestalt-th\u00e9rapie, PNL, hypnose, art-th\u00e9rapie, danse-th\u00e9rapie\u2022 Conf\u00e9renci\u00e8re\u2022 Formatrice et animatrice de m\u00e9ditations &amp; retraites <a class=\"more-link\" href=\"https:\/\/awarenessuniversity.ch\/index.php\/page-d-exemple\/\">Lire plus &#8230;<\/a><\/p>\n","protected":false},"author":1,"featured_media":0,"parent":0,"menu_order":0,"comment_status":"closed","ping_status":"open","template":"","meta":{"footnotes":""},"class_list":["post-2","page","type-page","status-publish","hentry"],"_links":{"self":[{"href":"https:\/\/awarenessuniversity.ch\/index.php\/wp-json\/wp\/v2\/pages\/2","targetHints":{"allow":["GET"]}}],"collection":[{"href":"https:\/\/awarenessuniversity.ch\/index.php\/wp-json\/wp\/v2\/pages"}],"about":[{"href":"https:\/\/awarenessuniversity.ch\/index.php\/wp-json\/wp\/v2\/types\/page"}],"author":[{"embeddable":true,"href":"https:\/\/awarenessuniversity.ch\/index.php\/wp-json\/wp\/v2\/users\/1"}],"replies":[{"embeddable":true,"href":"https:\/\/awarenessuniversity.ch\/index.php\/wp-json\/wp\/v2\/comments?post=2"}],"version-history":[{"count":76,"href":"https:\/\/awarenessuniversity.ch\/index.php\/wp-json\/wp\/v2\/pages\/2\/revisions"}],"predecessor-version":[{"id":2830,"href":"https:\/\/awarenessuniversity.ch\/index.php\/wp-json\/wp\/v2\/pages\/2\/revisions\/2830"}],"wp:attachment":[{"href":"https:\/\/awarenessuniversity.ch\/index.php\/wp-json\/wp\/v2\/media?parent=2"}],"curies":[{"name":"wp","href":"https:\/\/api.w.org\/{rel}","templated":true}]}}