{"id":1880,"date":"2023-01-30T22:02:15","date_gmt":"2023-01-30T21:02:15","guid":{"rendered":"https:\/\/awarenessuniversity.ch\/?page_id=1880"},"modified":"2025-01-14T14:30:36","modified_gmt":"2025-01-14T13:30:36","slug":"choisir-un-acte-de-liberte","status":"publish","type":"page","link":"https:\/\/awarenessuniversity.ch\/index.php\/choisir-un-acte-de-liberte\/","title":{"rendered":"Choisir un acte de pouvoir !"},"content":{"rendered":"\n<figure class=\"wp-block-image size-large\"><img loading=\"lazy\" decoding=\"async\" width=\"1024\" height=\"675\" src=\"https:\/\/awarenessuniversity.ch\/wp-content\/uploads\/2025\/01\/moon-9192301_1280-1024x675.jpg\" alt=\"\" class=\"wp-image-2413\" srcset=\"https:\/\/awarenessuniversity.ch\/wp-content\/uploads\/2025\/01\/moon-9192301_1280-1024x675.jpg 1024w, https:\/\/awarenessuniversity.ch\/wp-content\/uploads\/2025\/01\/moon-9192301_1280-300x198.jpg 300w, https:\/\/awarenessuniversity.ch\/wp-content\/uploads\/2025\/01\/moon-9192301_1280-768x506.jpg 768w, https:\/\/awarenessuniversity.ch\/wp-content\/uploads\/2025\/01\/moon-9192301_1280.jpg 1280w\" sizes=\"auto, (max-width: 1024px) 100vw, 1024px\" \/><\/figure>\n\n\n\n<p>En ce d\u00e9but d\u2019ann\u00e9e, alors que la premi\u00e8re pleine lune nous a illumin\u00e9s hier, le 13 janvier, je vous invite \u2013 si ce n\u2019est d\u00e9j\u00e0 fait \u2013 \u00e0 revisiter vos valeurs, \u00e0 clarifier votre vision, \u00e0 faire le tri dans vos relations et \u00e0 arroser ce que vous avez sem\u00e9.<\/p>\n\n\n\n<p>Accueillons ce qui est, m\u00eame quand c\u2019est difficile. Ne pas craindre la souffrance est un pouvoir de libert\u00e9 extraordinaire : si vous n\u2019avez pas peur d\u2019\u00e9chouer, de vous s\u00e9parer ou de perdre, vous pouvez vous consid\u00e9rer libre. Au fond, c\u2019est en voulant \u00e0 tout prix \u00e9chapper \u00e0 la souffrance que l\u2019on s\u2019y attache le plus.<\/p>\n\n\n\n<p>Aimons-nous tels que nous sommes, sans chercher \u00e0 nous changer. Osons nous d\u00e9voiler aux autres quand nous nous sentons en s\u00e9curit\u00e9, osons aimer. \u00c9vitons de chercher des ennemis ou des coupables pour justifier ou fuir la souffrance\u202f: t\u00f4t ou tard, elle frappera \u00e0 notre porte, parfois sous forme de maladie, et nous obligera \u00e0 la ressentir.<\/p>\n\n\n\n<p>Nous sommes parfaits dans nos imperfections, fa\u00e7onn\u00e9s par nos choix, nos pens\u00e9es et nos actions. Acceptons-nous tels que nous sommes, r\u00eavons grand, pensons juste, faisons de bons choix et <strong>prenons le train en marche<\/strong> vers ce qui nous met en joie\u202f\u2014 qu\u2019il s\u2019agisse d\u2019<strong>adopter un chien<\/strong>, de <strong>lancer des projets inspirants <\/strong>ou de cr\u00e9er des amiti\u00e9s authentiques. <strong>Devenons des aventuriers engag\u00e9s, pr\u00eats \u00e0 accueillir les myst\u00e8res et les cadeaux que la vie nous r\u00e9serve.<\/strong><\/p>\n\n\n\n<figure class=\"wp-block-image size-large\"><img loading=\"lazy\" decoding=\"async\" width=\"989\" height=\"1024\" src=\"https:\/\/awarenessuniversity.ch\/wp-content\/uploads\/2025\/01\/train-989x1024.jpg\" alt=\"\" class=\"wp-image-2346\" srcset=\"https:\/\/awarenessuniversity.ch\/wp-content\/uploads\/2025\/01\/train-989x1024.jpg 989w, https:\/\/awarenessuniversity.ch\/wp-content\/uploads\/2025\/01\/train-290x300.jpg 290w, https:\/\/awarenessuniversity.ch\/wp-content\/uploads\/2025\/01\/train-768x795.jpg 768w, https:\/\/awarenessuniversity.ch\/wp-content\/uploads\/2025\/01\/train.jpg 1236w\" sizes=\"auto, (max-width: 989px) 100vw, 989px\" \/><\/figure>\n\n\n\n<p><strong>Choisir, c\u2019est un acte de libert\u00e9 et de pouvoir\u202f! <\/strong><\/p>\n\n\n\n<p>En ce jour de pleine lune du d\u00e9but d\u2019ann\u00e9e, plut\u00f4t que de prendre des r\u00e9solutions forc\u00e9es ou d\u2019esp\u00e9rer un \u00e9lan artificiel, faisons des choix conscients. L\u2019\u00e9lan viendra quand il devra venir, et plus nous le for\u00e7ons, plus il se d\u00e9robe. Voici quelques pistes de choix\u202f:<\/p>\n\n\n\n<ol class=\"wp-block-list\">\n<li><strong>Choisir d\u2019aller \u00e0 la source de ce qui nous fait vibrer<\/strong>\u00a0et de suivre la joie.<\/li>\n\n\n\n<li><strong>Choisir de garder son c\u0153ur ouvert<\/strong>, d\u2019\u00e9couter son \u00e9lan et de rester dans l\u2019amour, malgr\u00e9 les \u00e9preuves.<\/li>\n\n\n\n<li><strong>Choisir de se choisir<\/strong>, de devenir la priorit\u00e9 de sa propre vie. R\u00e9p\u00e9tez-vous : \u00ab\u202fJe suis l\u2019\u00e9lu\u00b7e et l\u2019aim\u00e9\u00b7e de ma destin\u00e9e\u202f!\u202f\u00bb et ancrez cette v\u00e9rit\u00e9 en vous.<\/li>\n\n\n\n<li><strong>Choisir ses amis avec soin<\/strong>, tout comme on choisit ses ennemis : ne d\u00e9signez jamais quelqu\u2019un comme votre ennemi sans \u00e9prouver, au fond, une forme d\u2019admiration ou de fascination pour lui.<\/li>\n\n\n\n<li><strong>Choisir de se s\u00e9parer<\/strong>, m\u00eame de personnes proches, si la relation vous fait ruminer la nuit.<\/li>\n<\/ol>\n\n\n\n<p>Que l\u2019ann\u00e9e 2025 nous ancre enfin dans notre \u00eatre profond, en vibrant dans l\u2019harmonie invisible et extatique que nous aurons sem\u00e9e par nos choix.<\/p>\n\n\n\n<p><\/p>\n\n\n\n<figure class=\"wp-block-image size-large\"><img loading=\"lazy\" decoding=\"async\" width=\"1024\" height=\"576\" src=\"https:\/\/awarenessuniversity.ch\/wp-content\/uploads\/2025\/01\/panorama-3260080-1024x576.jpg\" alt=\"\" class=\"wp-image-2165\" srcset=\"https:\/\/awarenessuniversity.ch\/wp-content\/uploads\/2025\/01\/panorama-3260080-1024x576.jpg 1024w, https:\/\/awarenessuniversity.ch\/wp-content\/uploads\/2025\/01\/panorama-3260080-300x169.jpg 300w, https:\/\/awarenessuniversity.ch\/wp-content\/uploads\/2025\/01\/panorama-3260080-768x432.jpg 768w, https:\/\/awarenessuniversity.ch\/wp-content\/uploads\/2025\/01\/panorama-3260080-1536x864.jpg 1536w, https:\/\/awarenessuniversity.ch\/wp-content\/uploads\/2025\/01\/panorama-3260080-2048x1152.jpg 2048w, https:\/\/awarenessuniversity.ch\/wp-content\/uploads\/2025\/01\/panorama-3260080-400x225.jpg 400w, https:\/\/awarenessuniversity.ch\/wp-content\/uploads\/2025\/01\/panorama-3260080-780x439.jpg 780w\" sizes=\"auto, (max-width: 1024px) 100vw, 1024px\" \/><\/figure>\n\n\n\n<p>Gen\u00e8ve le, 14 janvier 2025<\/p>\n\n\n\n<p><strong>Aurika Ursu <\/strong><\/p>\n\n\n\n<p><strong>Le leadership au service de la conscience <\/strong><\/p>\n\n\n\n<p><\/p>\n","protected":false},"excerpt":{"rendered":"<p>En ce d\u00e9but d\u2019ann\u00e9e, alors que la premi\u00e8re pleine lune nous a illumin\u00e9s hier, le 13 janvier, je vous invite \u2013 si ce n\u2019est d\u00e9j\u00e0 fait \u2013 \u00e0 revisiter vos valeurs, \u00e0 clarifier votre vision, \u00e0 faire le tri dans <a class=\"more-link\" href=\"https:\/\/awarenessuniversity.ch\/index.php\/choisir-un-acte-de-liberte\/\">Lire plus &#8230;<\/a><\/p>\n","protected":false},"author":1,"featured_media":0,"parent":0,"menu_order":0,"comment_status":"closed","ping_status":"closed","template":"","meta":{"footnotes":""},"class_list":["post-1880","page","type-page","status-publish","hentry"],"_links":{"self":[{"href":"https:\/\/awarenessuniversity.ch\/index.php\/wp-json\/wp\/v2\/pages\/1880","targetHints":{"allow":["GET"]}}],"collection":[{"href":"https:\/\/awarenessuniversity.ch\/index.php\/wp-json\/wp\/v2\/pages"}],"about":[{"href":"https:\/\/awarenessuniversity.ch\/index.php\/wp-json\/wp\/v2\/types\/page"}],"author":[{"embeddable":true,"href":"https:\/\/awarenessuniversity.ch\/index.php\/wp-json\/wp\/v2\/users\/1"}],"replies":[{"embeddable":true,"href":"https:\/\/awarenessuniversity.ch\/index.php\/wp-json\/wp\/v2\/comments?post=1880"}],"version-history":[{"count":16,"href":"https:\/\/awarenessuniversity.ch\/index.php\/wp-json\/wp\/v2\/pages\/1880\/revisions"}],"predecessor-version":[{"id":2633,"href":"https:\/\/awarenessuniversity.ch\/index.php\/wp-json\/wp\/v2\/pages\/1880\/revisions\/2633"}],"wp:attachment":[{"href":"https:\/\/awarenessuniversity.ch\/index.php\/wp-json\/wp\/v2\/media?parent=1880"}],"curies":[{"name":"wp","href":"https:\/\/api.w.org\/{rel}","templated":true}]}}