{"id":179,"date":"2019-06-24T22:06:40","date_gmt":"2019-06-24T20:06:40","guid":{"rendered":"http:\/\/awarenessuniversity.ch\/?page_id=179"},"modified":"2025-01-23T22:47:07","modified_gmt":"2025-01-23T21:47:07","slug":"dynamique-meditation","status":"publish","type":"page","link":"https:\/\/awarenessuniversity.ch\/index.php\/dynamique-meditation\/","title":{"rendered":"OSHO Dynamique M\u00e9ditation"},"content":{"rendered":"\n<figure class=\"wp-block-image size-full\"><img loading=\"lazy\" decoding=\"async\" width=\"1024\" height=\"1024\" src=\"https:\/\/awarenessuniversity.ch\/wp-content\/uploads\/2025\/01\/DALL\u00b7E-2025-01-23-22.36.39-A-highly-realistic-depiction-of-a-small-group-of-10-people-engaged-in-Oshos-dynamic-meditation-in-a-bright-cozy-apartment-located-in-the-mountains.-.webp\" alt=\"\" class=\"wp-image-2731\" srcset=\"https:\/\/awarenessuniversity.ch\/wp-content\/uploads\/2025\/01\/DALL\u00b7E-2025-01-23-22.36.39-A-highly-realistic-depiction-of-a-small-group-of-10-people-engaged-in-Oshos-dynamic-meditation-in-a-bright-cozy-apartment-located-in-the-mountains.-.webp 1024w, https:\/\/awarenessuniversity.ch\/wp-content\/uploads\/2025\/01\/DALL\u00b7E-2025-01-23-22.36.39-A-highly-realistic-depiction-of-a-small-group-of-10-people-engaged-in-Oshos-dynamic-meditation-in-a-bright-cozy-apartment-located-in-the-mountains.--300x300.webp 300w, https:\/\/awarenessuniversity.ch\/wp-content\/uploads\/2025\/01\/DALL\u00b7E-2025-01-23-22.36.39-A-highly-realistic-depiction-of-a-small-group-of-10-people-engaged-in-Oshos-dynamic-meditation-in-a-bright-cozy-apartment-located-in-the-mountains.--150x150.webp 150w, https:\/\/awarenessuniversity.ch\/wp-content\/uploads\/2025\/01\/DALL\u00b7E-2025-01-23-22.36.39-A-highly-realistic-depiction-of-a-small-group-of-10-people-engaged-in-Oshos-dynamic-meditation-in-a-bright-cozy-apartment-located-in-the-mountains.--768x768.webp 768w\" sizes=\"auto, (max-width: 1024px) 100vw, 1024px\" \/><\/figure>\n\n\n\n<p><strong>La M\u00e9ditation Dynamique d\u2019Osho : un \u00e9lan de lib\u00e9ration int\u00e9rieure<\/strong><\/p>\n\n\n\n<p>Parmi les m\u00e9ditations actives propos\u00e9es par Osho, la Dynamic Meditation est sans doute la plus embl\u00e9matique. Sa sp\u00e9cificit\u00e9\u202f? Combiner la respiration puissante, l\u2019expression \u00e9motionnelle et le mouvement libre pour cr\u00e9er un v\u00e9ritable \u00ab\u202fcatharsis\u202f\u00bb physique et mental. On la surnomme parfois \u00ab\u202fle r\u00e9veil de l\u2019aube\u202f\u00bb, tant elle r\u00e9veille l\u2019\u00e9nergie vitale qui sommeille en nous et nous invite \u00e0 un profond nettoyage int\u00e9rieur.<\/p>\n\n\n\n<figure class=\"wp-block-image size-large\"><img loading=\"lazy\" decoding=\"async\" width=\"1024\" height=\"1024\" src=\"https:\/\/awarenessuniversity.ch\/wp-content\/uploads\/2025\/01\/472786499_1009407784560460_3205059252506416714_n-1024x1024.jpg\" alt=\"\" class=\"wp-image-2323\" srcset=\"https:\/\/awarenessuniversity.ch\/wp-content\/uploads\/2025\/01\/472786499_1009407784560460_3205059252506416714_n-1024x1024.jpg 1024w, https:\/\/awarenessuniversity.ch\/wp-content\/uploads\/2025\/01\/472786499_1009407784560460_3205059252506416714_n-300x300.jpg 300w, https:\/\/awarenessuniversity.ch\/wp-content\/uploads\/2025\/01\/472786499_1009407784560460_3205059252506416714_n-150x150.jpg 150w, https:\/\/awarenessuniversity.ch\/wp-content\/uploads\/2025\/01\/472786499_1009407784560460_3205059252506416714_n-768x768.jpg 768w, https:\/\/awarenessuniversity.ch\/wp-content\/uploads\/2025\/01\/472786499_1009407784560460_3205059252506416714_n.jpg 1080w\" sizes=\"auto, (max-width: 1024px) 100vw, 1024px\" \/><\/figure>\n\n\n\n<p><strong>Pourquoi une m\u00e9ditation \u00ab\u202fdynamique\u202f\u00bb ?<\/strong><\/p>\n\n\n\n<p><strong>Sortir du mental par le mouvement<\/strong><\/p>\n\n\n\n<p>Dans l\u2019imaginaire collectif, la m\u00e9ditation renvoie souvent \u00e0 l\u2019immobilit\u00e9 et au silence. Or, beaucoup de personnes qui ressentent du stress, de l\u2019agitation mentale ou des \u00e9motions fortes ont du mal \u00e0 plonger directement dans la tranquillit\u00e9. La Dynamic Meditation propose alors d\u2019utiliser le mouvement, la respiration et des sons vigoureux pour canaliser et lib\u00e9rer cette \u00e9nergie \u00ab\u202ftrop pleine\u202f\u00bb.<\/p>\n\n\n\n<p><strong>Lib\u00e9rer les tensions accumul\u00e9es<\/strong><\/p>\n\n\n\n<p>Nos corps et nos esprits stockent au quotidien stress, \u00e9motions non exprim\u00e9es et toxines. La dynamique d\u2019Osho aide \u00e0 briser ces sch\u00e9mas de r\u00e9tention\u202f: en respirant de fa\u00e7on intensive et en laissant sortir la voix, on fait \u00ab\u202fremonter \u00e0 la surface\u202f\u00bb ce qui \u00e9tait enfoui. C\u2019est un moyen direct et puissant de nous reconnecter \u00e0 notre vitalit\u00e9 profonde.<\/p>\n\n\n\n<p><strong>L\u2019esprit de la Dynamic Meditation<\/strong><\/p>\n\n\n\n<p><strong>Un processus en \u00ab\u202fphases\u202f\u00bb mais surtout une exp\u00e9rience globale<\/strong><\/p>\n\n\n\n<p>Bien que cette pratique se d\u00e9coupe en plusieurs \u00e9tapes (respiration, catharsis, mantra, immobilit\u00e9, c\u00e9l\u00e9bration), ce qui importe, c\u2019est la continuit\u00e9 de l\u2019exp\u00e9rience. On entre dans un flux \u00e9nerg\u00e9tique o\u00f9 chaque phase pr\u00e9pare la suivante. Il s\u2019agit moins de \u00ab\u202fr\u00e9ussir\u202f\u00bb chaque \u00e9tape que de se laisser habiter par l\u2019\u00e9nergie du moment.<\/p>\n\n\n\n<figure class=\"wp-block-image size-large\"><img loading=\"lazy\" decoding=\"async\" width=\"1024\" height=\"1024\" src=\"https:\/\/awarenessuniversity.ch\/wp-content\/uploads\/2025\/01\/472688141_1009407817893790_3923040402008445603_n-1024x1024.jpg\" alt=\"\" class=\"wp-image-2321\" srcset=\"https:\/\/awarenessuniversity.ch\/wp-content\/uploads\/2025\/01\/472688141_1009407817893790_3923040402008445603_n-1024x1024.jpg 1024w, https:\/\/awarenessuniversity.ch\/wp-content\/uploads\/2025\/01\/472688141_1009407817893790_3923040402008445603_n-300x300.jpg 300w, https:\/\/awarenessuniversity.ch\/wp-content\/uploads\/2025\/01\/472688141_1009407817893790_3923040402008445603_n-150x150.jpg 150w, https:\/\/awarenessuniversity.ch\/wp-content\/uploads\/2025\/01\/472688141_1009407817893790_3923040402008445603_n-768x768.jpg 768w, https:\/\/awarenessuniversity.ch\/wp-content\/uploads\/2025\/01\/472688141_1009407817893790_3923040402008445603_n.jpg 1080w\" sizes=\"auto, (max-width: 1024px) 100vw, 1024px\" \/><\/figure>\n\n\n\n<p><strong>Une alchimie entre force et l\u00e2cher-prise<\/strong><\/p>\n\n\n\n<p>Pendant la Dynamic Meditation, on peut \u00e9prouver un engagement physique intense, voire un certain effort. Cependant, ce n\u2019est pas une performance. Au contraire, on cherche \u00e0 atteindre un point o\u00f9 l\u2019intensit\u00e9 nous aide \u00e0 l\u00e2cher le contr\u00f4le mental. C\u2019est dans cet abandon volontaire \u2014 apr\u00e8s une forme de \u00ab\u202ftemp\u00eate\u202f\u00bb int\u00e9rieure \u2014 que la v\u00e9ritable relaxation peut s\u2019installer.<\/p>\n\n\n\n<p><strong>4. Bienfaits potentiels<\/strong><\/p>\n\n\n\n<ul class=\"wp-block-list\">\n<li><strong>Purification et d\u00e9tente profonde<\/strong>&nbsp;: En autorisant une lib\u00e9ration cathartique, on nettoie les tensions psychiques et corporelles, ce qui donne souvent une sensation de l\u00e9g\u00e8ret\u00e9.<\/li>\n\n\n\n<li><strong>Conscience accrue<\/strong>&nbsp;: La rapidit\u00e9 des changements (du chaos au calme) aff\u00fbte la pr\u00e9sence \u00e0 l\u2019instant et nous apprend \u00e0 nous observer avec plus de clairvoyance.<\/li>\n\n\n\n<li><strong>R\u00e9duction du stress et de l\u2019agitation mentale<\/strong>&nbsp;: La respiration active et la lib\u00e9ration \u00e9motionnelle sont de puissants antidotes au stress, pouvant apaiser le mental et am\u00e9liorer le sommeil.<\/li>\n\n\n\n<li><strong>\u00c9panouissement et cr\u00e9ativit\u00e9<\/strong>&nbsp;: Retrouver l\u2019acc\u00e8s \u00e0 notre \u00e9lan vital peut r\u00e9veiller en nous des inspirations, une envie de cr\u00e9er ou d\u2019innover, tant dans notre vie personnelle que professionnelle.<\/li>\n<\/ul>\n\n\n\n<p><strong>Int\u00e9gration au quotidien<\/strong><\/p>\n\n\n\n<ul class=\"wp-block-list\">\n<li><strong>\u00c9coute corporelle<\/strong>&nbsp;: Les bienfaits de la Dynamic Meditation se prolongent quand, au cours de la journ\u00e9e, tu restes attentif \u00e0 ta respiration, \u00e0 tes tensions ou \u00e0 tes humeurs naissantes.<\/li>\n\n\n\n<li><strong>Mini-l\u00e2cher-prise<\/strong>&nbsp;: Quand tu te sens trop tendu, n\u2019h\u00e9site pas \u00e0 faire de petits exercices de respiration active ou \u00e0 t\u2019autoriser une courte vocalisation (un \u00ab\u202fAhh\u202f!\u00bb de soulagement, par exemple).<\/li>\n\n\n\n<li><strong>Cr\u00e9ativit\u00e9 en mouvement<\/strong>&nbsp;: Si tu as un moment de stress, danser librement sur une musique rythm\u00e9e ou secouer tes bras et tes jambes pendant une minute peut rappeler le principe de la Dynamic Meditation et lib\u00e9rer la pression.<\/li>\n<\/ul>\n\n\n\n<p>La Dynamic Meditation d\u2019Osho est un rite matinal pour beaucoup d\u2019adeptes, un moment fort o\u00f9 l\u2019on se laisse traverser par la respiration, le mouvement, le cri, la joie et, in fine, le silence. Gr\u00e2ce \u00e0 ce m\u00e9lange de puissance et de rel\u00e2chement, elle offre un espace unique pour d\u00e9marrer la journ\u00e9e dans une \u00e9nergie neuve. Cette pratique, \u00e0 la fois vigoureuse et profond\u00e9ment m\u00e9ditative, convient particuli\u00e8rement \u00e0 celles et ceux qui peinent \u00e0 rester assis en silence d\u00e8s le d\u00e9part et qui ressentent le besoin de bouger pour acc\u00e9der \u00e0 un \u00e9tat de conscience \u00e9largi. En somme, un v\u00e9ritable rem\u00e8de contre la l\u00e9thargie et les poids \u00e9motionnels, pour qui ose plonger dans le tumulte avant de go\u00fbter \u00e0 la qui\u00e9tude.<\/p>\n\n\n\n<figure class=\"wp-block-image size-large\"><img loading=\"lazy\" decoding=\"async\" width=\"1024\" height=\"604\" src=\"https:\/\/awarenessuniversity.ch\/wp-content\/uploads\/2024\/01\/Meditations-actives--1024x604.jpg\" alt=\"\" class=\"wp-image-2108\" srcset=\"https:\/\/awarenessuniversity.ch\/wp-content\/uploads\/2024\/01\/Meditations-actives--1024x604.jpg 1024w, https:\/\/awarenessuniversity.ch\/wp-content\/uploads\/2024\/01\/Meditations-actives--300x177.jpg 300w, https:\/\/awarenessuniversity.ch\/wp-content\/uploads\/2024\/01\/Meditations-actives--768x453.jpg 768w, https:\/\/awarenessuniversity.ch\/wp-content\/uploads\/2024\/01\/Meditations-actives--1536x906.jpg 1536w, https:\/\/awarenessuniversity.ch\/wp-content\/uploads\/2024\/01\/Meditations-actives--2048x1207.jpg 2048w\" sizes=\"auto, (max-width: 1024px) 100vw, 1024px\" \/><\/figure>\n","protected":false},"excerpt":{"rendered":"<p>La M\u00e9ditation Dynamique d\u2019Osho : un \u00e9lan de lib\u00e9ration int\u00e9rieure Parmi les m\u00e9ditations actives propos\u00e9es par Osho, la Dynamic Meditation est sans doute la plus embl\u00e9matique. Sa sp\u00e9cificit\u00e9\u202f? Combiner la respiration puissante, l\u2019expression \u00e9motionnelle et le mouvement libre pour cr\u00e9er <a class=\"more-link\" href=\"https:\/\/awarenessuniversity.ch\/index.php\/dynamique-meditation\/\">Lire plus &#8230;<\/a><\/p>\n","protected":false},"author":1,"featured_media":0,"parent":0,"menu_order":0,"comment_status":"closed","ping_status":"closed","template":"","meta":{"footnotes":""},"class_list":["post-179","page","type-page","status-publish","hentry"],"_links":{"self":[{"href":"https:\/\/awarenessuniversity.ch\/index.php\/wp-json\/wp\/v2\/pages\/179","targetHints":{"allow":["GET"]}}],"collection":[{"href":"https:\/\/awarenessuniversity.ch\/index.php\/wp-json\/wp\/v2\/pages"}],"about":[{"href":"https:\/\/awarenessuniversity.ch\/index.php\/wp-json\/wp\/v2\/types\/page"}],"author":[{"embeddable":true,"href":"https:\/\/awarenessuniversity.ch\/index.php\/wp-json\/wp\/v2\/users\/1"}],"replies":[{"embeddable":true,"href":"https:\/\/awarenessuniversity.ch\/index.php\/wp-json\/wp\/v2\/comments?post=179"}],"version-history":[{"count":15,"href":"https:\/\/awarenessuniversity.ch\/index.php\/wp-json\/wp\/v2\/pages\/179\/revisions"}],"predecessor-version":[{"id":2732,"href":"https:\/\/awarenessuniversity.ch\/index.php\/wp-json\/wp\/v2\/pages\/179\/revisions\/2732"}],"wp:attachment":[{"href":"https:\/\/awarenessuniversity.ch\/index.php\/wp-json\/wp\/v2\/media?parent=179"}],"curies":[{"name":"wp","href":"https:\/\/api.w.org\/{rel}","templated":true}]}}