{"id":1219,"date":"2021-10-26T09:17:47","date_gmt":"2021-10-26T07:17:47","guid":{"rendered":"https:\/\/awarenessuniversity.ch\/?page_id=1219"},"modified":"2025-12-01T15:52:44","modified_gmt":"2025-12-01T14:52:44","slug":"a-la-une","status":"publish","type":"page","link":"https:\/\/awarenessuniversity.ch\/index.php\/a-la-une\/","title":{"rendered":"Accueuil"},"content":{"rendered":"\n<figure class=\"wp-block-image size-large\"><img loading=\"lazy\" decoding=\"async\" width=\"1024\" height=\"683\" src=\"https:\/\/awarenessuniversity.ch\/wp-content\/uploads\/2025\/01\/meditation-1794292-1024x683.jpg\" alt=\"\" class=\"wp-image-2425\" srcset=\"https:\/\/awarenessuniversity.ch\/wp-content\/uploads\/2025\/01\/meditation-1794292-1024x683.jpg 1024w, https:\/\/awarenessuniversity.ch\/wp-content\/uploads\/2025\/01\/meditation-1794292-300x200.jpg 300w, https:\/\/awarenessuniversity.ch\/wp-content\/uploads\/2025\/01\/meditation-1794292-768x512.jpg 768w, https:\/\/awarenessuniversity.ch\/wp-content\/uploads\/2025\/01\/meditation-1794292-1536x1024.jpg 1536w, https:\/\/awarenessuniversity.ch\/wp-content\/uploads\/2025\/01\/meditation-1794292-2048x1365.jpg 2048w\" sizes=\"auto, (max-width: 1024px) 100vw, 1024px\" \/><\/figure>\n\n\n\n<p><strong>Bienvenue sur le site d\u2019Awareness University,<\/strong><\/p>\n\n\n\n<figure class=\"wp-block-image\"><img loading=\"lazy\" decoding=\"async\" width=\"1024\" height=\"245\" src=\"https:\/\/awarenessuniversity.ch\/wp-content\/uploads\/2021\/09\/AU-Logo-Recherches-Formation-1024x245.jpg\" alt=\"\" class=\"wp-image-813\" srcset=\"https:\/\/awarenessuniversity.ch\/wp-content\/uploads\/2021\/09\/AU-Logo-Recherches-Formation-1024x245.jpg 1024w, https:\/\/awarenessuniversity.ch\/wp-content\/uploads\/2021\/09\/AU-Logo-Recherches-Formation-300x72.jpg 300w, https:\/\/awarenessuniversity.ch\/wp-content\/uploads\/2021\/09\/AU-Logo-Recherches-Formation-768x183.jpg 768w, https:\/\/awarenessuniversity.ch\/wp-content\/uploads\/2021\/09\/AU-Logo-Recherches-Formation-1536x367.jpg 1536w, https:\/\/awarenessuniversity.ch\/wp-content\/uploads\/2021\/09\/AU-Logo-Recherches-Formation-2048x489.jpg 2048w\" sizes=\"auto, (max-width: 1024px) 100vw, 1024px\" \/><\/figure>\n\n\n\n<p>Chez <strong>Awareness University<\/strong>, nous offrons un espace unique de conscience, de compassion et de cr\u00e9ativit\u00e9, o\u00f9 chacun peut exp\u00e9rimenter un voyage transformateur. \u00c0 travers la m\u00e9ditation, le coaching g\u00e9n\u00e9ratif personnalis\u00e9, de la th\u00e9rapie, m\u00e9diumnit\u00e9,&#8230; des ateliers et formations, des contenus instructifs, ainsi qu\u2019une vaste gamme d\u2019approches telles que la PNL, la Gestalt-th\u00e9rapie et l&rsquo;art th\u00e9rapie, l&rsquo;hypnose, les m\u00e9ditations actives d\u2019Osho, la num\u00e9rologie \u00e0 22 chifres, Reiki, l&rsquo;allimantation vivante, &#8230; nous accompagnons nos participants vers une vie plus consciente, plus libre, plus aimante et plus cr\u00e9ative.<\/p>\n\n\n\n<p><strong>Notre mission est de vous accompagner dans :<\/strong><\/p>\n\n\n\n<ul class=\"wp-block-list\">\n<li>La r\u00e9v\u00e9lation de votre identit\u00e9 profonde,<\/li>\n\n\n\n<li>Le d\u00e9veloppement de votre libert\u00e9 int\u00e9rieure, qu\u2019elle soit \u00e9nerg\u00e9tique, psychologique, affective ou mat\u00e9rielle.<\/li>\n\n\n\n<li>La lib\u00e9ration des blocages internes et des traumatismes majeurs.<\/li>\n\n\n\n<li>L\u2019incarnation d\u2019un leadership authentique, porteur de sens et respectueux du vivant.<\/li>\n\n\n\n<li>L&rsquo;accompagnement pour la r\u00e9ussite de vos projets entrepreneuriaux professionel et priv\u00e9, qu\u2019il s\u2019agisse de votre cari\u00e8re, vie de couple, d\u2019initiatives personnelles, de mouvements politiques ou d\u2019entreprises.<\/li>\n<\/ul>\n\n\n\n<p>Nous croyons que chaque individu rec\u00e8le un potentiel immense pour s\u2019\u00e9panouir et vivre en harmonie. \u00c0 travers une exp\u00e9rience directe, personnelle et active, nous vous aidons \u00e0 vous r\u00e9aligner, \u00e0 vous reconnecter \u00e0 votre v\u00e9ritable essence et \u00e0 cr\u00e9er le monde auquel vous aspirez.<\/p>\n\n\n\n<h3 class=\"wp-block-heading\"><strong>Rencontrez Aurika Ursu<\/strong><\/h3>\n\n\n\n<p>Fondatrice d\u2019Awareness University et d\u2019Uni\u2013Gen\u00e8ve, devenus aujourd\u2019hui&nbsp;<strong>C\u0153ur Vibrant<\/strong>.<\/p>\n\n\n\n<p>Aurika est Coach en leadership ex\u00e9cutif, Th\u00e9rapeute, Art-th\u00e9rapeute, En\u00e9rg\u00e9ticienne, Accompagnatrice en pratiques m\u00e9ditatives et Formatrice FSEA.<\/p>\n\n\n\n<p>Elle est sp\u00e9cialiste du d\u00e9veloppement de la r\u00e9silience, de l\u2019identit\u00e9 et du leadership authentique<\/p>\n\n\n\n<figure class=\"wp-block-gallery has-nested-images columns-default is-cropped wp-block-gallery-1 is-layout-flex wp-block-gallery-is-layout-flex\">\n<figure class=\"wp-block-image size-large\"><img loading=\"lazy\" decoding=\"async\" width=\"1024\" height=\"686\" data-id=\"1117\" src=\"https:\/\/awarenessuniversity.ch\/wp-content\/uploads\/2021\/10\/aurika-sourir--1024x686.jpg\" alt=\"\" class=\"wp-image-1117\" srcset=\"https:\/\/awarenessuniversity.ch\/wp-content\/uploads\/2021\/10\/aurika-sourir--1024x686.jpg 1024w, https:\/\/awarenessuniversity.ch\/wp-content\/uploads\/2021\/10\/aurika-sourir--300x201.jpg 300w, https:\/\/awarenessuniversity.ch\/wp-content\/uploads\/2021\/10\/aurika-sourir--768x514.jpg 768w, https:\/\/awarenessuniversity.ch\/wp-content\/uploads\/2021\/10\/aurika-sourir--1080x723.jpg 1080w, https:\/\/awarenessuniversity.ch\/wp-content\/uploads\/2021\/10\/aurika-sourir--980x656.jpg 980w, https:\/\/awarenessuniversity.ch\/wp-content\/uploads\/2021\/10\/aurika-sourir--480x321.jpg 480w, https:\/\/awarenessuniversity.ch\/wp-content\/uploads\/2021\/10\/aurika-sourir-.jpg 1280w\" sizes=\"auto, (max-width: 1024px) 100vw, 1024px\" \/><\/figure>\n<\/figure>\n\n\n\n<p><\/p>\n\n\n\n<div class=\"wp-block-group\"><div class=\"wp-block-group__inner-container is-layout-constrained wp-block-group-is-layout-constrained\"><\/div><\/div>\n\n\n\n<p class=\"has-text-align-left\"><\/p>\n","protected":false},"excerpt":{"rendered":"<p>Bienvenue sur le site d\u2019Awareness University, Chez Awareness University, nous offrons un espace unique de conscience, de compassion et de cr\u00e9ativit\u00e9, o\u00f9 chacun peut exp\u00e9rimenter un voyage transformateur. \u00c0 travers la m\u00e9ditation, le coaching g\u00e9n\u00e9ratif personnalis\u00e9, de la th\u00e9rapie, m\u00e9diumnit\u00e9,&#8230; <a class=\"more-link\" href=\"https:\/\/awarenessuniversity.ch\/index.php\/a-la-une\/\">Lire plus &#8230;<\/a><\/p>\n","protected":false},"author":1,"featured_media":0,"parent":0,"menu_order":0,"comment_status":"closed","ping_status":"closed","template":"","meta":{"footnotes":""},"class_list":["post-1219","page","type-page","status-publish","hentry"],"_links":{"self":[{"href":"https:\/\/awarenessuniversity.ch\/index.php\/wp-json\/wp\/v2\/pages\/1219","targetHints":{"allow":["GET"]}}],"collection":[{"href":"https:\/\/awarenessuniversity.ch\/index.php\/wp-json\/wp\/v2\/pages"}],"about":[{"href":"https:\/\/awarenessuniversity.ch\/index.php\/wp-json\/wp\/v2\/types\/page"}],"author":[{"embeddable":true,"href":"https:\/\/awarenessuniversity.ch\/index.php\/wp-json\/wp\/v2\/users\/1"}],"replies":[{"embeddable":true,"href":"https:\/\/awarenessuniversity.ch\/index.php\/wp-json\/wp\/v2\/comments?post=1219"}],"version-history":[{"count":82,"href":"https:\/\/awarenessuniversity.ch\/index.php\/wp-json\/wp\/v2\/pages\/1219\/revisions"}],"predecessor-version":[{"id":2828,"href":"https:\/\/awarenessuniversity.ch\/index.php\/wp-json\/wp\/v2\/pages\/1219\/revisions\/2828"}],"wp:attachment":[{"href":"https:\/\/awarenessuniversity.ch\/index.php\/wp-json\/wp\/v2\/media?parent=1219"}],"curies":[{"name":"wp","href":"https:\/\/api.w.org\/{rel}","templated":true}]}}